{"id":34204,"date":"2021-09-14T11:04:31","date_gmt":"2021-09-14T08:04:31","guid":{"rendered":"https:\/\/totalblue.ro\/?post_type=product&#038;p=34204"},"modified":"2024-02-13T11:54:47","modified_gmt":"2024-02-13T09:54:47","slug":"perfektes-toilettenpapier-mit-pfirsichgeschmack-10-rollen-3lagig","status":"publish","type":"product","link":"https:\/\/totalblue.ro\/de\/produs\/perfex-hartie-igienica-cu-aroma-de-piersica-10-role-3-straturi\/","title":{"rendered":"Perfex Toilettenpapier mit Pfirsichgeschmack 10 Rollen 3lagig"},"content":{"rendered":"<p>Perfex 3 Lagen Pfirsich Toilettenpapier ist aus Zellstoff, fein und samtig, wei\u00df, portioniert und bedruckt.<\/p>\n<p>Toilettenpapier mit Pfirsichgeschmack.<br \/>\nWeiche und sanfte Ber\u00fchrung.<br \/>\nPerfex parf\u00fcmiertes Toilettenpapier, pfirsichfarben, 3-lagig, 10 Rollen\/Set, 117 Blatt.<br \/>\nDie dicke und kompakte dreilagige wei\u00dfe Papierrolle ist gleicherma\u00dfen weich und widerstandsf\u00e4hig, f\u00fcr eine nat\u00fcrliche Pflege.<\/p>\n<p>Marke: Perfex<\/p>\n<p>Typ: Trockenes Toilettenpapier<\/p>\n<p>Geschmack: Pfirsich<\/p>\n<p>Farbe: wei\u00df<\/p>\n<p><span class=\"col-md-6 col-sm-6 col-xs-12\">Menge \/ Packung: enth\u00e4lt 1<\/span><span class=\"col-md-6 col-sm-6 col-xs-12\">0 Rolle<\/span><\/p>","protected":false},"excerpt":{"rendered":"<p>Perfex 3 Lagen Pfirsich Toilettenpapier ist aus Zellstoff, fein und samtig, wei\u00df, portioniert und bedruckt.<\/p>","protected":false},"featured_media":34205,"comment_status":"open","ping_status":"closed","template":"","meta":{"_acf_changed":false,"_seopress_robots_primary_cat":"1525","_seopress_titles_title":"Perfex Hartie igienica cu aroma de piersica 10 role 3 straturi, Hartie igienica Perfex","_seopress_titles_desc":"Profita si cumpara acum online Perfex Hartie igienica cu aroma de piersica 10 role 3 straturi, hartie igienica cu oiersica ieftina. Livrare rapida hartie igienica.","_seopress_robots_index":""},"product_brand":[2629],"product_cat":[1348,1525],"giftcard-category":[],"class_list":{"0":"post-34204","1":"product","2":"type-product","3":"status-publish","4":"has-post-thumbnail","6":"product_brand-perfex","7":"product_cat-casa-si-bricolaj","8":"product_cat-hartie-igienica-servetele","10":"first","11":"outofstock","12":"taxable","13":"shipping-taxable","14":"purchasable","15":"product-type-simple"},"acf":[],"_links":{"self":[{"href":"https:\/\/totalblue.ro\/de\/wp-json\/wp\/v2\/product\/34204","targetHints":{"allow":["GET"]}}],"collection":[{"href":"https:\/\/totalblue.ro\/de\/wp-json\/wp\/v2\/product"}],"about":[{"href":"https:\/\/totalblue.ro\/de\/wp-json\/wp\/v2\/types\/product"}],"replies":[{"embeddable":true,"href":"https:\/\/totalblue.ro\/de\/wp-json\/wp\/v2\/comments?post=34204"}],"wp:featuredmedia":[{"embeddable":true,"href":"https:\/\/totalblue.ro\/de\/wp-json\/wp\/v2\/media\/34205"}],"wp:attachment":[{"href":"https:\/\/totalblue.ro\/de\/wp-json\/wp\/v2\/media?parent=34204"}],"wp:term":[{"taxonomy":"product_brand","embeddable":true,"href":"https:\/\/totalblue.ro\/de\/wp-json\/wp\/v2\/product_brand?post=34204"},{"taxonomy":"product_cat","embeddable":true,"href":"https:\/\/totalblue.ro\/de\/wp-json\/wp\/v2\/product_cat?post=34204"},{"taxonomy":"giftcard-category","embeddable":true,"href":"https:\/\/totalblue.ro\/de\/wp-json\/wp\/v2\/giftcard-category?post=34204"}],"curies":[{"name":"wp","href":"https:\/\/api.w.org\/{rel}","templated":true}]}}