{"id":34416,"date":"2021-09-17T16:30:55","date_gmt":"2021-09-17T13:30:55","guid":{"rendered":"https:\/\/totalblue.ro\/?post_type=product&#038;p=34416"},"modified":"2025-08-06T15:56:22","modified_gmt":"2025-08-06T12:56:22","slug":"maggi-sos-crema-rulade-2x250ml","status":"publish","type":"product","link":"https:\/\/totalblue.ro\/de\/produs\/maggi-sos-crema-rulade-2x250ml\/","title":{"rendered":"Maggi Sos crema rulada 2x250ml"},"content":{"rendered":"<p><strong>Maggi Sos crema rulade 2x250ml<br \/>\n<\/strong>Contine: 1 pachet 500 ml, 2 x 0,250ml<\/p>\n<p><strong>Zutat<\/strong>: amidon, extract de drojdie, sare iodata, zahar, faina de grau, grasime de palmier, arome (cu orz, ulei de telina, ulei de mustar), grasime de slanin\u0103 afumata (slanina, fum), 2,3% ceapa, telina, ierburi (patrunjel, dafin frunze, cimbru), condimente, 0,9% morcovi, maltodextrina, acid citric acidifiant. Poate con\u021bine oua, lapte, mustar si soia.<br \/>\n<strong>Allergene:<\/strong> contine gluten, telina, mustar si produse de mustar.<br \/>\nAn einem k\u00fchlen, trockenen Ort aufbewahren.<br \/>\n<strong>Ern\u00e4hrung:<br \/>\n<\/strong>N\u00e4hrwertangaben \/ 100 g:<br \/>\nEnergie 113 kJ \/ 27 kcal<br \/>\nGrasimi 0.3 g din care acizi grasi saturati 0.1 g<br \/>\nGlucide 5.1 g din care zaharuri 0.8 g<br \/>\nFibre alimentare 0,1 g<br \/>\nAlbus de ou 0.8 g<br \/>\nSalz 1,1 g<strong><br \/>\n<\/strong>MAGGI GmbH 60528 Frankfurt \/ Main Made in GERMANY<br \/>\nEinf\u00fchrer und H\u00e4ndler Total Blue Impex SRL<\/p>\n<p>Retetele produselor se pot schimba. Informa\u021biile furnizate aici se refera la gama germana valabila \u00een prezent \u0219i sunt actualizate periodic. In cazul modificarilor retetei, produsele cu reteta veche \u0219i cea noua pot fi gasite \u00een magazine. Prin urmare, cumparatorul trebuie sa citeasca cu aten\u021bie toate informa\u021biile de pe ambalaj. Acest lucru se aplic\u0103 \u00een special listei de ingrediente pentru a lua \u00een considerare intoleran\u021bele.<strong><br \/>\n<\/strong><\/p>","protected":false},"excerpt":{"rendered":"<p>Maggi Sos crema rulade 2x250ml<\/p>","protected":false},"featured_media":61381,"comment_status":"open","ping_status":"closed","template":"","meta":{"_acf_changed":false,"_seopress_robots_primary_cat":"none","_seopress_titles_title":"","_seopress_titles_desc":"","_seopress_robots_index":""},"product_brand":[1869],"product_cat":[1555,3380,3280,1950,1767],"giftcard-category":[],"class_list":{"0":"post-34416","1":"product","2":"type-product","3":"status-publish","4":"has-post-thumbnail","6":"product_brand-maggi","7":"product_cat-bacanie","8":"product_cat-condimente-sosuri-produse-germania","9":"product_cat-condimente-sosuri","10":"product_cat-produse-germania","11":"product_cat-produse-olanda","13":"first","14":"outofstock","15":"taxable","16":"shipping-taxable","17":"purchasable","18":"product-type-simple"},"acf":[],"_links":{"self":[{"href":"https:\/\/totalblue.ro\/de\/wp-json\/wp\/v2\/product\/34416","targetHints":{"allow":["GET"]}}],"collection":[{"href":"https:\/\/totalblue.ro\/de\/wp-json\/wp\/v2\/product"}],"about":[{"href":"https:\/\/totalblue.ro\/de\/wp-json\/wp\/v2\/types\/product"}],"replies":[{"embeddable":true,"href":"https:\/\/totalblue.ro\/de\/wp-json\/wp\/v2\/comments?post=34416"}],"wp:featuredmedia":[{"embeddable":true,"href":"https:\/\/totalblue.ro\/de\/wp-json\/wp\/v2\/media\/61381"}],"wp:attachment":[{"href":"https:\/\/totalblue.ro\/de\/wp-json\/wp\/v2\/media?parent=34416"}],"wp:term":[{"taxonomy":"product_brand","embeddable":true,"href":"https:\/\/totalblue.ro\/de\/wp-json\/wp\/v2\/product_brand?post=34416"},{"taxonomy":"product_cat","embeddable":true,"href":"https:\/\/totalblue.ro\/de\/wp-json\/wp\/v2\/product_cat?post=34416"},{"taxonomy":"giftcard-category","embeddable":true,"href":"https:\/\/totalblue.ro\/de\/wp-json\/wp\/v2\/giftcard-category?post=34416"}],"curies":[{"name":"wp","href":"https:\/\/api.w.org\/{rel}","templated":true}]}}