{"id":34548,"date":"2021-09-22T14:08:08","date_gmt":"2021-09-22T11:08:08","guid":{"rendered":"https:\/\/totalblue.ro\/?post_type=product&#038;p=34548"},"modified":"2024-11-28T23:18:03","modified_gmt":"2024-11-28T21:18:03","slug":"bolletje-kruidnoten-lebkuchen-mini-500g","status":"publish","type":"product","link":"https:\/\/totalblue.ro\/de\/produs\/bolletje-kruidnoten-turta-dulce-mini-500g\/","title":{"rendered":"Bolletje Kruidnoten - Mini-Lebkuchen 500g"},"content":{"rendered":"<p>Wir sind bereit f\u00fcr Sinterklaas!<\/p>\n<p>Bolletje Kruidnoten - Mini-Lebkuchen 500g<br \/>\nDie Original Bolletje Kruidnoten Kruidnoten werden schon seit Jahren nach einem Geheimrezept hergestellt! Original Bolletje Kruidnoten sind die leckersten!<br \/>\nBeschreibung: runde Lebkuchenst\u00fccke<br \/>\nInhalt und Gewicht: Beutel, 500 g.<br \/>\n<strong>Inhaltsstoff :<\/strong> Weizensoja, Zucker, pflanzliche \u00d6le (Palm, R\u00fcbe), Glukose-Fruktose-Sirup, Lebkuchengew\u00fcrz (enth\u00e4lt Zimt), Backtriebmittel (E500, E450), gebrannter Zucker, Salz, Emulgator (Sojalecithin). Hergestellt in einer B\u00e4ckerei, die auch andere Produkte verarbeitet, die Gluten, Eier, Milch, Erdn\u00fcsse, Baumn\u00fcsse und Sesam enthalten k\u00f6nnen.<br \/>\n<strong>Allergene:<\/strong> Enth\u00e4lt glutenhaltiges Getreide, Weizen, Soja. Kann enthalten: Eier, Erdn\u00fcsse, Milch, N\u00fcsse, Sesamsamen<br \/>\nLagerung: An einem dunklen und trockenen Ort aufbewahren. Halten Sie den Beutel nach dem \u00d6ffnen geschlossen.<\/p>\n<p><strong>N\u00e4hrwertangaben\/100g:<\/strong><br \/>\nEnergie 1855 kJ (440 kcal)<br \/>\nFett 11 g, davon ges\u00e4ttigt 5,1 g<br \/>\nKohlenhydrate 77 g, davon Zucker 32 g<br \/>\nBallaststoffe 2,6 g<br \/>\nEiwei\u00df 6,4 g<br \/>\nSalz 1,6 g<\/p>\n<p>Hergestellt von Bolletje Consumentenservice, Antwoordnummer 106, 7600 VB Almelo, Nederland<br \/>\nEinf\u00fchrer und H\u00e4ndler Total Blue Impex SRL<\/p>","protected":false},"excerpt":{"rendered":"<p>Bolletje Kruidnoten - Mini-Lebkuchen 500g<\/p>","protected":false},"featured_media":100482,"comment_status":"open","ping_status":"closed","template":"","meta":{"_acf_changed":false,"_seopress_robots_primary_cat":"none","_seopress_titles_title":"","_seopress_titles_desc":"","_seopress_robots_index":""},"product_brand":[2017],"product_cat":[1555,3296,3338,1767],"giftcard-category":[],"class_list":{"0":"post-34548","1":"product","2":"type-product","3":"status-publish","4":"has-post-thumbnail","6":"product_brand-bolletje","7":"product_cat-bacanie","8":"product_cat-brutarie-patiserie","9":"product_cat-dulciuri-snacksuri","10":"product_cat-produse-olanda","12":"first","13":"outofstock","14":"taxable","15":"shipping-taxable","16":"purchasable","17":"product-type-simple"},"acf":[],"_links":{"self":[{"href":"https:\/\/totalblue.ro\/de\/wp-json\/wp\/v2\/product\/34548","targetHints":{"allow":["GET"]}}],"collection":[{"href":"https:\/\/totalblue.ro\/de\/wp-json\/wp\/v2\/product"}],"about":[{"href":"https:\/\/totalblue.ro\/de\/wp-json\/wp\/v2\/types\/product"}],"replies":[{"embeddable":true,"href":"https:\/\/totalblue.ro\/de\/wp-json\/wp\/v2\/comments?post=34548"}],"wp:featuredmedia":[{"embeddable":true,"href":"https:\/\/totalblue.ro\/de\/wp-json\/wp\/v2\/media\/100482"}],"wp:attachment":[{"href":"https:\/\/totalblue.ro\/de\/wp-json\/wp\/v2\/media?parent=34548"}],"wp:term":[{"taxonomy":"product_brand","embeddable":true,"href":"https:\/\/totalblue.ro\/de\/wp-json\/wp\/v2\/product_brand?post=34548"},{"taxonomy":"product_cat","embeddable":true,"href":"https:\/\/totalblue.ro\/de\/wp-json\/wp\/v2\/product_cat?post=34548"},{"taxonomy":"giftcard-category","embeddable":true,"href":"https:\/\/totalblue.ro\/de\/wp-json\/wp\/v2\/giftcard-category?post=34548"}],"curies":[{"name":"wp","href":"https:\/\/api.w.org\/{rel}","templated":true}]}}