{"id":34552,"date":"2021-09-22T14:19:58","date_gmt":"2021-09-22T11:19:58","guid":{"rendered":"https:\/\/totalblue.ro\/?post_type=product&#038;p=34552"},"modified":"2023-11-14T19:27:57","modified_gmt":"2023-11-14T17:27:57","slug":"bolletje-gemengde-chocolade-mini-lebkuchen-in-schokolade-verpackt-250g","status":"publish","type":"product","link":"https:\/\/totalblue.ro\/de\/produs\/bolletje-gemengde-chocolade-turta-dulce-mini-invelita-in-ciocolata-250g\/","title":{"rendered":"Bolletje Gemengde Chocolade - Mini-Lebkuchen in Schokolade verpackt 250g"},"content":{"rendered":"<p>Wir sind bereit f\u00fcr Sinterklaas!<\/p>\n<p>Mit Bolletje-Lebkuchen schmeckt alles noch besser, vor allem, wenn er in Schokolade eingewickelt ist!<br \/>\nDie B\u00e4cker haben die leckerste wei\u00dfe Schokolade, dunkle Schokolade und Milchschokolade f\u00fcr Bolletje kruidnoten ausgew\u00e4hlt!<br \/>\nEnth\u00e4lt UTZ-zertifizierten Kakao.<br \/>\nBeschreibung: Kruidnoten-Bolletje, umh\u00fcllt von einer Schicht wei\u00dfer, dunkler oder Milchschokolade.<br \/>\n<strong>Inhaltsstoff :<\/strong> Wei\u00dfe Schokolade, dunkle Schokolade und Milchschokolade 45% 45% (Zucker, Kakaobutter, Kakaomasse, Vollmilchpulver, Molkenpulver (Milch), Milchzucker, Magermilchpulver, Emulgator (Sojalecithin), nat\u00fcrliches Aroma), Weizenmehl, Zucker, pflanzliche \u00d6le (Palm, R\u00fcbe), Glukose-Fruktose-Sirup, Gew\u00fcrzn\u00fcsse (enth\u00e4lt Zimt), Backtriebmittel (E500), gebrannter Zucker, Salz, Emulgator (Sojalecithin), Trennmittel (E414). Kann Spuren von anderen glutenhaltigen Getreidesorten, Erdn\u00fcssen und N\u00fcssen enthalten.<br \/>\n<strong>Allergene:<\/strong>Enth\u00e4lt glutenhaltiges Getreide, Weizen, Soja und Milch. Kann enthalten: Erdn\u00fcsse, N\u00fcsse<br \/>\nLagerung: An einem dunklen und trockenen Ort aufbewahren. Vor Hitze sch\u00fctzen. Beutel nach dem \u00d6ffnen geschlossen halten.<\/p>\n<p><strong>N\u00e4hrwertangaben\/100g:<\/strong><br \/>\nEnergie 2029 kJ (484 kcal)<br \/>\nFett 20 g, davon ges\u00e4ttigtes Fett 11 g<br \/>\nKohlenhydrate 69 g, davon Zucker 43 g<br \/>\nBallaststoffe 2,9 g<br \/>\nEiwei\u00df 5,7 g<br \/>\nSalz 0,78 g<\/p>\n<p>Hergestellt von Bolletje Consumentenservice, Antwoordnummer 106, 7600 VB Almelo, Nederland<br \/>\nEinf\u00fchrer und H\u00e4ndler Total Blue Impex SRL<\/p>","protected":false},"excerpt":{"rendered":"<p>Bolletje Gemengde Chocolade - Mini-Lebkuchen in Schokolade verpackt 250g<\/p>","protected":false},"featured_media":100478,"comment_status":"open","ping_status":"closed","template":"","meta":{"_acf_changed":false,"_seopress_robots_primary_cat":"none","_seopress_titles_title":"","_seopress_titles_desc":"","_seopress_robots_index":""},"product_brand":[2017],"product_cat":[1555,3296,3338,7021,1767],"giftcard-category":[],"class_list":{"0":"post-34552","1":"product","2":"type-product","3":"status-publish","4":"has-post-thumbnail","6":"product_brand-bolletje","7":"product_cat-bacanie","8":"product_cat-brutarie-patiserie","9":"product_cat-dulciuri-snacksuri","10":"product_cat-dulciuri-snacks","11":"product_cat-produse-olanda","13":"first","14":"outofstock","15":"taxable","16":"shipping-taxable","17":"purchasable","18":"product-type-simple"},"acf":[],"_links":{"self":[{"href":"https:\/\/totalblue.ro\/de\/wp-json\/wp\/v2\/product\/34552","targetHints":{"allow":["GET"]}}],"collection":[{"href":"https:\/\/totalblue.ro\/de\/wp-json\/wp\/v2\/product"}],"about":[{"href":"https:\/\/totalblue.ro\/de\/wp-json\/wp\/v2\/types\/product"}],"replies":[{"embeddable":true,"href":"https:\/\/totalblue.ro\/de\/wp-json\/wp\/v2\/comments?post=34552"}],"wp:featuredmedia":[{"embeddable":true,"href":"https:\/\/totalblue.ro\/de\/wp-json\/wp\/v2\/media\/100478"}],"wp:attachment":[{"href":"https:\/\/totalblue.ro\/de\/wp-json\/wp\/v2\/media?parent=34552"}],"wp:term":[{"taxonomy":"product_brand","embeddable":true,"href":"https:\/\/totalblue.ro\/de\/wp-json\/wp\/v2\/product_brand?post=34552"},{"taxonomy":"product_cat","embeddable":true,"href":"https:\/\/totalblue.ro\/de\/wp-json\/wp\/v2\/product_cat?post=34552"},{"taxonomy":"giftcard-category","embeddable":true,"href":"https:\/\/totalblue.ro\/de\/wp-json\/wp\/v2\/giftcard-category?post=34552"}],"curies":[{"name":"wp","href":"https:\/\/api.w.org\/{rel}","templated":true}]}}