{"id":34594,"date":"2021-09-22T16:49:10","date_gmt":"2021-09-22T13:49:10","guid":{"rendered":"https:\/\/totalblue.ro\/?post_type=product&#038;p=34594"},"modified":"2025-10-06T14:57:35","modified_gmt":"2025-10-06T11:57:35","slug":"aviatur-gevulde-speculaas-240-g","status":"publish","type":"product","link":"https:\/\/totalblue.ro\/de\/produs\/aviatur-gevulde-speculaas-240-g\/","title":{"rendered":"Aviateur gevulde speculaas - Lebkuchen 240 g"},"content":{"rendered":"<p>Inhaltsstoff : <span class=\"HwtZe\" lang=\"ro\"><span class=\"jCAhz ChMk0b\"><span class=\"ryNqvb\">Zucker, Weizenmehl, Sojabohnen, pflanzliche \u00d6le (Palm, Raps, Kokos), modifizierte Kartoffelst\u00e4rke, Glukose-Fruktose-Sirup, Lebkuchengew\u00fcrz (enth\u00e4lt Koriander), Dextrose, Backtriebmittel (E450, E500, E508), Stabilisator (Sorbit), Verdickungsmittel (Guarkernmehl, Pektin), Salz, Farbstoff (Karamell),<\/span><\/span> <span class=\"jCAhz ChMk0b\"><span class=\"ryNqvb\">Aprikosenkerne, Emulgator (Sojalecithin), Milcheiwei\u00df, Invertzucker, Laktose, Aroma (enth\u00e4lt Milch)<\/span><\/span><\/span><\/p>\n<div class=\"lRu31\" dir=\"ltr\">\n<div class=\"OvtS8d\">N\u00e4hrwertangaben \/ 100 g:<br \/>\nEnergie: 1642 kJ\/392 kcal<br \/>\nFett: 13,8 g, davon ges\u00e4ttigte Fetts\u00e4uren: 5,4 g<br \/>\nKohlenhydrate 61,7 g oder davon Zucker 39,5 g<br \/>\nBallaststoffe: 1,6 g<br \/>\nEiwei\u00df: 4,9 g<br \/>\nSalz: 0,89 g<\/div>\n<\/div>\n<p>Wir sind bereit f\u00fcr Sinterklaas!<\/p>\n<p>Aviateur gevulde speculaas 240 g<\/p>\n<p>Hergestellt in den Niederlanden von Aviateur Banketbakkerijen B.V., Vreekesweid 2,1721 PR Broek op Langedijk<br \/>\nEinf\u00fchrer und H\u00e4ndler Total Blue Impex SRL<\/p>","protected":false},"excerpt":{"rendered":"<p>Aviateur gevulde speculaas 240 g<\/p>","protected":false},"featured_media":34595,"comment_status":"open","ping_status":"closed","template":"","meta":{"_acf_changed":false,"_seopress_robots_primary_cat":"1767","_seopress_titles_title":"Prajitura Aviatur gevulde speculaas, turta dulce olandeza","_seopress_titles_desc":"Market olandez cu Prajitura Aviatur gevulde speculaas, turta dulce olandeza, magazin cu Aviatur gevulde speculaas, delicii olandeze.","_seopress_robots_index":""},"product_brand":[2065],"product_cat":[1555,3338,7021,1767],"giftcard-category":[],"class_list":{"0":"post-34594","1":"product","2":"type-product","3":"status-publish","4":"has-post-thumbnail","6":"product_brand-aviateur","7":"product_cat-bacanie","8":"product_cat-dulciuri-snacksuri","9":"product_cat-dulciuri-snacks","10":"product_cat-produse-olanda","12":"first","13":"outofstock","14":"taxable","15":"shipping-taxable","16":"purchasable","17":"product-type-simple"},"acf":[],"_links":{"self":[{"href":"https:\/\/totalblue.ro\/de\/wp-json\/wp\/v2\/product\/34594","targetHints":{"allow":["GET"]}}],"collection":[{"href":"https:\/\/totalblue.ro\/de\/wp-json\/wp\/v2\/product"}],"about":[{"href":"https:\/\/totalblue.ro\/de\/wp-json\/wp\/v2\/types\/product"}],"replies":[{"embeddable":true,"href":"https:\/\/totalblue.ro\/de\/wp-json\/wp\/v2\/comments?post=34594"}],"wp:featuredmedia":[{"embeddable":true,"href":"https:\/\/totalblue.ro\/de\/wp-json\/wp\/v2\/media\/34595"}],"wp:attachment":[{"href":"https:\/\/totalblue.ro\/de\/wp-json\/wp\/v2\/media?parent=34594"}],"wp:term":[{"taxonomy":"product_brand","embeddable":true,"href":"https:\/\/totalblue.ro\/de\/wp-json\/wp\/v2\/product_brand?post=34594"},{"taxonomy":"product_cat","embeddable":true,"href":"https:\/\/totalblue.ro\/de\/wp-json\/wp\/v2\/product_cat?post=34594"},{"taxonomy":"giftcard-category","embeddable":true,"href":"https:\/\/totalblue.ro\/de\/wp-json\/wp\/v2\/giftcard-category?post=34594"}],"curies":[{"name":"wp","href":"https:\/\/api.w.org\/{rel}","templated":true}]}}