{"id":35545,"date":"2021-10-07T16:29:08","date_gmt":"2021-10-07T13:29:08","guid":{"rendered":"https:\/\/totalblue.ro\/?post_type=product&#038;p=35545"},"modified":"2025-08-05T14:23:28","modified_gmt":"2025-08-05T11:23:28","slug":"condimente-conimex-mix-mihoen-speciaal-43-g","status":"publish","type":"product","link":"https:\/\/totalblue.ro\/de\/produs\/condimente-conimex-mix-mihoen-speciaal-43-g\/","title":{"rendered":"Condimente Conimex Mix Mihoen Speciaal 43 g"},"content":{"rendered":"<p>Condimente Conimex Mix Mihoen Speciaal 43 g<\/p>\n<p>Timp aproximativ de gatire 30 minute.<br \/>\nRecomandat pentru 3-4 persoane.<\/p>\n<p>1 Cutie contine 1 plic amestec condimente, 1 plic amestec marinata.<\/p>\n<p>Conimex bezieht seit 1932 k\u00f6stliche authentische orientalische Aromen aus den Niederlanden und hat sich im Laufe der Jahre zu einer bekannten Marke mit einem inspirierenden Sortiment von \u00fcber 150 Produkten entwickelt. Viele der Rohstoffe werden direkt aus L\u00e4ndern des Fernen Ostens wie Indonesien, China und Thailand importiert. Mit den Produkten von Conimex k\u00f6nnen Sie in nur wenigen Schritten ein gro\u00dfartiges Gericht mit k\u00f6stlichen orientalischen Aromen zubereiten.<\/p>\n<p><strong>Inhaltsstoff:<\/strong>Amestec de condimente: legume (morcov, mazare, porumb, ceapa), sare, zahar, curry, coriandru, dextroza, aroma naturala, curcuma, praf de sos de soia (sare, faina de grau, soie), amidon de cartofi, usturoi, ghimbir, extract de drojdie (contine orz), seminte de chimen, anason, ulei de rapita, piper Cayenne, scortisoara. Amestec de marinata: amidon de cartofi, dextroza, ghimbir, extract de drojdie (con\u021bine orz), arom\u0103 naturala, zahar, boia de praf de boia, usturoi, seminte de chimen, piper, ulei de rapita, anason, scortisoara, cuisoare, acid: acid citric. Oua, lapte, telina, mustar.<\/p>\n<p><strong>Allergene:<\/strong> Contine faina de grau, soia, orz.<\/p>\n<p>Depozitare: A se pastra la loc uscat si la temperatura camerei. A se consuma inainte de data inscriptionata pe ambalaj.<\/p>\n<p><strong>Ern\u00e4hrung:<\/strong><br \/>\nEnergie 136 kcal<br \/>\nProteine \u200b\u200b5,9 g<br \/>\nCarbohidrati 13 g<br \/>\nZahar 1,9 g<br \/>\nGrasimi 6,4 g din care grasimi saturate 1,9 g<br \/>\nSare 0,75 g<\/p>\n<p>Unilever Nederland, Conimex, Postbus 160 3000 AD Rotterdam, The Netherlands<br \/>\nEinf\u00fchrer und H\u00e4ndler Total Blue Impex SRL<\/p>","protected":false},"excerpt":{"rendered":"<p>Condimente Conimex Mix Mihoen Speciaal 43 g Timp aproximativ de gatire 30 minute. Recomandat pentru 3-4 persoane. 1 Cutie contine 1 plic amestec condimente, 1 plic amestec marinata. Conimex asigura aromele orientale autentice delicioase din Tarile de Jos inca din 1932 si a crescut de-a lungul anilor intr-un brand bine-cunoscut, cu o gama inspirata compusa [&#8230;]\n","protected":false},"featured_media":35547,"comment_status":"open","ping_status":"closed","template":"","meta":{"_acf_changed":false,"_seopress_robots_primary_cat":"none","_seopress_titles_title":"Condimente, specialitati olandeze, condimente Conimex Mihoen","_seopress_titles_desc":"Comanda online cu livrare rapida Condimente, specialitati olandeze, condimente Conimex Mihoen. \r\nMagazin condimente olandeze Conimex Mihoen","_seopress_robots_index":""},"product_brand":[1949],"product_cat":[1555,1451,3280,17494,1767],"giftcard-category":[],"class_list":{"0":"post-35545","1":"product","2":"type-product","3":"status-publish","4":"has-post-thumbnail","6":"product_brand-conimex","7":"product_cat-bacanie","8":"product_cat-condimente-produse-instant","9":"product_cat-condimente-sosuri","10":"product_cat-influente-asiatice","11":"product_cat-produse-olanda","13":"first","14":"outofstock","15":"taxable","16":"shipping-taxable","17":"purchasable","18":"product-type-simple"},"acf":[],"_links":{"self":[{"href":"https:\/\/totalblue.ro\/de\/wp-json\/wp\/v2\/product\/35545","targetHints":{"allow":["GET"]}}],"collection":[{"href":"https:\/\/totalblue.ro\/de\/wp-json\/wp\/v2\/product"}],"about":[{"href":"https:\/\/totalblue.ro\/de\/wp-json\/wp\/v2\/types\/product"}],"replies":[{"embeddable":true,"href":"https:\/\/totalblue.ro\/de\/wp-json\/wp\/v2\/comments?post=35545"}],"wp:featuredmedia":[{"embeddable":true,"href":"https:\/\/totalblue.ro\/de\/wp-json\/wp\/v2\/media\/35547"}],"wp:attachment":[{"href":"https:\/\/totalblue.ro\/de\/wp-json\/wp\/v2\/media?parent=35545"}],"wp:term":[{"taxonomy":"product_brand","embeddable":true,"href":"https:\/\/totalblue.ro\/de\/wp-json\/wp\/v2\/product_brand?post=35545"},{"taxonomy":"product_cat","embeddable":true,"href":"https:\/\/totalblue.ro\/de\/wp-json\/wp\/v2\/product_cat?post=35545"},{"taxonomy":"giftcard-category","embeddable":true,"href":"https:\/\/totalblue.ro\/de\/wp-json\/wp\/v2\/giftcard-category?post=35545"}],"curies":[{"name":"wp","href":"https:\/\/api.w.org\/{rel}","templated":true}]}}