{"id":35845,"date":"2021-10-13T16:50:51","date_gmt":"2021-10-13T13:50:51","guid":{"rendered":"https:\/\/totalblue.ro\/?post_type=product&#038;p=35845"},"modified":"2026-03-05T10:21:12","modified_gmt":"2026-03-05T08:21:12","slug":"heinz-sandwich-cream-spread-mit-gartengemuse-300-g","status":"publish","type":"product","link":"https:\/\/totalblue.ro\/de\/produs\/heinz-sandwich-crema-tartinabila-cu-verdeata-de-gradina-300-g\/","title":{"rendered":"Heinz Sandwich-Cremeaufstrich mit Gartengem\u00fcse 300 g"},"content":{"rendered":"<p>Heinz Sandwich-Cremeaufstrich mit Gartengem\u00fcse 300 g<br \/>\nHeinz Sandwich, Sahneaufstrich mit Gartengem\u00fcse ist etwas Neues und Anderes, cremig und knusprig, frisch und lecker! Probieren Sie es jetzt!<br \/>\nHeinz Brotaufstriche sind die perfekte Erg\u00e4nzung f\u00fcr Ihr Mittagessen und werden aus hochwertigen Zutaten hergestellt! Genau wie Sie es von Heinz gewohnt sind!<br \/>\nEnth\u00e4lt \u00fcber 30% Gem\u00fcse<br \/>\nOhne Konservierungsstoffe<\/p>\n<p><strong>Inhaltsstoff:\u00a0<\/strong>Gem\u00fcse 45% (Blumenkohl, Sellerie, Wei\u00dfkohl 10%, Zwiebel 4,0%), Raps\u00f6l, Wasser, Zucker, Tomatenmark, Molkenpulver, Milch), Essig, Senf (Wasser, Senfk\u00f6rner, Essig, Salz, Gew\u00fcrze), Salz, modifizierte St\u00e4rke, Aromen, Gartenkr\u00e4uter (Basilikum, Schnittlauch, Petersilie), S\u00e4ure (Milchs\u00e4ure), Hefeextrakt, Verdickungsmittel (Guarkernmehl, Xanthan), Kr\u00e4uterextrakte und Gew\u00fcrze (enth\u00e4lt Sellerie), Gew\u00fcrze.<\/p>\n<p><strong>Allergene:\u00a0<\/strong>enth\u00e4lt Milch, Staudensellerie, Senf<\/p>\n<p>An einem k\u00fchlen, trockenen und dunklen Ort aufbewahren und vor direktem Sonnenlicht sch\u00fctzen.<\/p>\n<p><strong>N\u00e4hrwertangaben:<\/strong><br \/>\nEnergie 215 kcal (905 kJ)<br \/>\nFett 16 g, davon ges\u00e4ttigtes Fett 1,1 g<br \/>\nKohlenhydrate 16 g, davon Zucker 14 g<br \/>\nBallaststoffe 1 g<br \/>\nEiwei\u00df 1,8 g<br \/>\nSalz 2 g<\/p>\n<p>Pr\u00e4sentation: Glasgef\u00e4\u00df mit Deckel.<\/p>\n<p>Hergestellt in Holland H.J. Heinz B.V. Antwoordnummer 98057, 1000 VA Amsterdam.<br \/>\nEinf\u00fchrer und H\u00e4ndler Total Blue Impex SRL<\/p>","protected":false},"excerpt":{"rendered":"<p>Heinz Sandwich-Cremeaufstrich mit Gartengem\u00fcse 300 g<\/p>","protected":false},"featured_media":35847,"comment_status":"open","ping_status":"closed","template":"","meta":{"_acf_changed":false,"_seopress_robots_primary_cat":"none","_seopress_titles_title":"Heinz crema tartinabila, Heinz crema cu verdeata de gradina","_seopress_titles_desc":"Cauti Heinz crema tartinabila ? Cumpara acum Heinz crema cu verdeata de gradina, condimente Heinz, sosuri Heinz, produse olandeze, delicii Olanda","_seopress_robots_index":""},"product_brand":[1851],"product_cat":[1555,3280,3304,1767],"giftcard-category":[],"class_list":{"0":"post-35845","1":"product","2":"type-product","3":"status-publish","4":"has-post-thumbnail","6":"product_brand-heinz","7":"product_cat-bacanie","8":"product_cat-condimente-sosuri","9":"product_cat-mic-dejun-produse-olanda","10":"product_cat-produse-olanda","12":"first","13":"instock","14":"taxable","15":"shipping-taxable","16":"purchasable","17":"product-type-simple"},"acf":[],"_links":{"self":[{"href":"https:\/\/totalblue.ro\/de\/wp-json\/wp\/v2\/product\/35845","targetHints":{"allow":["GET"]}}],"collection":[{"href":"https:\/\/totalblue.ro\/de\/wp-json\/wp\/v2\/product"}],"about":[{"href":"https:\/\/totalblue.ro\/de\/wp-json\/wp\/v2\/types\/product"}],"replies":[{"embeddable":true,"href":"https:\/\/totalblue.ro\/de\/wp-json\/wp\/v2\/comments?post=35845"}],"wp:featuredmedia":[{"embeddable":true,"href":"https:\/\/totalblue.ro\/de\/wp-json\/wp\/v2\/media\/35847"}],"wp:attachment":[{"href":"https:\/\/totalblue.ro\/de\/wp-json\/wp\/v2\/media?parent=35845"}],"wp:term":[{"taxonomy":"product_brand","embeddable":true,"href":"https:\/\/totalblue.ro\/de\/wp-json\/wp\/v2\/product_brand?post=35845"},{"taxonomy":"product_cat","embeddable":true,"href":"https:\/\/totalblue.ro\/de\/wp-json\/wp\/v2\/product_cat?post=35845"},{"taxonomy":"giftcard-category","embeddable":true,"href":"https:\/\/totalblue.ro\/de\/wp-json\/wp\/v2\/giftcard-category?post=35845"}],"curies":[{"name":"wp","href":"https:\/\/api.w.org\/{rel}","templated":true}]}}