{"id":36439,"date":"2021-10-22T11:26:56","date_gmt":"2021-10-22T08:26:56","guid":{"rendered":"https:\/\/totalblue.ro\/?post_type=product&#038;p=36439"},"modified":"2024-02-01T16:34:07","modified_gmt":"2024-02-01T14:34:07","slug":"lu-bastogne-kruidnoten-mini-turta-dulce-250-g","status":"publish","type":"product","link":"https:\/\/totalblue.ro\/de\/produs\/lu-bastogne-kruidnoten-mini-turta-dulce-250-g\/","title":{"rendered":"LU Bastogne kruidnoten mini turta dulce 250 g"},"content":{"rendered":"<div class=\"oSioSc\">\n<div id=\"tw-target\">\n<div id=\"kAz1tf\" class=\"g9WsWb\">\n<div id=\"tw-target-text-container\" class=\"tw-ta-container F0azHf tw-nfl\">\n<p>Wir sind bereit f\u00fcr Sinterklaas!<\/p>\n<p><span class=\"Y2IQFc\" lang=\"ro\">LU Bastogne kruidnoten mini turta dulce 250 g<\/span><\/p>\n<p>Ingrediente: f\u0103in\u0103 de gr\u00e2u, zah\u0103r, ulei de palmier, zah\u0103r bombon, sirop de porumb fructoz\u0103, sirop de bomboane, sirop de glucoz\u0103, agen\u021bi cresc\u0103tori (carbona\u021bi de sodiu, carbona\u021bi de amoniu), pudr\u0103 de cacao, praf de zer (din LAPTE), culoare (caramel), scor\u021bi\u0219oar\u0103 0,3 %, sare, arome, emulgator (LECITINE DE SOIA), umectant (glicerol).<br \/>\nAlergeni: Contine cereale care contin gluten, grau, soia, lapte. Poate contine: arahide, nuci.<br \/>\nLagerung: An einem dunklen und trockenen Ort aufbewahren. Vor Hitze sch\u00fctzen. Beutel nach dem \u00d6ffnen geschlossen halten.<\/p>\n<\/div>\n<\/div>\n<\/div>\n<\/div>\n<p>N\u00e4hrwertangaben\/100g:<br \/>\nEnergie 1913 kJ (455 kcal)<br \/>\nGrasimi 15 g din care grasimi saturate 7.1 g<br \/>\nGlucide 72 g din care zaharuri 33 g<br \/>\nFibre dietetice 2.6 g<br \/>\nEiwei\u00df 6 g<br \/>\nSare 0.67 g<\/p>\n<p>Producator Mondelez Nederland, Postbus 409 4900 AK Oosterhout<\/p>\n<p>&nbsp;<\/p>","protected":false},"excerpt":{"rendered":"<p>We are ready for Sinterklaas ! LU Bastogne kruidnoten mini turta dulce 250 g Ingrediente: f\u0103in\u0103 de gr\u00e2u, zah\u0103r, ulei de palmier, zah\u0103r bombon, sirop de porumb fructoz\u0103, sirop de bomboane, sirop de glucoz\u0103, agen\u021bi cresc\u0103tori (carbona\u021bi de sodiu, carbona\u021bi de amoniu), pudr\u0103 de cacao, praf de zer (din LAPTE), culoare (caramel), scor\u021bi\u0219oar\u0103 0,3 %, [&#8230;]\n","protected":false},"featured_media":100736,"comment_status":"open","ping_status":"closed","template":"","meta":{"_acf_changed":false,"_seopress_robots_primary_cat":"none","_seopress_titles_title":"","_seopress_titles_desc":"","_seopress_robots_index":""},"product_brand":[4074],"product_cat":[1555,3296,3338,7021,1767],"giftcard-category":[],"class_list":{"0":"post-36439","1":"product","2":"type-product","3":"status-publish","4":"has-post-thumbnail","6":"product_brand-lu","7":"product_cat-bacanie","8":"product_cat-brutarie-patiserie","9":"product_cat-dulciuri-snacksuri","10":"product_cat-dulciuri-snacks","11":"product_cat-produse-olanda","13":"first","14":"outofstock","15":"taxable","16":"shipping-taxable","17":"purchasable","18":"product-type-simple"},"acf":[],"_links":{"self":[{"href":"https:\/\/totalblue.ro\/de\/wp-json\/wp\/v2\/product\/36439","targetHints":{"allow":["GET"]}}],"collection":[{"href":"https:\/\/totalblue.ro\/de\/wp-json\/wp\/v2\/product"}],"about":[{"href":"https:\/\/totalblue.ro\/de\/wp-json\/wp\/v2\/types\/product"}],"replies":[{"embeddable":true,"href":"https:\/\/totalblue.ro\/de\/wp-json\/wp\/v2\/comments?post=36439"}],"wp:featuredmedia":[{"embeddable":true,"href":"https:\/\/totalblue.ro\/de\/wp-json\/wp\/v2\/media\/100736"}],"wp:attachment":[{"href":"https:\/\/totalblue.ro\/de\/wp-json\/wp\/v2\/media?parent=36439"}],"wp:term":[{"taxonomy":"product_brand","embeddable":true,"href":"https:\/\/totalblue.ro\/de\/wp-json\/wp\/v2\/product_brand?post=36439"},{"taxonomy":"product_cat","embeddable":true,"href":"https:\/\/totalblue.ro\/de\/wp-json\/wp\/v2\/product_cat?post=36439"},{"taxonomy":"giftcard-category","embeddable":true,"href":"https:\/\/totalblue.ro\/de\/wp-json\/wp\/v2\/giftcard-category?post=36439"}],"curies":[{"name":"wp","href":"https:\/\/api.w.org\/{rel}","templated":true}]}}