{"id":36693,"date":"2021-11-01T16:46:54","date_gmt":"2021-11-01T14:46:54","guid":{"rendered":"https:\/\/totalblue.ro\/?post_type=product&#038;p=36693"},"modified":"2025-08-07T13:13:14","modified_gmt":"2025-08-07T10:13:14","slug":"planet-deli-naturliches-naan-brot-220-g","status":"publish","type":"product","link":"https:\/\/totalblue.ro\/de\/produs\/planet-deli-paine-naan-naturala-220-g\/","title":{"rendered":"Planet Deli nat\u00fcrliches Naan-Brot 220 g"},"content":{"rendered":"<p><strong>Naan-Brot - Nat\u00fcrlich, in gesch\u00fctzter Atmosph\u00e4re verpackt.<br \/>\n<\/strong>Unser Naan-Brot wird nach einem traditionellen Rezept in speziell daf\u00fcr vorgesehenen \u00d6fen gebacken.<\/p>\n<p><strong>Zutat<\/strong>Weizenmehl (Weizenmehl, Kalzium(carbonat), Eisen, Niacin, Thiamin), Wasser, Raps\u00f6l, Hefe, Alkohol, Essig, Backtriebmittel (Dinatriumdiphosphat, Natriumbikarbonat, Kalziumphosphat), Kalandisamen, Salz, gemahlener Fenchel, Konservierungsmittel (Kalziumpropionat), Magermilchpulver, Weizenst\u00e4rke<\/p>\n<p><strong>Allergene<\/strong>enth\u00e4lt Gluten, Milch, Weizen<\/p>\n<p><strong>N\u00e4hrwertangaben<\/strong>:<br \/>\nEnergie 1066 kJ (252 kcal)<br \/>\nFett 2,9 g, davon ges\u00e4ttigtes Fett 0,3 g<br \/>\nKohlenhydrate 46,8 g, davon Zucker 2,8 g<br \/>\nBallaststoffe 3 g<br \/>\nEiwei\u00df 8,2 g<br \/>\nSalz 0,78 g<br \/>\nInhalt und Gewicht: 220 Gramm<\/p>\n<p>Portionsgr\u00f6\u00dfe: ein St\u00fcck Naan-Brot (110 g)<br \/>\nAnzahl der Portionen: 2<\/p>\n<p>Vegetarisches Produkt<\/p>\n<p><strong>Vorbereitung<\/strong>: es heizt sich auf<\/p>\n<p>Das Naan-Brot aus der Verpackung nehmen.<br \/>\nBackofen: 200\u00b0C\/Hei\u00dfluft 180\u00b0C\/Gas 6<br \/>\nDas Naanbrot mit etwas Wasser betr\u00e4ufeln. Das Naanbrot f\u00fcr 3-4 Minuten in den vorgeheizten Ofen schieben.<br \/>\nBackofen nach dem Auftauen: Befolgen Sie die Standard-Backofenanweisungen wie oben angegeben, stellen Sie die Aufheizzeit auf 6-7 Minuten ein.<br \/>\nNaan-Brot: Das Brot mit ein wenig Wasser betr\u00e4ufeln. Das Naan-Brot in einer Pfanne bei mittlerer Hitze 1-2 Minuten backen.<br \/>\nNaan-Brot nach dem Auftauen: Befolgen Sie die Standardanweisungen wie oben beschrieben und stellen Sie die Aufw\u00e4rmzeit auf 4 Minuten ein.<br \/>\nAn einem k\u00fchlen und trockenen Ort aufbewahren. Nach dem \u00d6ffnen innerhalb von 1 Tag verbrauchen. Das Naan-Brot ist zum Einfrieren geeignet. Idealerweise sollte das Produkt so schnell wie m\u00f6glich nach dem Kauf eingefroren werden, aber immer vor dem auf der Packung angegebenen Mindesthaltbarkeitsdatum. Innerhalb der auf der Packung angegebenen Zeit verbrauchen.<br \/>\nTauen Sie das Produkt mindestens 2 Stunden lang an einem k\u00fchlen, trockenen Ort auf.<\/p>\n<p>Innerhalb von maximal 24 Stunden verbrauchen. Gefrieren Sie das Produkt nach dem Auftauen nicht wieder ein.<\/p>\n<p>In der indischen K\u00fcche wird dieses Brot meist zu Currys serviert, aber es schmeckt auch sehr gut zu Getr\u00e4nken oder als Snack zu verschiedenen Vorspeisen wie Hummus oder griechischem Joghurt. K\u00f6stlich zu indischen oder gegrillten Gerichten, Suppen, usw.<\/p>","protected":false},"excerpt":{"rendered":"<p>Paine Naan &#8211; Naturala, ambalata in atmosfera protejata. Painea noastra naan este coapta dupa o reteta traditionala in cuptoare special conceputa pentru acest scop. Ingrediente: faina de grau (faina de grau, calciu (carbonat), fier, niacina, tiamina), apa, ulei de rapita, drojdie, otet de alcool, agenti de crestere (difosfat disodic, bicarbonat de sodiu, fosfat de calciu), [&#8230;]\n","protected":false},"featured_media":36695,"comment_status":"open","ping_status":"closed","template":"","meta":{"_acf_changed":false,"_seopress_robots_primary_cat":"none","_seopress_titles_title":"Paine Naan naturala, painici Naan, lipii Naan, paine indiana Naan din faina ","_seopress_titles_desc":"Magazin online cu Paine Naan naturala, painici Naan, lipii Naan, paine indiana Naan din faina. Cumpara online paine Naan. Delicatese delicii Olanda","_seopress_robots_index":""},"product_brand":[4113],"product_cat":[1555,3296,1506,1767,1954],"giftcard-category":[],"class_list":{"0":"post-36693","1":"product","2":"type-product","3":"status-publish","4":"has-post-thumbnail","6":"product_brand-planet-deli","7":"product_cat-bacanie","8":"product_cat-brutarie-patiserie","9":"product_cat-cafea-ceai-mic-dejun","10":"product_cat-produse-olanda","11":"product_cat-semipreparate","13":"first","14":"outofstock","15":"taxable","16":"shipping-taxable","17":"purchasable","18":"product-type-simple"},"acf":[],"_links":{"self":[{"href":"https:\/\/totalblue.ro\/de\/wp-json\/wp\/v2\/product\/36693","targetHints":{"allow":["GET"]}}],"collection":[{"href":"https:\/\/totalblue.ro\/de\/wp-json\/wp\/v2\/product"}],"about":[{"href":"https:\/\/totalblue.ro\/de\/wp-json\/wp\/v2\/types\/product"}],"replies":[{"embeddable":true,"href":"https:\/\/totalblue.ro\/de\/wp-json\/wp\/v2\/comments?post=36693"}],"wp:featuredmedia":[{"embeddable":true,"href":"https:\/\/totalblue.ro\/de\/wp-json\/wp\/v2\/media\/36695"}],"wp:attachment":[{"href":"https:\/\/totalblue.ro\/de\/wp-json\/wp\/v2\/media?parent=36693"}],"wp:term":[{"taxonomy":"product_brand","embeddable":true,"href":"https:\/\/totalblue.ro\/de\/wp-json\/wp\/v2\/product_brand?post=36693"},{"taxonomy":"product_cat","embeddable":true,"href":"https:\/\/totalblue.ro\/de\/wp-json\/wp\/v2\/product_cat?post=36693"},{"taxonomy":"giftcard-category","embeddable":true,"href":"https:\/\/totalblue.ro\/de\/wp-json\/wp\/v2\/giftcard-category?post=36693"}],"curies":[{"name":"wp","href":"https:\/\/api.w.org\/{rel}","templated":true}]}}