{"id":36770,"date":"2021-11-02T15:48:31","date_gmt":"2021-11-02T13:48:31","guid":{"rendered":"https:\/\/totalblue.ro\/?post_type=product&#038;p=36770"},"modified":"2025-08-04T15:21:59","modified_gmt":"2025-08-04T12:21:59","slug":"heinz-fasole-boabe-in-sos-picant-390-g","status":"publish","type":"product","link":"https:\/\/totalblue.ro\/de\/produs\/heinz-fasole-boabe-in-sos-picant-390-g\/","title":{"rendered":"Heinz fasole boabe in sos picant 390 g"},"content":{"rendered":"<p>Heinz fasole boabe in sos tomate 1000 g , ambalaj in borcan cu capac. Sos bogat de tomate.<br \/>\n<strong>Inhaltsstoff: <\/strong>\u00a0Fasole alb\u0103 52%, rosii 33%, apa, zahar, amidon modificat, otet de rachiu, sare, condimente, piure de usturoi, ardei iute, extracte din plante, colorant (extract de boia).<br \/>\n<strong>Wie man sich vorbereitet:<\/strong> Den Inhalt in einen Kochtopf geben und bei schwacher Hitze vorsichtig umr\u00fchren. Mikrowelle (850 W): Den Inhalt in einen mikrowellengeeigneten Beh\u00e4lter f\u00fcllen und 2 1\/2 Minuten lang erhitzen.<br \/>\nDas Produkt darf nicht gekocht werden!<br \/>\nProdus vegetarian, vegan.<br \/>\nGlutenfrei.<br \/>\nVorzugsweise vor dem Ende des auf der Verpackung angegebenen Monats zu verbrauchen.<br \/>\nHeinz fasole alba boabe in sos tomate picant 390 g , ambalata in conserva cu cheita.<br \/>\n<strong>N\u00e4hrwertangaben:<\/strong><br \/>\nEnergie (kj) 381,0 \/ Energie (kcal) 91<br \/>\nGrasime (g) 0,3 din care acizi grasi saturati (g) &lt;0,1<br \/>\nGlucide (g) 15.1 din care zaharuri (g) 6.9<br \/>\nFibre alimentare (g) 3.8<br \/>\nProteine \u200b\u200b(g) 4.9<br \/>\nSare (g) 0,6<br \/>\nSodiu (g) \u200b\u200b0,2<br \/>\nH.J. Heinz GmbH, Dusseldorf, Germany<\/p>","protected":false},"excerpt":{"rendered":"<p>Heinz fasole boabe in sos tomate 1000 g , ambalaj in borcan cu capac. Sos bogat de tomate. Ingrediente: \u00a0Fasole alb\u0103 52%, rosii 33%, apa, zahar, amidon modificat, otet de rachiu, sare, condimente, piure de usturoi, ardei iute, extracte din plante, colorant (extract de boia). Mod de pregatire: Turnati continutul intr-o cratita si amestecati delicat [&#8230;]\n","protected":false},"featured_media":36775,"comment_status":"open","ping_status":"closed","template":"","meta":{"_acf_changed":false,"_seopress_robots_primary_cat":"none","_seopress_titles_title":"Heinz fasole alba in sos picant, heinz fasole in sos hot chili, heinz fasole ","_seopress_titles_desc":"Cauti Heinz fasole alba in sos picant, heinz fasole in sos hot chili, heinz fasole? Cumpara online Heinz fasole hot chili, heinz fasole in sos picant.","_seopress_robots_index":""},"product_brand":[1851],"product_cat":[1555,1683,3272,3372,1950,1767],"giftcard-category":[],"class_list":{"0":"post-36770","1":"product","2":"type-product","3":"status-publish","4":"has-post-thumbnail","6":"product_brand-heinz","7":"product_cat-bacanie","8":"product_cat-conserve-mancare-gatita","9":"product_cat-conserve","10":"product_cat-conserve-produse-germania","11":"product_cat-produse-germania","12":"product_cat-produse-olanda","14":"first","15":"outofstock","16":"taxable","17":"shipping-taxable","18":"purchasable","19":"product-type-simple"},"acf":[],"_links":{"self":[{"href":"https:\/\/totalblue.ro\/de\/wp-json\/wp\/v2\/product\/36770","targetHints":{"allow":["GET"]}}],"collection":[{"href":"https:\/\/totalblue.ro\/de\/wp-json\/wp\/v2\/product"}],"about":[{"href":"https:\/\/totalblue.ro\/de\/wp-json\/wp\/v2\/types\/product"}],"replies":[{"embeddable":true,"href":"https:\/\/totalblue.ro\/de\/wp-json\/wp\/v2\/comments?post=36770"}],"wp:featuredmedia":[{"embeddable":true,"href":"https:\/\/totalblue.ro\/de\/wp-json\/wp\/v2\/media\/36775"}],"wp:attachment":[{"href":"https:\/\/totalblue.ro\/de\/wp-json\/wp\/v2\/media?parent=36770"}],"wp:term":[{"taxonomy":"product_brand","embeddable":true,"href":"https:\/\/totalblue.ro\/de\/wp-json\/wp\/v2\/product_brand?post=36770"},{"taxonomy":"product_cat","embeddable":true,"href":"https:\/\/totalblue.ro\/de\/wp-json\/wp\/v2\/product_cat?post=36770"},{"taxonomy":"giftcard-category","embeddable":true,"href":"https:\/\/totalblue.ro\/de\/wp-json\/wp\/v2\/giftcard-category?post=36770"}],"curies":[{"name":"wp","href":"https:\/\/api.w.org\/{rel}","templated":true}]}}