{"id":36844,"date":"2021-11-03T15:14:13","date_gmt":"2021-11-03T13:14:13","guid":{"rendered":"https:\/\/totalblue.ro\/?post_type=product&#038;p=36844"},"modified":"2023-07-24T16:52:43","modified_gmt":"2023-07-24T13:52:43","slug":"feinkost-dittmann-ardei-dulci-picanti-umpluti-cu-crema-de-branza-curry-ananas-290g","status":"publish","type":"product","link":"https:\/\/totalblue.ro\/de\/produs\/feinkost-dittmann-ardei-dulci-picanti-umpluti-cu-crema-de-branza-curry-ananas-290g\/","title":{"rendered":"Feinkost Dittmann Ardei dulce picant umplut cu crema de branza, curry, ananas 290g"},"content":{"rendered":"<p>Versiunea in miniatura a ardeilor, Pepperballs, vine din Africa de Sud. Aici, \u00eentr-o dimineata din 1997, fermierul Johan Steenkamp a descoperit in gradina sa o planta necunoscuta cu fructe rosii aprinse. El l-a numit piquant\u00e9 (pronun\u021bat: pie-kan-tee). Fructele picante, dulci si deosebit de crocante cresc pe tufe foarte \u00eenalte. Sunt bogate \u00een vitaminele C \u0219i E; con\u021bin multe flavonoide si caroteni, precum si minerale potasiu, magneziu si calciu.<br \/>\nAu gust dulce si fructat la \u00eenceput, apoi aprins \u0219i picant. Pepperballs Curry Ananas sunt umplute cu un amestec de crema de branza curry cu ananas. Se pot servi atat ca antipasti cu paine alba, cat si ca adaos la carnea sau pestele prajit, la salate si \u00een sosuri pentru a crea o aroma deosebita.<br \/>\nExclusiv la Feinkost Dittmann: Pe langa Pepperballs Curry-Ananas intr-o marinada picant, fructele la moda sunt disponibile si in alte versiuni variate: De asemenea, sunt umplute doar cu crema de branza, facandu-le un extra african autentic pentru acasa. O varianta de bile de ardei cu un amestec delicios de branza cu crema de hrean completeaza gama.<br \/>\nVegetarisches Produkt<br \/>\nGlutenfrei<br \/>\nHefefrei<br \/>\nLaktosefrei<br \/>\nAmbalaj : borcan de sticla cu capac<br \/>\n<strong>Zutat<\/strong>: 45% ulei de rapita, 31% boia dulce picant (boia de ardei, zahar, acidifiant: acid acetic, sare de masa, agent de fermitate: clorura de calciu, antioxidant: acid ascorbic), 24% preparat de branza crem\u0103 (branza, ananas cu zahar (ananas, zahar). ), sare de mas\u0103, amidon modificat, preparat curry ( Condimente, ierburi, sare de mas\u0103, amidon, zahar, pudra de fructe (ananas, mar), maltodextrina, proteine din lapte, zahar), acidifiant: acid lactic).<br \/>\n<strong>Valori nutritionale per 100 g<\/strong><br \/>\nEnergie 821 kj \/ 198 kcal<br \/>\nGrasimi 13,8 g din care acizi grasi saturati 7,1 g<br \/>\nCarbohidrati 13,4 g din care zahar 13 g<br \/>\nAlbus de ou 2,8 g<br \/>\nSare 1,62 g<\/p>","protected":false},"excerpt":{"rendered":"<p>Versiunea in miniatura a ardeilor, Pepperballs, vine din Africa de Sud. Aici, \u00eentr-o dimineata din 1997, fermierul Johan Steenkamp a descoperit in gradina sa o planta necunoscuta cu fructe rosii aprinse. El l-a numit piquant\u00e9 (pronun\u021bat: pie-kan-tee). Fructele picante, dulci si deosebit de crocante cresc pe tufe foarte \u00eenalte. Sunt bogate \u00een vitaminele C \u0219i [&#8230;]\n","protected":false},"featured_media":36846,"comment_status":"open","ping_status":"closed","template":"","meta":{"_acf_changed":false,"_seopress_robots_primary_cat":"none","_seopress_titles_title":"","_seopress_titles_desc":"","_seopress_robots_index":""},"product_brand":[4140],"product_cat":[1555,1683,3272,3372,1950,1767],"giftcard-category":[],"class_list":{"0":"post-36844","1":"product","2":"type-product","3":"status-publish","4":"has-post-thumbnail","6":"product_brand-dittmann","7":"product_cat-bacanie","8":"product_cat-conserve-mancare-gatita","9":"product_cat-conserve","10":"product_cat-conserve-produse-germania","11":"product_cat-produse-germania","12":"product_cat-produse-olanda","14":"first","15":"outofstock","16":"taxable","17":"shipping-taxable","18":"purchasable","19":"product-type-simple"},"acf":[],"_links":{"self":[{"href":"https:\/\/totalblue.ro\/de\/wp-json\/wp\/v2\/product\/36844","targetHints":{"allow":["GET"]}}],"collection":[{"href":"https:\/\/totalblue.ro\/de\/wp-json\/wp\/v2\/product"}],"about":[{"href":"https:\/\/totalblue.ro\/de\/wp-json\/wp\/v2\/types\/product"}],"replies":[{"embeddable":true,"href":"https:\/\/totalblue.ro\/de\/wp-json\/wp\/v2\/comments?post=36844"}],"wp:featuredmedia":[{"embeddable":true,"href":"https:\/\/totalblue.ro\/de\/wp-json\/wp\/v2\/media\/36846"}],"wp:attachment":[{"href":"https:\/\/totalblue.ro\/de\/wp-json\/wp\/v2\/media?parent=36844"}],"wp:term":[{"taxonomy":"product_brand","embeddable":true,"href":"https:\/\/totalblue.ro\/de\/wp-json\/wp\/v2\/product_brand?post=36844"},{"taxonomy":"product_cat","embeddable":true,"href":"https:\/\/totalblue.ro\/de\/wp-json\/wp\/v2\/product_cat?post=36844"},{"taxonomy":"giftcard-category","embeddable":true,"href":"https:\/\/totalblue.ro\/de\/wp-json\/wp\/v2\/giftcard-category?post=36844"}],"curies":[{"name":"wp","href":"https:\/\/api.w.org\/{rel}","templated":true}]}}