{"id":37341,"date":"2021-11-10T12:27:45","date_gmt":"2021-11-10T10:27:45","guid":{"rendered":"https:\/\/totalblue.ro\/?post_type=product&#038;p=37341"},"modified":"2026-04-14T12:33:53","modified_gmt":"2026-04-14T09:33:53","slug":"gelderse-rookworst-geraucherte-wurst-gwoon-hollandaise-275g","status":"publish","type":"product","link":"https:\/\/totalblue.ro\/de\/produs\/gelderse-rookworst-carnati-afumati-gwoon-olanda-275g\/","title":{"rendered":"Gelderse Rookworst Carnati afumati G&#8217;woon Olanda 275g"},"content":{"rendered":"<p>Gelderse Rookworst Ger\u00e4ucherte W\u00fcrstchen g'woon Niederlande 275g<\/p>\n<p><strong>Inhaltsstoff: <\/strong>Zutaten: 88% Schweinefleisch, Schweinefett, Kartoffelst\u00e4rke, nat\u00fcrliches Aroma, Rinderkollagen, Salz, S\u00e4uerungsmittel: Zitronens\u00e4ure, Stabilisator: E450\/E452, Dextrose, Raucharoma, Gew\u00fcrze, Zwiebelpulver, Antioxidationsmittel: E301, Konservierungsmittel: E250\/E261, S\u00e4ureregulator: E326 ( Bessere Lebensqualit\u00e4t 1 Stern Marke )<br \/>\n<strong>Wie man sich vorbereitet:<br \/>\n<\/strong>- In der Mikrowelle: Rei\u00dfen Sie die \u00e4u\u00dfere Verpackung auf. Machen Sie mehrere kleine L\u00f6cher in die Innenverpackung. 2 Minuten lang bei 600 Watt erhitzen. Das Fleisch vor dem Verzehr 1 Minute ruhen lassen.<br \/>\n- In einem Topf mit kochendem Wasser: die \u00e4u\u00dfere Umh\u00fcllung aufrei\u00dfen. Das Fleisch (die innere Umh\u00fcllung aufbewahren) in hei\u00dfes, aber nicht kochendes Wasser legen. 20 Minuten ziehen lassen (nicht kochen), herausnehmen und vor dem Verzehr noch eine Minute ruhen lassen.<br \/>\n- Sie k\u00f6nnen ger\u00e4ucherte W\u00fcrste direkt erw\u00e4rmen, zum Beispiel mit Erbsensuppe oder Boerenkool Stamppot.<br \/>\n<strong>Lagerungsbedingungen:<\/strong><br \/>\nBei Raumtemperatur aufbewahren.<br \/>\nNach dem \u00d6ffnen kann die Innenverpackung bis zu 3 Tage im K\u00fchlschrank aufbewahrt werden.<br \/>\n<strong>N\u00e4hrwertangaben\/100g<br \/>\n<\/strong>Energie 1176 kJ \/ 283 kcal<br \/>\nGrasimi 23 g din care acizi grasi, saturati\u00a0 8.7 g<br \/>\nCarbohidrati 3 g din care zaharuri 0,2 g<br \/>\nEiwei\u00df 16 g<br \/>\nSalz 2,1 g<br \/>\n<a href=\"https:\/\/totalblue.ro\/wp-content\/uploads\/2021\/02\/WhatsApp-Image-2021-02-24-at-16.11.33.jpeg\"><img loading=\"lazy\" decoding=\"async\" class=\"alignnone wp-image-27374\" src=\"https:\/\/totalblue.ro\/wp-content\/uploads\/2021\/02\/WhatsApp-Image-2021-02-24-at-16.11.33-711x400.jpeg\" alt=\"\" width=\"247\" height=\"139\" srcset=\"https:\/\/totalblue.ro\/wp-content\/uploads\/2021\/02\/WhatsApp-Image-2021-02-24-at-16.11.33-711x400.jpeg 711w, https:\/\/totalblue.ro\/wp-content\/uploads\/2021\/02\/WhatsApp-Image-2021-02-24-at-16.11.33-510x287.jpeg 510w, https:\/\/totalblue.ro\/wp-content\/uploads\/2021\/02\/WhatsApp-Image-2021-02-24-at-16.11.33-768x432.jpeg 768w, https:\/\/totalblue.ro\/wp-content\/uploads\/2021\/02\/WhatsApp-Image-2021-02-24-at-16.11.33-600x337.jpeg 600w, https:\/\/totalblue.ro\/wp-content\/uploads\/2021\/02\/WhatsApp-Image-2021-02-24-at-16.11.33-100x56.jpeg 100w, https:\/\/totalblue.ro\/wp-content\/uploads\/2021\/02\/WhatsApp-Image-2021-02-24-at-16.11.33.jpeg 978w\" sizes=\"auto, (max-width: 247px) 100vw, 247px\" \/><\/a><\/p>\n<p>&nbsp;<\/p>","protected":false},"excerpt":{"rendered":"<p>Gelderse Rookworst Carnati afumati g&#8217;woon Olanda 275g Ingrediente: Ingrediente: 88% carne de porc, grasime de porc, amidon de cartofi, aroma naturala, colagen de vita, sare, acidifiant: acid citric, stabilizator: E450\/E452, dextroza, aroma de fum, condimente, pudra de ceapa, antioxidant: E301, conservant: E250\/E261, aciditate regulator: E326. ( Marca de calitate a vietii mai bune 1 stea [&#8230;]\n","protected":false},"featured_media":123601,"comment_status":"open","ping_status":"closed","template":"","meta":{"_acf_changed":false,"_seopress_robots_primary_cat":"none","_seopress_titles_title":"Carnati olandezi afumati Gelderse Rookworst Olandezi","_seopress_titles_desc":"Cauti carnati? Cumpara acum carnati afumati Gelderse Rookworst din import Olanda, recomandati pentru mancare de mazare, ciorba de mazare, kale.","_seopress_robots_index":""},"product_brand":[1971],"product_cat":[1555,3272,1767],"giftcard-category":[],"class_list":{"0":"post-37341","1":"product","2":"type-product","3":"status-publish","4":"has-post-thumbnail","6":"product_brand-gwoon","7":"product_cat-bacanie","8":"product_cat-conserve","9":"product_cat-produse-olanda","11":"first","12":"instock","13":"taxable","14":"shipping-taxable","15":"purchasable","16":"product-type-simple"},"acf":[],"_links":{"self":[{"href":"https:\/\/totalblue.ro\/de\/wp-json\/wp\/v2\/product\/37341","targetHints":{"allow":["GET"]}}],"collection":[{"href":"https:\/\/totalblue.ro\/de\/wp-json\/wp\/v2\/product"}],"about":[{"href":"https:\/\/totalblue.ro\/de\/wp-json\/wp\/v2\/types\/product"}],"replies":[{"embeddable":true,"href":"https:\/\/totalblue.ro\/de\/wp-json\/wp\/v2\/comments?post=37341"}],"wp:featuredmedia":[{"embeddable":true,"href":"https:\/\/totalblue.ro\/de\/wp-json\/wp\/v2\/media\/123601"}],"wp:attachment":[{"href":"https:\/\/totalblue.ro\/de\/wp-json\/wp\/v2\/media?parent=37341"}],"wp:term":[{"taxonomy":"product_brand","embeddable":true,"href":"https:\/\/totalblue.ro\/de\/wp-json\/wp\/v2\/product_brand?post=37341"},{"taxonomy":"product_cat","embeddable":true,"href":"https:\/\/totalblue.ro\/de\/wp-json\/wp\/v2\/product_cat?post=37341"},{"taxonomy":"giftcard-category","embeddable":true,"href":"https:\/\/totalblue.ro\/de\/wp-json\/wp\/v2\/giftcard-category?post=37341"}],"curies":[{"name":"wp","href":"https:\/\/api.w.org\/{rel}","templated":true}]}}