{"id":37368,"date":"2021-11-10T14:18:11","date_gmt":"2021-11-10T12:18:11","guid":{"rendered":"https:\/\/totalblue.ro\/?post_type=product&#038;p=37368"},"modified":"2025-08-04T13:04:58","modified_gmt":"2025-08-04T10:04:58","slug":"gwoon-gwoon-wurstsemmeln-in-ganseleber-gwoon-4-stuck-4x70g-280g","status":"publish","type":"product","link":"https:\/\/totalblue.ro\/de\/produs\/gwoon-rulouri-de-carnati-in-foietaj-gwoon-4-buctii-4x70g-280g\/","title":{"rendered":"G'woon G'woon Fleischr\u00f6llchen in G\u00e4nseleber 4 St\u00fcck 4x70g = 280g"},"content":{"rendered":"<p>Inhalt und Gewicht:<br \/>\n70 Gramm x 4 St\u00fcck<br \/>\nGesamtgewicht 4 St\u00fcck = 280 Gramm<br \/>\n<strong>Inhaltsstoff: <\/strong>Weizenmehl, Schweinefleisch 32%\u00b9, Wasser, Paniermehl (Weizenmehl, Wasser, Weizentartar, Hefesalz, Margarine (Palm\u00f6l, Kokos\u00f6l, Raps\u00f6l, Sonnenblumen\u00f6l, Wasser, Salz, Emulgator: E471, S\u00e4ure: Zitronens\u00e4ure, Farbstoff): Carotine, Aroma, Vitamine (Vitamin A, D), Gerstenmalzextrakt), Hefe, Weizenst\u00e4rke, Raps\u00f6l, Weizengluten, Zucker, Dextrose, Molkenpulver (Milch), Backsalz, Weizeneiwei\u00df, Tapiokast\u00e4rke, Salz, Gew\u00fcrze, Sojamehl, Raps\u00f6l, Emulgator: E471\/E472e\/E Milcheiwei\u00df, Laktose (Milch), Glukosesirup, Aroma, Konservierungsstoff: E282, Stabilisator: E407\/E450, Enzym (Weizen), \u00b9 = Beter Leven 1 Stern .E = EU-zugelassene Hilfsstoffe.<br \/>\n<strong>Allergene :<\/strong> Gerste, Milch, Soja, . kann enthalten: N\u00fcsse, Erdn\u00fcsse, Sesam.<br \/>\nVorbereitung : <span class=\"HwtZe\" lang=\"ro\"><span class=\"jCAhz ChMk0b\"><span class=\"ryNqvb\">Die Wurstbr\u00f6tchen aus der Verpackung nehmen, auf einen Rost in der Mitte des vorgeheizten Ofens legen und 5 bis 7 Minuten backen<\/span><\/span><\/span>.<br \/>\n<strong>N\u00e4hrwertangaben\/100g:<\/strong><br \/>\nEnergie 1142 kJ \/ 273 kcal<br \/>\nFett 10,9 g, davon: ges\u00e4ttigtes Fett 3,9 g<br \/>\nKohlenhydrate 31,7 g, davon: Zucker 3,5 g<br \/>\nBallaststoffe 1,6 g<br \/>\nEiwei\u00df 11,3 g<br \/>\nSalz 1,45 g<\/p>\n<p>Hergestellt in Holland von G'woon , Antwoordnummer 3500, 4140 VH BEESD,<br \/>\nEinf\u00fchrer und H\u00e4ndler Total Blue Impex SRL<br \/>\n<a href=\"https:\/\/totalblue.ro\/wp-content\/uploads\/2021\/02\/beter-leven.jpeg\"><img loading=\"lazy\" decoding=\"async\" class=\"alignnone wp-image-27415\" src=\"https:\/\/totalblue.ro\/wp-content\/uploads\/2021\/02\/beter-leven-711x400.jpeg\" alt=\"\" width=\"192\" height=\"108\" srcset=\"https:\/\/totalblue.ro\/wp-content\/uploads\/2021\/02\/beter-leven-711x400.jpeg 711w, https:\/\/totalblue.ro\/wp-content\/uploads\/2021\/02\/beter-leven-510x287.jpeg 510w, https:\/\/totalblue.ro\/wp-content\/uploads\/2021\/02\/beter-leven-768x432.jpeg 768w, https:\/\/totalblue.ro\/wp-content\/uploads\/2021\/02\/beter-leven-600x337.jpeg 600w, https:\/\/totalblue.ro\/wp-content\/uploads\/2021\/02\/beter-leven-100x56.jpeg 100w, https:\/\/totalblue.ro\/wp-content\/uploads\/2021\/02\/beter-leven.jpeg 978w\" sizes=\"auto, (max-width: 192px) 100vw, 192px\" \/><\/a><\/p>\n<div class=\"gdlr-core-pbf-column-content clearfix gdlr-core-js gdlr-core-sync-height-content\">\n<div class=\"gdlr-core-pbf-element\">\n<div class=\"gdlr-core-text-box-item gdlr-core-item-pdlr gdlr-core-item-pdb gdlr-core-left-align textdetaliiprodus\">\n<div class=\"gdlr-core-text-box-item-content\"><\/div>\n<\/div>\n<\/div>\n<\/div>","protected":false},"excerpt":{"rendered":"<p>Continut si greutate: 70 de grame x 4 Bucati Total greutate 4 bucati = 280 grame Ingrediente: faina de grau, carne de porc 32%\u00b9, apa, pesmet (faina de grau, apa, tarate de grau, sare de drojdie, margarina (ulei de palmier, ulei de cocos, ulei de rapi\u021b\u0103ta, ulei de floarea soarelui, apa, sare, emulgator: E471, acid: [&#8230;]\n","protected":false},"featured_media":37371,"comment_status":"open","ping_status":"closed","template":"","meta":{"_acf_changed":false,"_seopress_robots_primary_cat":"none","_seopress_titles_title":"","_seopress_titles_desc":"","_seopress_robots_index":""},"product_brand":[1971],"product_cat":[1555,3296,1506,3304,1767,1954],"giftcard-category":[],"class_list":{"0":"post-37368","1":"product","2":"type-product","3":"status-publish","4":"has-post-thumbnail","6":"product_brand-gwoon","7":"product_cat-bacanie","8":"product_cat-brutarie-patiserie","9":"product_cat-cafea-ceai-mic-dejun","10":"product_cat-mic-dejun-produse-olanda","11":"product_cat-produse-olanda","12":"product_cat-semipreparate","14":"first","15":"outofstock","16":"taxable","17":"shipping-taxable","18":"purchasable","19":"product-type-simple"},"acf":[],"_links":{"self":[{"href":"https:\/\/totalblue.ro\/de\/wp-json\/wp\/v2\/product\/37368","targetHints":{"allow":["GET"]}}],"collection":[{"href":"https:\/\/totalblue.ro\/de\/wp-json\/wp\/v2\/product"}],"about":[{"href":"https:\/\/totalblue.ro\/de\/wp-json\/wp\/v2\/types\/product"}],"replies":[{"embeddable":true,"href":"https:\/\/totalblue.ro\/de\/wp-json\/wp\/v2\/comments?post=37368"}],"wp:featuredmedia":[{"embeddable":true,"href":"https:\/\/totalblue.ro\/de\/wp-json\/wp\/v2\/media\/37371"}],"wp:attachment":[{"href":"https:\/\/totalblue.ro\/de\/wp-json\/wp\/v2\/media?parent=37368"}],"wp:term":[{"taxonomy":"product_brand","embeddable":true,"href":"https:\/\/totalblue.ro\/de\/wp-json\/wp\/v2\/product_brand?post=37368"},{"taxonomy":"product_cat","embeddable":true,"href":"https:\/\/totalblue.ro\/de\/wp-json\/wp\/v2\/product_cat?post=37368"},{"taxonomy":"giftcard-category","embeddable":true,"href":"https:\/\/totalblue.ro\/de\/wp-json\/wp\/v2\/giftcard-category?post=37368"}],"curies":[{"name":"wp","href":"https:\/\/api.w.org\/{rel}","templated":true}]}}