{"id":38192,"date":"2021-11-16T12:46:54","date_gmt":"2021-11-16T10:46:54","guid":{"rendered":"https:\/\/totalblue.ro\/?post_type=product&#038;p=38192"},"modified":"2025-08-07T11:33:13","modified_gmt":"2025-08-07T08:33:13","slug":"mullers-muhle-linte-rosie-500-g","status":"publish","type":"product","link":"https:\/\/totalblue.ro\/de\/produs\/mullers-muhle-linte-rosie-500-g\/","title":{"rendered":"M\u00fcller&#8217;s M\u00fchle Linte rosie 500 g"},"content":{"rendered":"<p>Lintea roaie M\u00fcller&#8217;s M\u00fchle este curatata de coaja, are un timp scurt de gatire fara inmuiere, se gateste pana cand se inmoaie si capata gustul altor ingrediente.<br \/>\nCu M\u00fcller&#8217;s M\u00fchle Red Linte rosie puteti crea o varietate de feluri de mancaruri placute, cum ar fi supe, salate \u0219i sosuri. Pentru tine, familia \u0219i prietenii tai &#8211; garantat delicios!<br \/>\nPrimesti linte rosie M\u00fcller&#8217;s M\u00fchle ambalata intr-un pachet de 500 g.<br \/>\nLintea rosie M\u00fchle de la M\u00fcller este ideala pentru o dieta pe baza de plante.<\/p>\n<p><a href=\"https:\/\/totalblue.ro\/wp-content\/uploads\/2021\/11\/mod-preparare-linte.png\"><img loading=\"lazy\" decoding=\"async\" class=\"alignnone size-full wp-image-38205\" src=\"https:\/\/totalblue.ro\/wp-content\/uploads\/2021\/11\/mod-preparare-linte.png\" alt=\"\" width=\"532\" height=\"227\" srcset=\"https:\/\/totalblue.ro\/wp-content\/uploads\/2021\/11\/mod-preparare-linte.png 532w, https:\/\/totalblue.ro\/wp-content\/uploads\/2021\/11\/mod-preparare-linte-510x218.png 510w, https:\/\/totalblue.ro\/wp-content\/uploads\/2021\/11\/mod-preparare-linte-100x43.png 100w\" sizes=\"auto, (max-width: 532px) 100vw, 532px\" \/><\/a><br \/>\nValori nutritionale medii la 100 g gatite (F = 2,0)<br \/>\nEnergie 720 kJ \/ 170 kcal<br \/>\nGrasimi 0,7 g din care acizi grasi saturati 0,2 g<br \/>\nCarbohidrati 25 g din care zahar 0,6 g<br \/>\nFibre alimentare 6,0 g<br \/>\nEiwei\u00df 13 g<br \/>\nSare &lt;0,01 g<br \/>\nFier 20%** \/ 2,8 mg<br \/>\nIn functie de fermitatea dorita, timpul de gatire este de aproximativ 10 minute. Adaugati sare sau condimente numai dupa gatire, altfel timpii de gatire ar fi mai lungi.<br \/>\nPoate contine urme de grau, orz, soia si mustar.<\/p>","protected":false},"excerpt":{"rendered":"<p><a href=\"https:\/\/totalblue.ro\/wp-content\/uploads\/2021\/11\/linte-total-blue.jpg\"><img loading=\"lazy\" decoding=\"async\" class=\"alignnone wp-image-38203\" src=\"https:\/\/totalblue.ro\/wp-content\/uploads\/2021\/11\/linte-total-blue.jpg\" alt=\"\" width=\"423\" height=\"104\" srcset=\"https:\/\/totalblue.ro\/wp-content\/uploads\/2021\/11\/linte-total-blue.jpg 606w, https:\/\/totalblue.ro\/wp-content\/uploads\/2021\/11\/linte-total-blue-510x125.jpg 510w, https:\/\/totalblue.ro\/wp-content\/uploads\/2021\/11\/linte-total-blue-600x148.jpg 600w, https:\/\/totalblue.ro\/wp-content\/uploads\/2021\/11\/linte-total-blue-100x25.jpg 100w\" sizes=\"auto, (max-width: 423px) 100vw, 423px\" \/><\/a><\/p>","protected":false},"featured_media":38194,"comment_status":"open","ping_status":"closed","template":"","meta":{"_acf_changed":false,"_seopress_robots_primary_cat":"none","_seopress_titles_title":"","_seopress_titles_desc":"","_seopress_robots_index":""},"product_brand":[4399],"product_cat":[1555,1683,3372,3272,1950,1767],"giftcard-category":[],"class_list":{"0":"post-38192","1":"product","2":"type-product","3":"status-publish","4":"has-post-thumbnail","6":"product_brand-mullers-muhle","7":"product_cat-bacanie","8":"product_cat-conserve-mancare-gatita","9":"product_cat-conserve-produse-germania","10":"product_cat-conserve","11":"product_cat-produse-germania","12":"product_cat-produse-olanda","14":"first","15":"outofstock","16":"taxable","17":"shipping-taxable","18":"purchasable","19":"product-type-simple"},"acf":[],"_links":{"self":[{"href":"https:\/\/totalblue.ro\/de\/wp-json\/wp\/v2\/product\/38192","targetHints":{"allow":["GET"]}}],"collection":[{"href":"https:\/\/totalblue.ro\/de\/wp-json\/wp\/v2\/product"}],"about":[{"href":"https:\/\/totalblue.ro\/de\/wp-json\/wp\/v2\/types\/product"}],"replies":[{"embeddable":true,"href":"https:\/\/totalblue.ro\/de\/wp-json\/wp\/v2\/comments?post=38192"}],"wp:featuredmedia":[{"embeddable":true,"href":"https:\/\/totalblue.ro\/de\/wp-json\/wp\/v2\/media\/38194"}],"wp:attachment":[{"href":"https:\/\/totalblue.ro\/de\/wp-json\/wp\/v2\/media?parent=38192"}],"wp:term":[{"taxonomy":"product_brand","embeddable":true,"href":"https:\/\/totalblue.ro\/de\/wp-json\/wp\/v2\/product_brand?post=38192"},{"taxonomy":"product_cat","embeddable":true,"href":"https:\/\/totalblue.ro\/de\/wp-json\/wp\/v2\/product_cat?post=38192"},{"taxonomy":"giftcard-category","embeddable":true,"href":"https:\/\/totalblue.ro\/de\/wp-json\/wp\/v2\/giftcard-category?post=38192"}],"curies":[{"name":"wp","href":"https:\/\/api.w.org\/{rel}","templated":true}]}}