{"id":38235,"date":"2021-11-16T14:09:47","date_gmt":"2021-11-16T12:09:47","guid":{"rendered":"https:\/\/totalblue.ro\/?post_type=product&#038;p=38235"},"modified":"2025-08-05T13:15:45","modified_gmt":"2025-08-05T10:15:45","slug":"a-la-reis%ef%b8%8f-mazare-si-dovlecei-sub-forma-de-orez-240-g-bonduelle","status":"publish","type":"product","link":"https:\/\/totalblue.ro\/de\/produs\/a-la-reis%ef%b8%8f-mazare-si-dovlecei-sub-forma-de-orez-240-g-bonduelle\/","title":{"rendered":"\u00c0 LA REIS\u00ae\ufe0f Mazare si dovlecei sub forma de orez 240 g Bonduelle"},"content":{"rendered":"<p>La fel de usor ca orezul &#8211; de 4 ori mai multe proteine!!!<br \/>\n100% mazare si dovlecel in forma de orez. Bogata in proteine \u200b\u200bsi fibre. Pur \u0219i simplu se fierbe timp de 10 minute in apa clocotita, se stinge si se foloseste pentru preparatele tale clasice cu orez. \u00c0 LA REIS\u00ae\ufe0f fara gluten va aduce in farfurie varietate verde fabricata din ingrediente naturale!<br \/>\n<strong>Zutat<\/strong>: 95% faina de mazare, 5% pudra de dovlecel. Poate contine urme de soia.<br \/>\nValori nutritive:<br \/>\nEnergie (kJ) 1439 kJ<br \/>\nEnergie (kcal) 340 kcal<br \/>\nGrasimi (g) 1,7 g din care acizi grasi saturati (g) 0,2 g<br \/>\nCarbohidrati (g) 55,3 g<br \/>\nDin care zahar (g) 2,4 g<br \/>\nFibre alimentare (g) 8,8 g<br \/>\nProteine \u200b\u200b(g) 21,5 g<br \/>\nSare (g) 0,01 g<\/p>\n<p>Cu noul \u00c0 LA REIS\u00ae\ufe0f Erbsen &amp; Zucchini ( mazare si dovlecei ), este foarte usor sa integrezi proteinele vegetale si fibrele in alimentatia de zi cu zi \u00een mod obisnuit. Pentru c\u0103 cu \u00c0 LA REIS\u00ae\ufe0f Erbsen &amp; Zucchini, Bonduelle a gasit o modalitate de a combina mazarea cu legumele intr-un mod delicios ai de a le aduce sub forma de orez &#8211; cu de 4 ori mai multe proteine \u200b\u200bdec\u00e2t orezul.<\/p>\n<p>\u00c0 LA REIS\u00ae\ufe0f este la fel de u\u0219or de preparat ca orezul clasic: pur \u0219i simplu puneti-l intr-o cratita cu apa clocotita si gatiti timp de zece minute &#8211; gata! Orezul este facut din ingrediente 100% naturale, vegane si fara gluten. Noua crea\u021bie \u00c0 LA REIS\u00ae\ufe0f este ideala pentru toate preparatele tale obisnuite cu orez. Poate fi folosit ca baza pentru mancaruri calde si reci, de exemplu pentru boluri colorate, risotto italian sau intr-o form\u0103 dulce pentru deserturi precum budinca de orez.<\/p>\n<p>&nbsp;<\/p>","protected":false},"excerpt":{"rendered":"<p><a href=\"https:\/\/totalblue.ro\/wp-content\/uploads\/2021\/04\/nutri-score.jpg\"><img loading=\"lazy\" decoding=\"async\" class=\"alignnone wp-image-28257\" src=\"https:\/\/totalblue.ro\/wp-content\/uploads\/2021\/04\/nutri-score.jpg\" alt=\"\" width=\"137\" height=\"96\" srcset=\"https:\/\/totalblue.ro\/wp-content\/uploads\/2021\/04\/nutri-score.jpg 500w, https:\/\/totalblue.ro\/wp-content\/uploads\/2021\/04\/nutri-score-100x70.jpg 100w\" sizes=\"auto, (max-width: 137px) 100vw, 137px\" \/><\/a><\/p>\n<a class=\"button succes is-small popmake-2819\" style=\"border-radius:10px;\">\n\t\t<span>Nutri-Score<\/span>\n\t<\/a>","protected":false},"featured_media":38236,"comment_status":"open","ping_status":"closed","template":"","meta":{"_acf_changed":false,"_seopress_robots_primary_cat":"none","_seopress_titles_title":"","_seopress_titles_desc":"","_seopress_robots_index":""},"product_brand":[1804],"product_cat":[1555,3272,3372,1362,1950,1767],"giftcard-category":[],"class_list":{"0":"post-38235","1":"product","2":"type-product","3":"status-publish","4":"has-post-thumbnail","6":"product_brand-bonduelle","7":"product_cat-bacanie","8":"product_cat-conserve","9":"product_cat-conserve-produse-germania","10":"product_cat-ulei-orez-faina-zahar","11":"product_cat-produse-germania","12":"product_cat-produse-olanda","14":"first","15":"outofstock","16":"taxable","17":"shipping-taxable","18":"purchasable","19":"product-type-simple"},"acf":[],"_links":{"self":[{"href":"https:\/\/totalblue.ro\/de\/wp-json\/wp\/v2\/product\/38235","targetHints":{"allow":["GET"]}}],"collection":[{"href":"https:\/\/totalblue.ro\/de\/wp-json\/wp\/v2\/product"}],"about":[{"href":"https:\/\/totalblue.ro\/de\/wp-json\/wp\/v2\/types\/product"}],"replies":[{"embeddable":true,"href":"https:\/\/totalblue.ro\/de\/wp-json\/wp\/v2\/comments?post=38235"}],"wp:featuredmedia":[{"embeddable":true,"href":"https:\/\/totalblue.ro\/de\/wp-json\/wp\/v2\/media\/38236"}],"wp:attachment":[{"href":"https:\/\/totalblue.ro\/de\/wp-json\/wp\/v2\/media?parent=38235"}],"wp:term":[{"taxonomy":"product_brand","embeddable":true,"href":"https:\/\/totalblue.ro\/de\/wp-json\/wp\/v2\/product_brand?post=38235"},{"taxonomy":"product_cat","embeddable":true,"href":"https:\/\/totalblue.ro\/de\/wp-json\/wp\/v2\/product_cat?post=38235"},{"taxonomy":"giftcard-category","embeddable":true,"href":"https:\/\/totalblue.ro\/de\/wp-json\/wp\/v2\/giftcard-category?post=38235"}],"curies":[{"name":"wp","href":"https:\/\/api.w.org\/{rel}","templated":true}]}}