{"id":38565,"date":"2021-11-18T12:05:02","date_gmt":"2021-11-18T10:05:02","guid":{"rendered":"https:\/\/totalblue.ro\/?post_type=product&#038;p=38565"},"modified":"2023-02-07T16:04:40","modified_gmt":"2023-02-07T14:04:40","slug":"milky-way-duo-creme-streichfahig-200g","status":"publish","type":"product","link":"https:\/\/totalblue.ro\/de\/produs\/milky-way-crema-tartinabila-duo-200g\/","title":{"rendered":"Milky Way Duo Spre streichf\u00e4hige Creme 200g"},"content":{"rendered":"<p>Zutaten: Raps\u00f6l, Palm\u00f6l, Magermilchpulver (7%), fettarmer Kakao (3,7%), S\u00fc\u00dfmolkenpulver (aus Milch), Calciumcarbonat, Emulgator: Lecithine, Vanilleextrakt.<br \/>\nAllergene: Kann enthalten: Erdn\u00fcsse, Mandeln.<br \/>\nVerpackung: Glas mit Deckel<br \/>\nRotbarsch Gewicht 400 g<br \/>\nN\u00e4hrwertangaben (pro 100 g)<br \/>\nEnergie (kj) 2331<br \/>\nEnergie (kcal) 556,6<br \/>\nFett (g) 35 ges\u00e4ttigte Fetts\u00e4uren (g) 8,3<br \/>\nKohlenhydrate (g) 56 davon Zucker (g) 56<br \/>\nBallaststoffe (g) 0<br \/>\nEiwei\u00df (g) 3,6<br \/>\nSalz (g) 0,15<br \/>\nNatrium (g) 0,1<\/p>\n<p>Hersteller Mars Chocolate Drinks and Treats Europe<br \/>\nEinf\u00fchrer: Total Blue Impex SRL, Bukarest, Rum\u00e4nien<\/p>","protected":false},"excerpt":{"rendered":"<p>Ingrediente: ulei de rapita, ulei de palmier, lapte praf degresat (7%), cacao cu continut scazut de grasimi (3,7%), zer praf dulce (din lapte), carbonat de calciu, emulgator: lecitine, extract de vanilie. Alergeni: Poate contine: alune de padure, migdale. Ambalaj: pahar de sticla cu capac greutate cantarita 400 g Informa\u021bii nutri\u021bionale (la 100 g) Energie (kj) [&#8230;]\n","protected":false},"featured_media":38558,"comment_status":"open","ping_status":"closed","template":"","meta":{"_acf_changed":false,"_seopress_robots_primary_cat":"none","_seopress_titles_title":"","_seopress_titles_desc":"","_seopress_robots_index":""},"product_brand":[4511],"product_cat":[1555,1506,3338,3436,3404,3304,1950,1767],"giftcard-category":[],"class_list":{"0":"post-38565","1":"product","2":"type-product","3":"status-publish","4":"has-post-thumbnail","6":"product_brand-milky-way","7":"product_cat-bacanie","8":"product_cat-cafea-ceai-mic-dejun","9":"product_cat-dulciuri-snacksuri","10":"product_cat-dulciuri-snacks-produse-germania","11":"product_cat-mic-dejun-produse-germania","12":"product_cat-mic-dejun-produse-olanda","13":"product_cat-produse-germania","14":"product_cat-produse-olanda","16":"first","17":"outofstock","18":"taxable","19":"shipping-taxable","20":"purchasable","21":"product-type-simple"},"acf":[],"_links":{"self":[{"href":"https:\/\/totalblue.ro\/de\/wp-json\/wp\/v2\/product\/38565","targetHints":{"allow":["GET"]}}],"collection":[{"href":"https:\/\/totalblue.ro\/de\/wp-json\/wp\/v2\/product"}],"about":[{"href":"https:\/\/totalblue.ro\/de\/wp-json\/wp\/v2\/types\/product"}],"replies":[{"embeddable":true,"href":"https:\/\/totalblue.ro\/de\/wp-json\/wp\/v2\/comments?post=38565"}],"wp:featuredmedia":[{"embeddable":true,"href":"https:\/\/totalblue.ro\/de\/wp-json\/wp\/v2\/media\/38558"}],"wp:attachment":[{"href":"https:\/\/totalblue.ro\/de\/wp-json\/wp\/v2\/media?parent=38565"}],"wp:term":[{"taxonomy":"product_brand","embeddable":true,"href":"https:\/\/totalblue.ro\/de\/wp-json\/wp\/v2\/product_brand?post=38565"},{"taxonomy":"product_cat","embeddable":true,"href":"https:\/\/totalblue.ro\/de\/wp-json\/wp\/v2\/product_cat?post=38565"},{"taxonomy":"giftcard-category","embeddable":true,"href":"https:\/\/totalblue.ro\/de\/wp-json\/wp\/v2\/giftcard-category?post=38565"}],"curies":[{"name":"wp","href":"https:\/\/api.w.org\/{rel}","templated":true}]}}