{"id":38692,"date":"2021-11-19T16:31:18","date_gmt":"2021-11-19T14:31:18","guid":{"rendered":"https:\/\/totalblue.ro\/?post_type=product&#038;p=38692"},"modified":"2026-01-21T12:33:25","modified_gmt":"2026-01-21T10:33:25","slug":"pickwick-wintergluhen-gewurztee-mit-orangenschalen-20-portionsbeutel","status":"publish","type":"product","link":"https:\/\/totalblue.ro\/de\/produs\/pickwick-winter-glow-ceai-picant-cu-coaja-de-portocala-20-pliculete\/","title":{"rendered":"Pickwick Winter Glow Gew\u00fcrztee mit Orangenschalen 20 Beutel"},"content":{"rendered":"<p>Ein besonderer Wintertee, der den k\u00f6stlichen Geschmack von Tee mit dem reichen Aroma von Gew\u00fcrzen und Orangenschalen verbindet.<br \/>\nTeesorte: Schwarzer Tee.<br \/>\nW\u00fcrzig-fruchtiger Geschmack nach Gew\u00fcrzen und Orange.<br \/>\nK\u00f6stlich f\u00fcr den Winter!<br \/>\n1 Pickwick Winter Glow Spicy Winter Glow Tea with Orange Peel enth\u00e4lt 20 Beutel x 2 g = 40 g<br \/>\n<strong>Inhaltsstoff:<\/strong> Schwarzer Tee, Gew\u00fcrze (10% Zimt, Nelken (0,4%)), Aromen, Orangenschalen (2%).<br \/>\n<strong>Wie man sich vorbereitet:<\/strong>Gie\u00dfen Sie kochendes Wasser (100\u00b0C) in eine Tasse. Lassen Sie den Teebeutel 2 bis 3 Minuten in der Tasse.<br \/>\nHinweis: Tasse kann hei\u00df sein! Der Tee kann hei\u00df sein!<br \/>\n<strong>Lagerung:<\/strong> An einem trockenen, dunklen Ort bei Zimmertemperatur aufbewahren.<br \/>\nHergestellt von JACOBS DOUWE EGBERTS , Oosterdoksstraat 80, 1011DK Amsterdam, Die Niederlande\/Holandsko<br \/>\nEinf\u00fchrer und H\u00e4ndler Total Blue Impex SRL<br \/>\n<a href=\"https:\/\/totalblue.ro\/wp-content\/uploads\/2020\/12\/Rainforest-Alliance.jpeg\"><img loading=\"lazy\" decoding=\"async\" class=\"alignnone wp-image-27609\" src=\"https:\/\/totalblue.ro\/wp-content\/uploads\/2020\/12\/Rainforest-Alliance-699x400.jpeg\" alt=\"\" width=\"143\" height=\"82\" srcset=\"https:\/\/totalblue.ro\/wp-content\/uploads\/2020\/12\/Rainforest-Alliance-699x400.jpeg 699w, https:\/\/totalblue.ro\/wp-content\/uploads\/2020\/12\/Rainforest-Alliance-510x292.jpeg 510w, https:\/\/totalblue.ro\/wp-content\/uploads\/2020\/12\/Rainforest-Alliance-768x440.jpeg 768w, https:\/\/totalblue.ro\/wp-content\/uploads\/2020\/12\/Rainforest-Alliance-600x343.jpeg 600w, https:\/\/totalblue.ro\/wp-content\/uploads\/2020\/12\/Rainforest-Alliance-100x57.jpeg 100w, https:\/\/totalblue.ro\/wp-content\/uploads\/2020\/12\/Rainforest-Alliance.jpeg 959w\" sizes=\"auto, (max-width: 143px) 100vw, 143px\" \/><\/a><a href=\"https:\/\/totalblue.ro\/wp-content\/uploads\/2021\/08\/ethical-tea-partnership.jpg\"><img loading=\"lazy\" decoding=\"async\" class=\"alignnone wp-image-32632\" src=\"https:\/\/totalblue.ro\/wp-content\/uploads\/2021\/08\/ethical-tea-partnership.jpg\" alt=\"\" width=\"207\" height=\"61\" srcset=\"https:\/\/totalblue.ro\/wp-content\/uploads\/2021\/08\/ethical-tea-partnership.jpg 400w, https:\/\/totalblue.ro\/wp-content\/uploads\/2021\/08\/ethical-tea-partnership-100x30.jpg 100w\" sizes=\"auto, (max-width: 207px) 100vw, 207px\" \/><\/a><a href=\"https:\/\/totalblue.ro\/wp-content\/uploads\/2021\/08\/Groene-Punt.jpg\"><img loading=\"lazy\" decoding=\"async\" class=\"alignnone wp-image-32627\" src=\"https:\/\/totalblue.ro\/wp-content\/uploads\/2021\/08\/Groene-Punt.jpg\" alt=\"\" width=\"71\" height=\"71\" srcset=\"https:\/\/totalblue.ro\/wp-content\/uploads\/2021\/08\/Groene-Punt.jpg 300w, https:\/\/totalblue.ro\/wp-content\/uploads\/2021\/08\/Groene-Punt-100x100.jpg 100w, https:\/\/totalblue.ro\/wp-content\/uploads\/2021\/08\/Groene-Punt-280x280.jpg 280w\" sizes=\"auto, (max-width: 71px) 100vw, 71px\" \/><\/a><\/p>","protected":false},"excerpt":{"rendered":"<p>Un ceai special de iarna care combina gustul delicios al ceaiului cu gustul bogat al condimentelor si al cojii de portocala. Tipul ceaiului: ceai negru. Gust picant si fructat de condimente si portocale. Delicios pentru iarna! 1 pachet Pickwick Ceai Winter Glow picant cu coaja de portocala contine 20 pliculete x 2 g = 40 [&#8230;]\n","protected":false},"featured_media":102918,"comment_status":"open","ping_status":"closed","template":"","meta":{"_acf_changed":false,"_seopress_robots_primary_cat":"none","_seopress_titles_title":"","_seopress_titles_desc":"","_seopress_robots_index":""},"product_brand":[2080],"product_cat":[1555,1506,3320,1767],"giftcard-category":[],"class_list":{"0":"post-38692","1":"product","2":"type-product","3":"status-publish","4":"has-post-thumbnail","6":"product_brand-pickwick","7":"product_cat-bacanie","8":"product_cat-cafea-ceai-mic-dejun","9":"product_cat-cafea-ceai-lapte","10":"product_cat-produse-olanda","12":"first","13":"outofstock","14":"taxable","15":"shipping-taxable","16":"purchasable","17":"product-type-simple"},"acf":[],"_links":{"self":[{"href":"https:\/\/totalblue.ro\/de\/wp-json\/wp\/v2\/product\/38692","targetHints":{"allow":["GET"]}}],"collection":[{"href":"https:\/\/totalblue.ro\/de\/wp-json\/wp\/v2\/product"}],"about":[{"href":"https:\/\/totalblue.ro\/de\/wp-json\/wp\/v2\/types\/product"}],"replies":[{"embeddable":true,"href":"https:\/\/totalblue.ro\/de\/wp-json\/wp\/v2\/comments?post=38692"}],"wp:featuredmedia":[{"embeddable":true,"href":"https:\/\/totalblue.ro\/de\/wp-json\/wp\/v2\/media\/102918"}],"wp:attachment":[{"href":"https:\/\/totalblue.ro\/de\/wp-json\/wp\/v2\/media?parent=38692"}],"wp:term":[{"taxonomy":"product_brand","embeddable":true,"href":"https:\/\/totalblue.ro\/de\/wp-json\/wp\/v2\/product_brand?post=38692"},{"taxonomy":"product_cat","embeddable":true,"href":"https:\/\/totalblue.ro\/de\/wp-json\/wp\/v2\/product_cat?post=38692"},{"taxonomy":"giftcard-category","embeddable":true,"href":"https:\/\/totalblue.ro\/de\/wp-json\/wp\/v2\/giftcard-category?post=38692"}],"curies":[{"name":"wp","href":"https:\/\/api.w.org\/{rel}","templated":true}]}}