{"id":38862,"date":"2021-11-22T14:26:08","date_gmt":"2021-11-22T12:26:08","guid":{"rendered":"https:\/\/totalblue.ro\/?post_type=product&#038;p=38862"},"modified":"2023-04-10T16:31:24","modified_gmt":"2023-04-10T13:31:24","slug":"bavaria-bere-fara-alccol-00-rose-fructat-330ml-doza-import-olanda","status":"publish","type":"product","link":"https:\/\/totalblue.ro\/de\/produs\/bavaria-bere-fara-alccol-00-rose-fructat-330ml-doza-import-olanda\/","title":{"rendered":"Bavaria alkoholfreies Bier 0,0% ros\u00e9 fruchtig 330ml, Dose, Import Holland"},"content":{"rendered":"<p>Bere ros\u00e9 racoritoare, complet fara alcool, cu o nota surprinzatoare de fructe rosii. Zmeura, ciresele si afinele ofera o aroma bogata, proaspata si dulce de fructe a acestei beri Bavaria !<br \/>\nAlkohol: 0,00% vol.<br \/>\nProdukt online verf\u00fcgbar<br \/>\nGust: proaspat dulce, fructat, potoleste setea.<br \/>\nDelicioasa cu: peste alb afumat, salate de fructe de vara si panna cotta.<br \/>\n<strong>Inhaltsstoff:<\/strong> apa minerala naturala, zahar, malt de grau, malt de orz, sucuri de fructe din concentrat 0,35% (din care 14,5% zmeura, 34% cirese, 14,5% afine, 37% soc), acid alimentar: acid citric, arome naturale, hamei extrage.<br \/>\n<strong>Allergene:<\/strong>contine cereale care contin gluten, grau, orz.<br \/>\nAchten Sie auf hohe Temperaturen und Frost.<br \/>\nRecomandari: a se consuma la temperatura de 3 grade Celsius.<br \/>\n<strong>N\u00e4hrwertangaben:<\/strong><br \/>\nEnergie 147 kJ (35 kcal)<br \/>\nFett 0 g, davon ges\u00e4ttigte Fette 0 g<br \/>\nGlucide 8,7 g din care zaharuri 7,2 g<br \/>\nEiwei\u00df 0,2 g<br \/>\nSalz 0 g<br \/>\nJuristische L\u00fcgen: Alkohol schadet Ihrer Gesundheit. Trinken Sie in Ma\u00dfen. Der Verkauf an unter 18-J\u00e4hrige ist verboten. www.desprealcool.ro<br \/>\nProducator: Bavaria Consumentenservice, Antwoordnr. 4000, 5737 ZX Lieshout, The Netherland<br \/>\nEinf\u00fchrer und H\u00e4ndler Total Blue Impex SRL<\/p>","protected":false},"excerpt":{"rendered":"<p>Der angezeigte Preis gilt pro St\u00fcck!<\/p>","protected":false},"featured_media":38863,"comment_status":"open","ping_status":"closed","template":"","meta":{"_acf_changed":false,"_seopress_robots_primary_cat":"none","_seopress_titles_title":"","_seopress_titles_desc":"","_seopress_robots_index":""},"product_brand":[4571],"product_cat":[1555,1519,1767,3312],"giftcard-category":[],"class_list":{"0":"post-38862","1":"product","2":"type-product","3":"status-publish","4":"has-post-thumbnail","6":"product_brand-bavaria","7":"product_cat-bacanie","8":"product_cat-bauturi-alcoolice-bere","9":"product_cat-produse-olanda","10":"product_cat-bauturi-racoritoare-produse-olanda","12":"first","13":"outofstock","14":"taxable","15":"shipping-taxable","16":"purchasable","17":"product-type-simple"},"acf":[],"_links":{"self":[{"href":"https:\/\/totalblue.ro\/de\/wp-json\/wp\/v2\/product\/38862","targetHints":{"allow":["GET"]}}],"collection":[{"href":"https:\/\/totalblue.ro\/de\/wp-json\/wp\/v2\/product"}],"about":[{"href":"https:\/\/totalblue.ro\/de\/wp-json\/wp\/v2\/types\/product"}],"replies":[{"embeddable":true,"href":"https:\/\/totalblue.ro\/de\/wp-json\/wp\/v2\/comments?post=38862"}],"wp:featuredmedia":[{"embeddable":true,"href":"https:\/\/totalblue.ro\/de\/wp-json\/wp\/v2\/media\/38863"}],"wp:attachment":[{"href":"https:\/\/totalblue.ro\/de\/wp-json\/wp\/v2\/media?parent=38862"}],"wp:term":[{"taxonomy":"product_brand","embeddable":true,"href":"https:\/\/totalblue.ro\/de\/wp-json\/wp\/v2\/product_brand?post=38862"},{"taxonomy":"product_cat","embeddable":true,"href":"https:\/\/totalblue.ro\/de\/wp-json\/wp\/v2\/product_cat?post=38862"},{"taxonomy":"giftcard-category","embeddable":true,"href":"https:\/\/totalblue.ro\/de\/wp-json\/wp\/v2\/giftcard-category?post=38862"}],"curies":[{"name":"wp","href":"https:\/\/api.w.org\/{rel}","templated":true}]}}