{"id":38912,"date":"2021-11-22T15:50:31","date_gmt":"2021-11-22T13:50:31","guid":{"rendered":"https:\/\/totalblue.ro\/?post_type=product&#038;p=38912"},"modified":"2026-01-13T13:49:58","modified_gmt":"2026-01-13T11:49:58","slug":"gwoon-gewurze-muskatnuss-48-g","status":"publish","type":"product","link":"https:\/\/totalblue.ro\/de\/produs\/gwoon-condimente-nucsoara-48-g\/","title":{"rendered":"Gwoon Gew\u00fcrze Muskatnuss 48 g"},"content":{"rendered":"<p>Es enth\u00e4lt die besten Gew\u00fcrze.<br \/>\nIdeal f\u00fcr Gem\u00fcse wie Blumenkohl, Chicor\u00e9e, gr\u00fcne Bohnen und Spargel.<br \/>\nN\u00fctzlich f\u00fcr die K\u00fcche.<br \/>\nInhalt und Gewicht 48 Gramm \/ Flockentyp.<br \/>\nZutaten.<br \/>\nEnergie 2454 kJ \/ 589 kcal<br \/>\nFett 39,0 g, davon: ges\u00e4ttigtes Fett 33,0 g<br \/>\nKohlenhydrate 44,0 g, davon: Zucker 0,0 g<br \/>\nEiwei\u00df 14,0 g<br \/>\nSalz* 0,03 g<br \/>\n* Enth\u00e4lt nur nat\u00fcrliches Salz.<br \/>\nVerzehrsdatum: siehe Datum auf der Packung. An einem dunklen und trockenen Ort, vor Sonnenlicht gesch\u00fctzt, aufbewahren.<\/p>","protected":false},"excerpt":{"rendered":"<p>Contine cele mai bune condimente. Ideal peste legume precum conopida, cicoarea, fasolea verde si sparanghelul. Util \u00een bucatarie. Continut si greutate 48 grame \/ tip solnita. Ingrediente: Nucsoara. Energie 2454 kJ \/ 589 kcal Grasimi 39,0 g din care: grasimi saturate 33,0 g Carbohidrati 44,0 g din care: zaharuri 0,0 g Proteine \u200b\u200b14,0 g Sare* [&#8230;]\n","protected":false},"featured_media":38913,"comment_status":"open","ping_status":"closed","template":"","meta":{"_acf_changed":false,"_seopress_robots_primary_cat":"none","_seopress_titles_title":"","_seopress_titles_desc":"","_seopress_robots_index":""},"product_brand":[1971],"product_cat":[1555,1451,3280,1767],"giftcard-category":[],"class_list":{"0":"post-38912","1":"product","2":"type-product","3":"status-publish","4":"has-post-thumbnail","6":"product_brand-gwoon","7":"product_cat-bacanie","8":"product_cat-condimente-produse-instant","9":"product_cat-condimente-sosuri","10":"product_cat-produse-olanda","12":"first","13":"outofstock","14":"taxable","15":"shipping-taxable","16":"purchasable","17":"product-type-simple"},"acf":[],"_links":{"self":[{"href":"https:\/\/totalblue.ro\/de\/wp-json\/wp\/v2\/product\/38912","targetHints":{"allow":["GET"]}}],"collection":[{"href":"https:\/\/totalblue.ro\/de\/wp-json\/wp\/v2\/product"}],"about":[{"href":"https:\/\/totalblue.ro\/de\/wp-json\/wp\/v2\/types\/product"}],"replies":[{"embeddable":true,"href":"https:\/\/totalblue.ro\/de\/wp-json\/wp\/v2\/comments?post=38912"}],"wp:featuredmedia":[{"embeddable":true,"href":"https:\/\/totalblue.ro\/de\/wp-json\/wp\/v2\/media\/38913"}],"wp:attachment":[{"href":"https:\/\/totalblue.ro\/de\/wp-json\/wp\/v2\/media?parent=38912"}],"wp:term":[{"taxonomy":"product_brand","embeddable":true,"href":"https:\/\/totalblue.ro\/de\/wp-json\/wp\/v2\/product_brand?post=38912"},{"taxonomy":"product_cat","embeddable":true,"href":"https:\/\/totalblue.ro\/de\/wp-json\/wp\/v2\/product_cat?post=38912"},{"taxonomy":"giftcard-category","embeddable":true,"href":"https:\/\/totalblue.ro\/de\/wp-json\/wp\/v2\/giftcard-category?post=38912"}],"curies":[{"name":"wp","href":"https:\/\/api.w.org\/{rel}","templated":true}]}}