{"id":39361,"date":"2021-11-26T14:41:44","date_gmt":"2021-11-26T12:41:44","guid":{"rendered":"https:\/\/totalblue.ro\/?post_type=product&#038;p=39361"},"modified":"2023-02-15T11:39:52","modified_gmt":"2023-02-15T09:39:52","slug":"schwartau-dulceata-extra-de-afine-de-padure-340-g","status":"publish","type":"product","link":"https:\/\/totalblue.ro\/de\/produs\/schwartau-dulceata-extra-de-afine-de-padure-340-g\/","title":{"rendered":"Schwartau Extra S\u00fc\u00dfe Brombeerkonfit\u00fcre 340 g"},"content":{"rendered":"<p>Schwartau Extra S\u00fc\u00dfe Brombeerkonfit\u00fcre 340 g<br \/>\nOhne Zusatz von Konservierungsstoffen<br \/>\nKeine Farbstoffe<br \/>\nKeine anderen Geschmacksrichtungen<br \/>\nGlutenfrei<br \/>\nLaktosefrei<br \/>\nVegan \/ Vegetarisch<br \/>\n<strong>Zutat<\/strong> : Zahar, afine, concentrat de suc de lamaie, agent de gelifiere: pectina (din fructe).<br \/>\nAlergeni: Nu contine nici un alergen care trebuie etichetat.<br \/>\n<strong>Lagerungsbedingungen:<\/strong> Trocken, k\u00fchl und vor direkter Sonneneinstrahlung gesch\u00fctzt lagern. Verzehrsdatum: siehe Verpackung.<br \/>\nAufmachung: Glasgef\u00e4\u00df mit Deckel<br \/>\n<strong>N\u00e4hrwertangaben:<\/strong><br \/>\nEnergie (kJ): 959<br \/>\nEnergie (kcal): 226<br \/>\nGrasimi (g): 0,3 din care acizi grasi saturati (g): 0,0<br \/>\nCarbohidrati (g): 53,7 din care zaharuri (g): 53,3<br \/>\nEiwei\u00df (g): 0,3<br \/>\nSare (g): 0,01<\/p>\n<p>Produziert von Schwartauer Werke GmbH &amp; Co. KGaA. L\u00fcbecker Str. 49-55, 23611 Bad Schwartau<br \/>\nEinf\u00fchrer und H\u00e4ndler Total Blue Impex SRL<\/p>\n<p>&nbsp;<\/p>","protected":false},"excerpt":{"rendered":"<p>Schwartau Dulceata Extra de Afine de Padure 340 g Fara adaos de conservanti Fara coloranti Fara alte arome Fara gluten Fara lactoza Vegan \/ Vegetarian Ingrediente : Zahar, afine, concentrat de suc de lamaie, agent de gelifiere: pectina (din fructe). Alergeni: Nu contine nici un alergen care trebuie etichetat. Conditii de pastrare: A se pastra [&#8230;]\n","protected":false},"featured_media":39363,"comment_status":"open","ping_status":"closed","template":"","meta":{"_acf_changed":false,"_seopress_robots_primary_cat":"none","_seopress_titles_title":"","_seopress_titles_desc":"","_seopress_robots_index":""},"product_brand":[4668],"product_cat":[1555,1506,3436,3304,3404,1950,1767],"giftcard-category":[],"class_list":{"0":"post-39361","1":"product","2":"type-product","3":"status-publish","4":"has-post-thumbnail","6":"product_brand-schwartau","7":"product_cat-bacanie","8":"product_cat-cafea-ceai-mic-dejun","9":"product_cat-dulciuri-snacks-produse-germania","10":"product_cat-mic-dejun-produse-olanda","11":"product_cat-mic-dejun-produse-germania","12":"product_cat-produse-germania","13":"product_cat-produse-olanda","15":"first","16":"outofstock","17":"taxable","18":"shipping-taxable","19":"purchasable","20":"product-type-simple"},"acf":[],"_links":{"self":[{"href":"https:\/\/totalblue.ro\/de\/wp-json\/wp\/v2\/product\/39361","targetHints":{"allow":["GET"]}}],"collection":[{"href":"https:\/\/totalblue.ro\/de\/wp-json\/wp\/v2\/product"}],"about":[{"href":"https:\/\/totalblue.ro\/de\/wp-json\/wp\/v2\/types\/product"}],"replies":[{"embeddable":true,"href":"https:\/\/totalblue.ro\/de\/wp-json\/wp\/v2\/comments?post=39361"}],"wp:featuredmedia":[{"embeddable":true,"href":"https:\/\/totalblue.ro\/de\/wp-json\/wp\/v2\/media\/39363"}],"wp:attachment":[{"href":"https:\/\/totalblue.ro\/de\/wp-json\/wp\/v2\/media?parent=39361"}],"wp:term":[{"taxonomy":"product_brand","embeddable":true,"href":"https:\/\/totalblue.ro\/de\/wp-json\/wp\/v2\/product_brand?post=39361"},{"taxonomy":"product_cat","embeddable":true,"href":"https:\/\/totalblue.ro\/de\/wp-json\/wp\/v2\/product_cat?post=39361"},{"taxonomy":"giftcard-category","embeddable":true,"href":"https:\/\/totalblue.ro\/de\/wp-json\/wp\/v2\/giftcard-category?post=39361"}],"curies":[{"name":"wp","href":"https:\/\/api.w.org\/{rel}","templated":true}]}}