{"id":39365,"date":"2021-11-26T15:11:06","date_gmt":"2021-11-26T13:11:06","guid":{"rendered":"https:\/\/totalblue.ro\/?post_type=product&#038;p=39365"},"modified":"2024-02-13T11:54:18","modified_gmt":"2024-02-13T09:54:18","slug":"schwartau-dulceata-extra-de-piersici-340-g","status":"publish","type":"product","link":"https:\/\/totalblue.ro\/de\/produs\/schwartau-dulceata-extra-de-piersici-340-g\/","title":{"rendered":"Schwartau Extra S\u00fc\u00dfe Pfirsichkonfit\u00fcre 340 g"},"content":{"rendered":"<p>Schwartau Extra S\u00fc\u00dfe Pfirsichkonfit\u00fcre 340 g<br \/>\nOhne Zusatz von Konservierungsstoffen<br \/>\nKeine Farbstoffe<br \/>\nKeine anderen Geschmacksrichtungen<br \/>\nGlutenfrei<br \/>\nLaktosefrei<br \/>\nVegan \/ Vegetarisch<br \/>\n<strong>Zutat<\/strong> :Piersici, zahar, suc concentrat de lamaie, agent de gelifiere pectina.<br \/>\nAlergeni: Nu contine nici un alergen care trebuie etichetat.<br \/>\n<strong>Lagerungsbedingungen:<\/strong> Trocken, k\u00fchl und vor direkter Sonneneinstrahlung gesch\u00fctzt lagern. Verzehrsdatum: siehe Verpackung.<br \/>\nAufmachung: Glasgef\u00e4\u00df mit Deckel<br \/>\n<strong>N\u00e4hrwertangaben:<\/strong><br \/>\nEnergie (kJ): 966<br \/>\nEnergie (kcal): 228<br \/>\nGrasimi (g): 0.01 din care acizi grasi saturati (g): 0,0<br \/>\nCarbohidrati (g): 55.6 din care zaharuri (g): 54.8<br \/>\nProteine \u200b\u200b(g): 0.4<br \/>\nSare (g): 0.03<\/p>\n<p>Produziert von Schwartauer Werke GmbH &amp; Co. KGaA. L\u00fcbecker Str. 49-55, 23611 Bad Schwartau<br \/>\nEinf\u00fchrer und H\u00e4ndler Total Blue Impex SRL<\/p>\n<p>&nbsp;<\/p>","protected":false},"excerpt":{"rendered":"<p>Schwartau Dulceata Extra de Piersici 340 g Fara adaos de conservanti Fara coloranti Fara alte arome Fara gluten Fara lactoza Vegan \/ Vegetarian Ingrediente :Piersici, zahar, suc concentrat de lamaie, agent de gelifiere pectina. Alergeni: Nu contine nici un alergen care trebuie etichetat. Conditii de pastrare: A se pastra la loc uscat si racoros, ferit [&#8230;]\n","protected":false},"featured_media":39367,"comment_status":"open","ping_status":"closed","template":"","meta":{"_acf_changed":false,"_seopress_robots_primary_cat":"none","_seopress_titles_title":"","_seopress_titles_desc":"","_seopress_robots_index":""},"product_brand":[4668],"product_cat":[1555,1506,3436,3404,3304,1950,1767],"giftcard-category":[],"class_list":{"0":"post-39365","1":"product","2":"type-product","3":"status-publish","4":"has-post-thumbnail","6":"product_brand-schwartau","7":"product_cat-bacanie","8":"product_cat-cafea-ceai-mic-dejun","9":"product_cat-dulciuri-snacks-produse-germania","10":"product_cat-mic-dejun-produse-germania","11":"product_cat-mic-dejun-produse-olanda","12":"product_cat-produse-germania","13":"product_cat-produse-olanda","15":"first","16":"outofstock","17":"taxable","18":"shipping-taxable","19":"purchasable","20":"product-type-simple"},"acf":[],"_links":{"self":[{"href":"https:\/\/totalblue.ro\/de\/wp-json\/wp\/v2\/product\/39365","targetHints":{"allow":["GET"]}}],"collection":[{"href":"https:\/\/totalblue.ro\/de\/wp-json\/wp\/v2\/product"}],"about":[{"href":"https:\/\/totalblue.ro\/de\/wp-json\/wp\/v2\/types\/product"}],"replies":[{"embeddable":true,"href":"https:\/\/totalblue.ro\/de\/wp-json\/wp\/v2\/comments?post=39365"}],"wp:featuredmedia":[{"embeddable":true,"href":"https:\/\/totalblue.ro\/de\/wp-json\/wp\/v2\/media\/39367"}],"wp:attachment":[{"href":"https:\/\/totalblue.ro\/de\/wp-json\/wp\/v2\/media?parent=39365"}],"wp:term":[{"taxonomy":"product_brand","embeddable":true,"href":"https:\/\/totalblue.ro\/de\/wp-json\/wp\/v2\/product_brand?post=39365"},{"taxonomy":"product_cat","embeddable":true,"href":"https:\/\/totalblue.ro\/de\/wp-json\/wp\/v2\/product_cat?post=39365"},{"taxonomy":"giftcard-category","embeddable":true,"href":"https:\/\/totalblue.ro\/de\/wp-json\/wp\/v2\/giftcard-category?post=39365"}],"curies":[{"name":"wp","href":"https:\/\/api.w.org\/{rel}","templated":true}]}}