{"id":40924,"date":"2021-12-16T15:38:35","date_gmt":"2021-12-16T13:38:35","guid":{"rendered":"https:\/\/totalblue.ro\/?post_type=product&#038;p=40924"},"modified":"2025-08-07T13:50:46","modified_gmt":"2025-08-07T10:50:46","slug":"raak-sirop-concentrat-de-mere-si-prune-cu-sofran-si-lamaie-075l-olanda","status":"publish","type":"product","link":"https:\/\/totalblue.ro\/de\/produs\/raak-sirop-concentrat-de-mere-si-prune-cu-sofran-si-lamaie-075l-olanda\/","title":{"rendered":"Raak sirop concentrat de mere si prune cu sofran si lamaie 0,75L, Olanda"},"content":{"rendered":"<p>Vor Gebrauch sch\u00fctteln.<br \/>\nZubereitung: 7 Teile Wasser auf 1 Teil Fruchtsirup geben. Sie k\u00f6nnen auch Mineralwasser verwenden.<br \/>\nIngrediente: sirop de glucoza-fructoza (44%), apa, suc de fructe din concentrat 11% (suc de mere 9%, suc de prune 2%), acid: acid citric, arome, indulcitori: acesulfam-K, sucraloza, glicozide steviol, conservant : sorbat de potasiu, coloranti: concentrat (sofran si lamaie) si E131.<br \/>\nN\u00e4hrwertangaben pro 100 ml zubereitetes Produkt<br \/>\nEnergie 117 kJ (28 kcal)<br \/>\nFett 0 g, davon ges\u00e4ttigt 0 g<br \/>\nGlucide 6,9 \u200b\u200bg din care zaharuri 6,7 g<br \/>\nEiwei\u00df 0 g<br \/>\nSalz 0 g<br \/>\nEmpfehlungen: die Flasche nach dem \u00d6ffnen fest verschlie\u00dfen und k\u00fchl und dunkel lagern. Nach dem \u00d6ffnen nur begrenzt haltbar.<\/p>\n<p>Herkunft: Produziert bei United Soft Drinks BV, Utrecht, Niederlande<br \/>\nRaak consumentenservice, ntwoordnummer 3333, 3500 VP Utrecht Nederland.<br \/>\nEinf\u00fchrer und H\u00e4ndler Total Blue Impex SRL<\/p>","protected":false},"excerpt":{"rendered":"<p>Mod de utilizare: Agitati inainte de utilizare. Mod de preparare: La 1 parte sirop de fructe se adauga 7 parti apa. Puteti folosi si apa minerala. Ingrediente: sirop de glucoza-fructoza (44%), apa, suc de fructe din concentrat 11% (suc de mere 9%, suc de prune 2%), acid: acid citric, arome, indulcitori: acesulfam-K, sucraloza, glicozide steviol, [&#8230;]\n","protected":false},"featured_media":40925,"comment_status":"open","ping_status":"closed","template":"","meta":{"_acf_changed":false,"_seopress_robots_primary_cat":"none","_seopress_titles_title":"","_seopress_titles_desc":"","_seopress_robots_index":""},"product_brand":[2018],"product_cat":[1767,3312],"giftcard-category":[],"class_list":{"0":"post-40924","1":"product","2":"type-product","3":"status-publish","4":"has-post-thumbnail","6":"product_brand-raak","7":"product_cat-produse-olanda","8":"product_cat-bauturi-racoritoare-produse-olanda","10":"first","11":"outofstock","12":"taxable","13":"shipping-taxable","14":"purchasable","15":"product-type-simple"},"acf":[],"_links":{"self":[{"href":"https:\/\/totalblue.ro\/de\/wp-json\/wp\/v2\/product\/40924","targetHints":{"allow":["GET"]}}],"collection":[{"href":"https:\/\/totalblue.ro\/de\/wp-json\/wp\/v2\/product"}],"about":[{"href":"https:\/\/totalblue.ro\/de\/wp-json\/wp\/v2\/types\/product"}],"replies":[{"embeddable":true,"href":"https:\/\/totalblue.ro\/de\/wp-json\/wp\/v2\/comments?post=40924"}],"wp:featuredmedia":[{"embeddable":true,"href":"https:\/\/totalblue.ro\/de\/wp-json\/wp\/v2\/media\/40925"}],"wp:attachment":[{"href":"https:\/\/totalblue.ro\/de\/wp-json\/wp\/v2\/media?parent=40924"}],"wp:term":[{"taxonomy":"product_brand","embeddable":true,"href":"https:\/\/totalblue.ro\/de\/wp-json\/wp\/v2\/product_brand?post=40924"},{"taxonomy":"product_cat","embeddable":true,"href":"https:\/\/totalblue.ro\/de\/wp-json\/wp\/v2\/product_cat?post=40924"},{"taxonomy":"giftcard-category","embeddable":true,"href":"https:\/\/totalblue.ro\/de\/wp-json\/wp\/v2\/giftcard-category?post=40924"}],"curies":[{"name":"wp","href":"https:\/\/api.w.org\/{rel}","templated":true}]}}