{"id":41573,"date":"2021-12-28T11:45:44","date_gmt":"2021-12-28T09:45:44","guid":{"rendered":"https:\/\/totalblue.ro\/?post_type=product&#038;p=41573"},"modified":"2025-08-05T12:02:48","modified_gmt":"2025-08-05T09:02:48","slug":"appel-file-de-hering-delicat-in-sos-cremos-picant-de-rosii-cu-piper-200-g","status":"publish","type":"product","link":"https:\/\/totalblue.ro\/de\/produs\/appel-file-de-hering-delicat-in-sos-cremos-picant-de-rosii-cu-piper-200-g\/","title":{"rendered":"Appel File de hering delicat in sos cremos picant de rosii cu piper 200 g"},"content":{"rendered":"<p><strong>Inhaltsstoff:<\/strong> Fileuri de hering (60%), apa, ulei de rapita, pasta de rosii, otet de rachiu, zahar, chutney de mango (zahar, mango, otet de brandy, sare de masa, condimente), sare de masa, condimente (con\u021bin mustar), amidon, piper, agent de ingrosare : guma de roscove; dextroza.<br \/>\nNicht kochen. Kochfertiges Produkt.<br \/>\n<strong>Lagerungsbedingungen:<\/strong> Trocken und k\u00fchl lagern, vor direkter Sonneneinstrahlung sch\u00fctzen und sofort nach dem \u00d6ffnen verbrauchen.<br \/>\n<strong>Allergene:<\/strong> mustar, peste<br \/>\nAmbalaj: conserva metalica cu cheita pentru deschidere.<br \/>\nZertifikat: Marine Stewardship Council (MSC-Siegel f\u00fcr zertifizierte Meeresfr\u00fcchte)<br \/>\nHerkunftsland: Deutschland<br \/>\nHergestellt in Deutschland von Appel Feinkost GmbH &amp; Co. KG, D-27472 Cuxhaven<br \/>\nEinf\u00fchrer und H\u00e4ndler Total Blue Impex SRL<\/p>","protected":false},"excerpt":{"rendered":"<p>Ingrediente: Fileuri de hering (60%), apa, ulei de rapita, pasta de rosii, otet de rachiu, zahar, chutney de mango (zahar, mango, otet de brandy, sare de masa, condimente), sare de masa, condimente (con\u021bin mustar), amidon, piper, agent de ingrosare : guma de roscove; dextroza. A nu se gati. Produs gata preparat. Conditii de pastrare: A [&#8230;]\n","protected":false},"featured_media":41574,"comment_status":"open","ping_status":"closed","template":"","meta":{"_acf_changed":false,"_seopress_robots_primary_cat":"none","_seopress_titles_title":"","_seopress_titles_desc":"Cumpara online peste, hering, file hering, ardei, piper, file hering in sos tomat. Magazin online cu mancare si livrare rapida.","_seopress_robots_index":""},"product_brand":[1987],"product_cat":[1555,1683,3272,3372,1950,1767],"giftcard-category":[],"class_list":{"0":"post-41573","1":"product","2":"type-product","3":"status-publish","4":"has-post-thumbnail","6":"product_brand-appel","7":"product_cat-bacanie","8":"product_cat-conserve-mancare-gatita","9":"product_cat-conserve","10":"product_cat-conserve-produse-germania","11":"product_cat-produse-germania","12":"product_cat-produse-olanda","14":"first","15":"outofstock","16":"taxable","17":"shipping-taxable","18":"purchasable","19":"product-type-simple"},"acf":[],"_links":{"self":[{"href":"https:\/\/totalblue.ro\/de\/wp-json\/wp\/v2\/product\/41573","targetHints":{"allow":["GET"]}}],"collection":[{"href":"https:\/\/totalblue.ro\/de\/wp-json\/wp\/v2\/product"}],"about":[{"href":"https:\/\/totalblue.ro\/de\/wp-json\/wp\/v2\/types\/product"}],"replies":[{"embeddable":true,"href":"https:\/\/totalblue.ro\/de\/wp-json\/wp\/v2\/comments?post=41573"}],"wp:featuredmedia":[{"embeddable":true,"href":"https:\/\/totalblue.ro\/de\/wp-json\/wp\/v2\/media\/41574"}],"wp:attachment":[{"href":"https:\/\/totalblue.ro\/de\/wp-json\/wp\/v2\/media?parent=41573"}],"wp:term":[{"taxonomy":"product_brand","embeddable":true,"href":"https:\/\/totalblue.ro\/de\/wp-json\/wp\/v2\/product_brand?post=41573"},{"taxonomy":"product_cat","embeddable":true,"href":"https:\/\/totalblue.ro\/de\/wp-json\/wp\/v2\/product_cat?post=41573"},{"taxonomy":"giftcard-category","embeddable":true,"href":"https:\/\/totalblue.ro\/de\/wp-json\/wp\/v2\/giftcard-category?post=41573"}],"curies":[{"name":"wp","href":"https:\/\/api.w.org\/{rel}","templated":true}]}}