{"id":42343,"date":"2022-01-07T14:52:11","date_gmt":"2022-01-07T12:52:11","guid":{"rendered":"https:\/\/totalblue.ro\/?post_type=product&#038;p=42343"},"modified":"2025-08-06T13:29:53","modified_gmt":"2025-08-06T10:29:53","slug":"sos-knorr-fix-pentru-carnati-currywurst-3-portii-36g","status":"publish","type":"product","link":"https:\/\/totalblue.ro\/de\/produs\/sos-knorr-fix-pentru-carnati-currywurst-3-portii-36g\/","title":{"rendered":"Sos Knorr Fix pentru carnati Currywurst, 3 Portii, 36g"},"content":{"rendered":"<div id=\"content_tab_description\" class=\"tab-content tab-description\">\n<div class=\"tab-content-inner\">\n<div class=\"tab-content-scroll\">\n<p>Sos Knorr Fix pentru carnati Currywurst , 3 Portii, 36g<br \/>\nVegetarisches Produkt<br \/>\n<strong>Inhaltsstoff: <\/strong>\u00a021% pudra de rosii, zahar, amidon, 11% curry (turmeric, coriandru, chimen, seminte de schinduf, usturoi, seminte de fenicul, ardei cayenne, patrunjel, piper, cardamom, seminte de mustar), pudra de mere, ulei de palmier, sare de masa iodata, maltodextrina, ceapa prajita 3% arome, faina de orez, inlocuitor de sare de masa, sare de masa, pudra de sfecla rosie, extract de drojdie, rozmarin, acid citric acidifiant, condimente, ghimbir, sos de soia (soia, grau), dextroza, nucsoara, aroma de fum.<br \/>\n<strong>Allergene<\/strong>: soia. grau. Poate contine urme de lapte, oua, telina.<br \/>\nFara coloranti.<br \/>\nFara arome artificiale.<br \/>\nAn einem k\u00fchlen und trockenen Ort aufbewahren.<br \/>\n<strong>Vorbereitung:<br \/>\n<\/strong>Ingrediente: 250 grame de carnati proaspeti. ( Bratwurst )<strong><br \/>\n<\/strong>1) Braten Sie die W\u00fcrste in etwas \u00d6l bei mittlerer Hitze an. Die Pfanne von der Herdplatte nehmen, die W\u00fcrste herausnehmen, in Scheiben schneiden und warm halten.<br \/>\n2) 200 ml Wasser in den Topf gie\u00dfen. Den Inhalt des Beutels umr\u00fchren, unter R\u00fchren zum Kochen bringen und etwa 1 Minute lang k\u00f6cheln lassen.<br \/>\n3) Die Sauce \u00fcber die Wurst gie\u00dfen und als Currywurst servieren. Wir empfehlen dazu s\u00fc\u00dfe Pommes frites und einen frischen Salat.<br \/>\nN\u00e4hrwertangaben \/ 100 g:<br \/>\nEnergie: 913 kJ \/ 218 kcal<br \/>\nGrasimi: 18 g din care acizi grasi saturati: 6.6 g<br \/>\nCarbohidrati 5.5 g sau care zaharuri 3.2 g<br \/>\nFibre: 0.6 g<br \/>\nProteine: 9.4 g<br \/>\nSare: 1.2 g<\/p>\n<p>Fabricat de Unilever Deutschland, Postfach 570 237, 22771 Hamburg<br \/>\nEinf\u00fchrer und H\u00e4ndler Total Blue Impex SRL<br \/>\n<a href=\"https:\/\/totalblue.ro\/wp-content\/uploads\/2021\/02\/vegetarian.jpeg\"><img loading=\"lazy\" decoding=\"async\" class=\"alignnone wp-image-27413\" src=\"https:\/\/totalblue.ro\/wp-content\/uploads\/2021\/02\/vegetarian.jpeg\" alt=\"\" width=\"89\" height=\"89\" srcset=\"https:\/\/totalblue.ro\/wp-content\/uploads\/2021\/02\/vegetarian.jpeg 225w, https:\/\/totalblue.ro\/wp-content\/uploads\/2021\/02\/vegetarian-100x100.jpeg 100w\" sizes=\"auto, (max-width: 89px) 100vw, 89px\" \/><\/a><\/p>\n<\/div>\n<\/div>\n<\/div>","protected":false},"excerpt":{"rendered":"<p>Sos Knorr Fix pentru carnati Currywurst , 3 Portii, 36g Produs vegetarian Ingrediente: \u00a021% pudra de rosii, zahar, amidon, 11% curry (turmeric, coriandru, chimen, seminte de schinduf, usturoi, seminte de fenicul, ardei cayenne, patrunjel, piper, cardamom, seminte de mustar), pudra de mere, ulei de palmier, sare de masa iodata, maltodextrina, ceapa prajita 3% arome, faina [&#8230;]\n","protected":false},"featured_media":133356,"comment_status":"open","ping_status":"closed","template":"","meta":{"_acf_changed":false,"_seopress_robots_primary_cat":"none","_seopress_titles_title":"","_seopress_titles_desc":"","_seopress_robots_index":""},"product_brand":[1870],"product_cat":[1555,3280,3380,1950,1767,1954],"giftcard-category":[],"class_list":{"0":"post-42343","1":"product","2":"type-product","3":"status-publish","4":"has-post-thumbnail","6":"product_brand-knorr","7":"product_cat-bacanie","8":"product_cat-condimente-sosuri","9":"product_cat-condimente-sosuri-produse-germania","10":"product_cat-produse-germania","11":"product_cat-produse-olanda","12":"product_cat-semipreparate","14":"first","15":"outofstock","16":"taxable","17":"shipping-taxable","18":"purchasable","19":"product-type-simple"},"acf":[],"_links":{"self":[{"href":"https:\/\/totalblue.ro\/de\/wp-json\/wp\/v2\/product\/42343","targetHints":{"allow":["GET"]}}],"collection":[{"href":"https:\/\/totalblue.ro\/de\/wp-json\/wp\/v2\/product"}],"about":[{"href":"https:\/\/totalblue.ro\/de\/wp-json\/wp\/v2\/types\/product"}],"replies":[{"embeddable":true,"href":"https:\/\/totalblue.ro\/de\/wp-json\/wp\/v2\/comments?post=42343"}],"wp:featuredmedia":[{"embeddable":true,"href":"https:\/\/totalblue.ro\/de\/wp-json\/wp\/v2\/media\/133356"}],"wp:attachment":[{"href":"https:\/\/totalblue.ro\/de\/wp-json\/wp\/v2\/media?parent=42343"}],"wp:term":[{"taxonomy":"product_brand","embeddable":true,"href":"https:\/\/totalblue.ro\/de\/wp-json\/wp\/v2\/product_brand?post=42343"},{"taxonomy":"product_cat","embeddable":true,"href":"https:\/\/totalblue.ro\/de\/wp-json\/wp\/v2\/product_cat?post=42343"},{"taxonomy":"giftcard-category","embeddable":true,"href":"https:\/\/totalblue.ro\/de\/wp-json\/wp\/v2\/giftcard-category?post=42343"}],"curies":[{"name":"wp","href":"https:\/\/api.w.org\/{rel}","templated":true}]}}