{"id":42372,"date":"2022-01-07T15:34:41","date_gmt":"2022-01-07T13:34:41","guid":{"rendered":"https:\/\/totalblue.ro\/?post_type=product&#038;p=42372"},"modified":"2025-12-15T02:22:44","modified_gmt":"2025-12-15T00:22:44","slug":"knorr-pilzsauce-37-g","status":"publish","type":"product","link":"https:\/\/totalblue.ro\/de\/produs\/knorr-sos-de-ciuperci-37-g\/","title":{"rendered":"Knorr Champignon Pilzsauce 37 g"},"content":{"rendered":"<div id=\"content_tab_description\" class=\"tab-content tab-description\">\n<div class=\"tab-content-inner\">\n<div class=\"tab-content-scroll\">\n<p>Feine Champignons und milde Sahne geben dieser cremigen Sauce eine besondere Note<br \/>\nKnorr Feinschmecker Pilzsauce ist ideal f\u00fcr deftige Fleischgerichte<br \/>\nEine cremige, hellbraune Sauce, nat\u00fcrlich ohne geschmacksverst\u00e4rkende Zus\u00e4tze und Farbstoffe.<br \/>\nPilzsauce ohne Konservierungsstoffe.<br \/>\nSchnelle und einfache Zubereitung der Sauce<br \/>\n<strong>Inhaltsstoff:\u00a0 <\/strong>Palm\u00f6l, Weizenmehl, St\u00e4rke, 6%-Pilze, Trockenglukosesirup, Speisesalz, Milcheiwei\u00df, Aromen, Gew\u00fcrze, Zucker, konzentrierter Pilzsaft, jodiertes Speisesalz, Zwiebelpulver, Karamellsirup, Hefeextrakt, Petersilienextrakt, Gerstenwurzel, Gew\u00fcrze, Traubenzucker. Kann Spuren von Ei, Soja, Sellerie und Senf enthalten.<br \/>\nAn einem k\u00fchlen und trockenen Ort aufbewahren.<br \/>\n<strong>Vorbereitung:<br \/>\n<\/strong>Den Inhalt des Beutels mit einem Tuch in 250 ml kaltes Wasser einr\u00fchren. Unter R\u00fchren zum Kochen bringen. 1 Minute lang k\u00f6cheln lassen, dabei gelegentlich umr\u00fchren.<br \/>\n<strong>N\u00e4hrwertangaben pro 100 ml Produkt:<\/strong><br \/>\nEnergie 271 kj \/ Energie 65 kcal<br \/>\nFett 4,3 g, davon ges\u00e4ttigte Fetts\u00e4uren 2,5 g<br \/>\nKohlenhydrate 5,2 g, davon Zucker 0,5 g<br \/>\nAlbus von oder 1.3g<br \/>\nSalz 0,80 g<\/p>\n<p>Hergestellt von Unilever Deutschland GmbH, AM Strandkai 1, 20457 Hamburg Deutschland (Deutschland)<br \/>\nEinf\u00fchrer und H\u00e4ndler Total Blue Impex SRL<\/p>\n<\/div>\n<\/div>\n<\/div>","protected":false},"excerpt":{"rendered":"<p>Ciupercile fine si crema blanda dau acestui sos cremos o nota speciala Sosul de ciuperci Knorr Feinschmecker este ideal pentru preparate consistente din carne Un sos cremos, maro deschis, desigur, fara aditivi si coloranti care sporesc aroma. Sos de ciuperci fara conservanti. Preparare rapida si usoara a sosului Ingrediente:\u00a0 ulei de palmier, faina de grau, [&#8230;]\n","protected":false},"featured_media":139173,"comment_status":"open","ping_status":"closed","template":"","meta":{"_acf_changed":false,"_seopress_robots_primary_cat":"none","_seopress_titles_title":"","_seopress_titles_desc":"","_seopress_robots_index":""},"product_brand":[1870],"product_cat":[1555,3280,3380,1950,1767,1954],"giftcard-category":[],"class_list":{"0":"post-42372","1":"product","2":"type-product","3":"status-publish","4":"has-post-thumbnail","6":"product_brand-knorr","7":"product_cat-bacanie","8":"product_cat-condimente-sosuri","9":"product_cat-condimente-sosuri-produse-germania","10":"product_cat-produse-germania","11":"product_cat-produse-olanda","12":"product_cat-semipreparate","14":"first","15":"outofstock","16":"taxable","17":"shipping-taxable","18":"purchasable","19":"product-type-simple"},"acf":[],"_links":{"self":[{"href":"https:\/\/totalblue.ro\/de\/wp-json\/wp\/v2\/product\/42372","targetHints":{"allow":["GET"]}}],"collection":[{"href":"https:\/\/totalblue.ro\/de\/wp-json\/wp\/v2\/product"}],"about":[{"href":"https:\/\/totalblue.ro\/de\/wp-json\/wp\/v2\/types\/product"}],"replies":[{"embeddable":true,"href":"https:\/\/totalblue.ro\/de\/wp-json\/wp\/v2\/comments?post=42372"}],"wp:featuredmedia":[{"embeddable":true,"href":"https:\/\/totalblue.ro\/de\/wp-json\/wp\/v2\/media\/139173"}],"wp:attachment":[{"href":"https:\/\/totalblue.ro\/de\/wp-json\/wp\/v2\/media?parent=42372"}],"wp:term":[{"taxonomy":"product_brand","embeddable":true,"href":"https:\/\/totalblue.ro\/de\/wp-json\/wp\/v2\/product_brand?post=42372"},{"taxonomy":"product_cat","embeddable":true,"href":"https:\/\/totalblue.ro\/de\/wp-json\/wp\/v2\/product_cat?post=42372"},{"taxonomy":"giftcard-category","embeddable":true,"href":"https:\/\/totalblue.ro\/de\/wp-json\/wp\/v2\/giftcard-category?post=42372"}],"curies":[{"name":"wp","href":"https:\/\/api.w.org\/{rel}","templated":true}]}}