{"id":43954,"date":"2022-02-02T11:53:19","date_gmt":"2022-02-02T09:53:19","guid":{"rendered":"https:\/\/totalblue.ro\/?post_type=product&#038;p=43954"},"modified":"2025-10-06T16:07:29","modified_gmt":"2025-10-06T13:07:29","slug":"conimex-kroepoek-pittige-pittige-cassave-pikante-garnelen-75-g","status":"publish","type":"product","link":"https:\/\/totalblue.ro\/de\/produs\/conimex-kroepoek-pittige-cassave-creveti-picanti-75-g\/","title":{"rendered":"Conimex Kroepoek Kroepoek Pittige Cassave Pikante Garnelen 75 g"},"content":{"rendered":"<p>Zutaten: Cassava 43%, Sonnenblumen\u00f6l, Tapiokast\u00e4rke, Lauch, Rohrzucker, Reismehl, Chilipulver 1,5%, Salz, Galgantpulver, Paprikapulver, Zucker, Mineralsalz (Kalium), Knoblauchpulver, schwarzer Pfeffer, Zwiebelpulver, Zwiebelpulver, S\u00e4uerungsmittel (E330, E296), Hefeextrakt, Aroma (Gew\u00fcrzextrakt, nat\u00fcrliches Aroma), Kokosfett, wei\u00dfer Pfeffer. Kann Sellerie enthalten.<br \/>\nAllergene: enth\u00e4lt Staudensellerie.<\/p>\n<p>N\u00e4hrwertangaben \/ 100 g:<br \/>\nEnergie 2021 kJ (483 kcal)<br \/>\nFett 23 g, davon ges\u00e4ttigt 2,2 g<br \/>\nKohlenhydrate 65 g, davon Zucker 9,3 g<br \/>\nBallaststoffe 4,5 g<br \/>\nEiwei\u00df 1,6 g<br \/>\nSalz 1,5 g<br \/>\nInhalt und Gewicht: 75 Gramm, Beutel.<br \/>\nLagerung: Trocken lagern. Verzehrsdatum: siehe Verpackung.<\/p>\n<div>Hersteller: Unilever Nederland, Conimex<br \/>\nPostbus 160, 3000 AD Rotterdam<br \/>\nImporteur und Vertreiber: Total Blue Impex SRL, Bukarest, Rum\u00e4nien.<br \/>\n<a href=\"https:\/\/totalblue.ro\/wp-content\/uploads\/2020\/12\/Rainforest-Alliance.jpeg\"><img loading=\"lazy\" decoding=\"async\" class=\"alignnone wp-image-27609\" src=\"https:\/\/totalblue.ro\/wp-content\/uploads\/2020\/12\/Rainforest-Alliance-699x400.jpeg\" alt=\"\" width=\"180\" height=\"103\" srcset=\"https:\/\/totalblue.ro\/wp-content\/uploads\/2020\/12\/Rainforest-Alliance-699x400.jpeg 699w, https:\/\/totalblue.ro\/wp-content\/uploads\/2020\/12\/Rainforest-Alliance-510x292.jpeg 510w, https:\/\/totalblue.ro\/wp-content\/uploads\/2020\/12\/Rainforest-Alliance-768x440.jpeg 768w, https:\/\/totalblue.ro\/wp-content\/uploads\/2020\/12\/Rainforest-Alliance-600x343.jpeg 600w, https:\/\/totalblue.ro\/wp-content\/uploads\/2020\/12\/Rainforest-Alliance-100x57.jpeg 100w, https:\/\/totalblue.ro\/wp-content\/uploads\/2020\/12\/Rainforest-Alliance.jpeg 959w\" sizes=\"auto, (max-width: 180px) 100vw, 180px\" \/><\/a><a href=\"https:\/\/totalblue.ro\/wp-content\/uploads\/2021\/02\/vegetarian.jpeg\"><img loading=\"lazy\" decoding=\"async\" class=\"alignnone wp-image-27413\" src=\"https:\/\/totalblue.ro\/wp-content\/uploads\/2021\/02\/vegetarian.jpeg\" alt=\"\" width=\"78\" height=\"78\" srcset=\"https:\/\/totalblue.ro\/wp-content\/uploads\/2021\/02\/vegetarian.jpeg 225w, https:\/\/totalblue.ro\/wp-content\/uploads\/2021\/02\/vegetarian-100x100.jpeg 100w\" sizes=\"auto, (max-width: 78px) 100vw, 78px\" \/><\/a><\/div>","protected":false},"excerpt":{"rendered":"<p>Ingrediente : Cassave 43%, ulei de floarea soarelui, amidon de tapioca, praz, zahar din trestie de zahar, faina de orez, pudra de chili 1,5%, sare, praf de galanga, boia de ardei praf, zahar, sare minerala (potasiu), pudra de usturoi, piper negru, praf de ceapa, alimente acid (E330, E296), extract de drojdie, aroma (extract de condimente, [&#8230;]\n","protected":false},"featured_media":43953,"comment_status":"open","ping_status":"closed","template":"","meta":{"_acf_changed":false,"_seopress_robots_primary_cat":"none","_seopress_titles_title":"","_seopress_titles_desc":"","_seopress_robots_index":""},"product_brand":[1949],"product_cat":[1555,3338,17494,1767],"giftcard-category":[],"class_list":{"0":"post-43954","1":"product","2":"type-product","3":"status-publish","4":"has-post-thumbnail","6":"product_brand-conimex","7":"product_cat-bacanie","8":"product_cat-dulciuri-snacksuri","9":"product_cat-influente-asiatice","10":"product_cat-produse-olanda","12":"first","13":"outofstock","14":"taxable","15":"shipping-taxable","16":"purchasable","17":"product-type-simple"},"acf":[],"_links":{"self":[{"href":"https:\/\/totalblue.ro\/de\/wp-json\/wp\/v2\/product\/43954","targetHints":{"allow":["GET"]}}],"collection":[{"href":"https:\/\/totalblue.ro\/de\/wp-json\/wp\/v2\/product"}],"about":[{"href":"https:\/\/totalblue.ro\/de\/wp-json\/wp\/v2\/types\/product"}],"replies":[{"embeddable":true,"href":"https:\/\/totalblue.ro\/de\/wp-json\/wp\/v2\/comments?post=43954"}],"wp:featuredmedia":[{"embeddable":true,"href":"https:\/\/totalblue.ro\/de\/wp-json\/wp\/v2\/media\/43953"}],"wp:attachment":[{"href":"https:\/\/totalblue.ro\/de\/wp-json\/wp\/v2\/media?parent=43954"}],"wp:term":[{"taxonomy":"product_brand","embeddable":true,"href":"https:\/\/totalblue.ro\/de\/wp-json\/wp\/v2\/product_brand?post=43954"},{"taxonomy":"product_cat","embeddable":true,"href":"https:\/\/totalblue.ro\/de\/wp-json\/wp\/v2\/product_cat?post=43954"},{"taxonomy":"giftcard-category","embeddable":true,"href":"https:\/\/totalblue.ro\/de\/wp-json\/wp\/v2\/giftcard-category?post=43954"}],"curies":[{"name":"wp","href":"https:\/\/api.w.org\/{rel}","templated":true}]}}