{"id":43970,"date":"2022-02-02T12:18:13","date_gmt":"2022-02-02T10:18:13","guid":{"rendered":"https:\/\/totalblue.ro\/?post_type=product&#038;p=43970"},"modified":"2025-04-30T16:03:24","modified_gmt":"2025-04-30T13:03:24","slug":"maggi-piure-de-cartofi-a-la-minute-creme-fraiche-2-x-93-g","status":"publish","type":"product","link":"https:\/\/totalblue.ro\/de\/produs\/maggi-piure-de-cartofi-a-la-minute-creme-fraiche-2-x-93-g\/","title":{"rendered":"Mousline Piure de Cartofi \u00e0 la minute cr\u00e8me fra\u00eeche 2 x 93 g"},"content":{"rendered":"<p>Piure de cartofi in forma uscata. ( Fulgi )<br \/>\nContinut si greutate: 1 pachet contine 2 plicuri, 2x93g<br \/>\nTotal pachet: 186 de grame<br \/>\n<strong>Inhaltsstoff:\u00a0<\/strong>cartofi (84%), grasime vegetala (palma), sare, cr\u00e8me fraiche pudra 1,7% (LAPTE), LACTOZA, LAPTE praf degresat, emulgator (E471), praf de ceapa, arome, proteine \u200b\u200bdin LAPTE, arpagic 0,16%, pudra de usturoi , antioxidanti (E222 (SULFIT) si E304), stabilizatori (E450 si E331), regulator de aciditate (acid citric).<br \/>\nInformationen \u00fcber Allergien<br \/>\nContine: lapte, lactoza, sulfiti<\/p>\n<p><strong>Instructiuni de utilizare pentru 1 plic :<\/strong><br \/>\nTigaie sau ibric 5 minute<br \/>\n1) Puneti intre 350ml \/ 400ml apa intr-o tigaie sau ibric si aduceti la fierbere.<br \/>\n2) Adaugati treptat continutul plicului in timp ce amestecati cu un tel. Nu este necesar sa adaugati sare si unt.<br \/>\nCuptor cu microunde 5 minute:<br \/>\n1) Puneti intre 350ml \/ 400ml apa rece intr-un vas si adaugati continutul plicului in timp ce amestecati cu telul.<br \/>\n2) Incalzeste piureul in cuptorul cu microunde timp de 4 minute la putere maxima (+\/- 800 wa\u021bi).<br \/>\n3) Amestecati piureul dup\u0103 1,5 minute si la sfarsitul preparatului.<br \/>\nNu este necesar sa adaugati sare si unt.<\/p>\n<p><strong>Lagerungsbedingungen:<\/strong> A se pastra la loc uscat. A se consuma inaite de : vezi pe eticheta.<br \/>\n<strong>N\u00e4hrwertangaben \/ 100g:<\/strong><br \/>\nEnergie 309 kJ (73 kcal)<br \/>\nGrasimi 1,7 g din care saturate 1,2 g<br \/>\nGlucide 12,3 g din care zaharuri 0,6 g<br \/>\nFibre alimentare 1,5 g<br \/>\nEiwei\u00df 1,5 g<br \/>\nsare 0,5 g<\/p>\n<p>&nbsp;<\/p>","protected":false},"excerpt":{"rendered":"<p>Piure de cartofi in forma uscata. ( Fulgi ) Continut si greutate: 1 pachet contine 2 plicuri, 2x93g Total pachet: 186 de grame Ingrediente:\u00a0cartofi (84%), grasime vegetala (palma), sare, cr\u00e8me fraiche pudra 1,7% (LAPTE), LACTOZA, LAPTE praf degresat, emulgator (E471), praf de ceapa, arome, proteine \u200b\u200bdin LAPTE, arpagic 0,16%, pudra de usturoi , antioxidanti (E222 [&#8230;]\n","protected":false},"featured_media":202471,"comment_status":"open","ping_status":"closed","template":"","meta":{"_acf_changed":false,"_seopress_robots_primary_cat":"none","_seopress_titles_title":"","_seopress_titles_desc":"","_seopress_robots_index":""},"product_brand":[1869],"product_cat":[1555,1683,3272,1767,1954],"giftcard-category":[],"class_list":{"0":"post-43970","1":"product","2":"type-product","3":"status-publish","4":"has-post-thumbnail","6":"product_brand-maggi","7":"product_cat-bacanie","8":"product_cat-conserve-mancare-gatita","9":"product_cat-conserve","10":"product_cat-produse-olanda","11":"product_cat-semipreparate","13":"first","14":"outofstock","15":"taxable","16":"shipping-taxable","17":"purchasable","18":"product-type-simple"},"acf":[],"_links":{"self":[{"href":"https:\/\/totalblue.ro\/de\/wp-json\/wp\/v2\/product\/43970","targetHints":{"allow":["GET"]}}],"collection":[{"href":"https:\/\/totalblue.ro\/de\/wp-json\/wp\/v2\/product"}],"about":[{"href":"https:\/\/totalblue.ro\/de\/wp-json\/wp\/v2\/types\/product"}],"replies":[{"embeddable":true,"href":"https:\/\/totalblue.ro\/de\/wp-json\/wp\/v2\/comments?post=43970"}],"wp:featuredmedia":[{"embeddable":true,"href":"https:\/\/totalblue.ro\/de\/wp-json\/wp\/v2\/media\/202471"}],"wp:attachment":[{"href":"https:\/\/totalblue.ro\/de\/wp-json\/wp\/v2\/media?parent=43970"}],"wp:term":[{"taxonomy":"product_brand","embeddable":true,"href":"https:\/\/totalblue.ro\/de\/wp-json\/wp\/v2\/product_brand?post=43970"},{"taxonomy":"product_cat","embeddable":true,"href":"https:\/\/totalblue.ro\/de\/wp-json\/wp\/v2\/product_cat?post=43970"},{"taxonomy":"giftcard-category","embeddable":true,"href":"https:\/\/totalblue.ro\/de\/wp-json\/wp\/v2\/giftcard-category?post=43970"}],"curies":[{"name":"wp","href":"https:\/\/api.w.org\/{rel}","templated":true}]}}