{"id":43982,"date":"2022-02-02T13:27:59","date_gmt":"2022-02-02T11:27:59","guid":{"rendered":"https:\/\/totalblue.ro\/?post_type=product&#038;p=43982"},"modified":"2025-08-07T11:03:52","modified_gmt":"2025-08-07T08:03:52","slug":"olvarit-cereale-pe-baza-de-orez-pentru-bebelusi-4-luni","status":"publish","type":"product","link":"https:\/\/totalblue.ro\/de\/produs\/olvarit-cereale-pe-baza-de-orez-pentru-bebelusi-4-luni\/","title":{"rendered":"Olvarit Cereale pe baza de orez pentru bebelusi +4 luni, 200g"},"content":{"rendered":"<p>Faina de orez Olvarit in mod naturaleste fara gluten si nu contine zaharuri adaugate. Prin urmare, acest terci de cereale este extrem de potrivit pentru trecerea la alimente solide.<br \/>\nNu contine zaharuri adaugate, doar zaharuri naturale.<br \/>\nVoller reiner und nat\u00fcrlicher Inhaltsstoffe.<br \/>\nRecomandat pentru biberon sau pentru a incepe diversificarea cu primele gustari.<br \/>\nBeschreibung: Babynahrung ohne Zuckerzusatz. Verpackt in einer gesch\u00fctzten Atmosph\u00e4re.<br \/>\nContinut si greutate: 1 punga, 200 grame<br \/>\nDimensiunea portiei: 20 grame.<br \/>\nMerkmale:<br \/>\nLaktosefrei<br \/>\nFara proteine din lapte<br \/>\nLagerung: Trocken lagern. Verzehrsdatum: siehe Verpackung.<br \/>\nHinweis! Nach dem \u00d6ffnen ist der Inhalt maximal 4 Wochen lagerf\u00e4hig.<\/p>\n<p>Vorbereitung:<br \/>\n1. 200 ml Milch\/Flasche auf eine warme Temperatur erw\u00e4rmen.<br \/>\n2. Gie\u00dfen Sie die Milch in die Flasche oder Sch\u00fcssel\/Teller.<br \/>\n3. Geben Sie 2-3 Essl\u00f6ffel (+\/- 10 g) Reismehl in die Flasche oder 6 Essl\u00f6ffel (+\/- 20 g) pro Teller.<br \/>\n4. Die Flasche sch\u00fctteln oder in der Sch\u00fcssel gut umr\u00fchren, um einen klumpenfreien Brei zu erhalten.<br \/>\nGenie\u00dfen Sie eine deftige Mahlzeit!<\/p>\n<p>Ingrediente: 99,999% faina de orez, mononitrat de tiamina.<br \/>\nN\u00e4hrwertangaben pro 100 g:<br \/>\nEnergie 1634 kJ (385 kcal)<br \/>\nGrasimi 1,2 g din care grasimi saturate 0,2 g<br \/>\nCarbohidrati 85,6 g din care zaharuri 0,4 g<br \/>\nBallaststoffe 0,5 g<br \/>\nProteine 7,7 g<br \/>\nSare 0,02 g<br \/>\nVitamina B1 \/ Tiamina 0,9 mg<\/p>\n<p><a href=\"https:\/\/totalblue.ro\/wp-content\/uploads\/2022\/02\/lactose-free.jpg\"><img loading=\"lazy\" decoding=\"async\" class=\"alignnone wp-image-43984\" src=\"https:\/\/totalblue.ro\/wp-content\/uploads\/2022\/02\/lactose-free.jpg\" alt=\"\" width=\"116\" height=\"114\" srcset=\"https:\/\/totalblue.ro\/wp-content\/uploads\/2022\/02\/lactose-free.jpg 232w, https:\/\/totalblue.ro\/wp-content\/uploads\/2022\/02\/lactose-free-100x98.jpg 100w\" sizes=\"auto, (max-width: 116px) 100vw, 116px\" \/><\/a><\/p>\n<p>Hersteller: Nutricia Nederland B.V.<br \/>\nantwoordnummer 10061 2700 VB Zoetermeer<br \/>\nEinf\u00fchrer und H\u00e4ndler Total Blue Impex SRL<\/p>","protected":false},"excerpt":{"rendered":"<p>Faina de orez Olvarit in mod naturaleste fara gluten si nu contine zaharuri adaugate. Prin urmare, acest terci de cereale este extrem de potrivit pentru trecerea la alimente solide. Nu contine zaharuri adaugate, doar zaharuri naturale. Plin de ingrediente pure si naturale. Recomandat pentru biberon sau pentru a incepe diversificarea cu primele gustari. Descriere: mancare [&#8230;]\n","protected":false},"featured_media":43987,"comment_status":"open","ping_status":"closed","template":"","meta":{"_acf_changed":false,"_seopress_robots_primary_cat":"1767","_seopress_titles_title":"","_seopress_titles_desc":"","_seopress_robots_index":""},"product_brand":[6175],"product_cat":[1984,1520,5677,1767],"giftcard-category":[],"class_list":{"0":"post-43982","1":"product","2":"type-product","3":"status-publish","4":"has-post-thumbnail","6":"product_brand-olvarit","7":"product_cat-hrana-bebelusi","8":"product_cat-mama-copilul","9":"product_cat-mancare-si-accesorii-bebe","10":"product_cat-produse-olanda","12":"first","13":"outofstock","14":"taxable","15":"shipping-taxable","16":"purchasable","17":"product-type-simple"},"acf":[],"_links":{"self":[{"href":"https:\/\/totalblue.ro\/de\/wp-json\/wp\/v2\/product\/43982","targetHints":{"allow":["GET"]}}],"collection":[{"href":"https:\/\/totalblue.ro\/de\/wp-json\/wp\/v2\/product"}],"about":[{"href":"https:\/\/totalblue.ro\/de\/wp-json\/wp\/v2\/types\/product"}],"replies":[{"embeddable":true,"href":"https:\/\/totalblue.ro\/de\/wp-json\/wp\/v2\/comments?post=43982"}],"wp:featuredmedia":[{"embeddable":true,"href":"https:\/\/totalblue.ro\/de\/wp-json\/wp\/v2\/media\/43987"}],"wp:attachment":[{"href":"https:\/\/totalblue.ro\/de\/wp-json\/wp\/v2\/media?parent=43982"}],"wp:term":[{"taxonomy":"product_brand","embeddable":true,"href":"https:\/\/totalblue.ro\/de\/wp-json\/wp\/v2\/product_brand?post=43982"},{"taxonomy":"product_cat","embeddable":true,"href":"https:\/\/totalblue.ro\/de\/wp-json\/wp\/v2\/product_cat?post=43982"},{"taxonomy":"giftcard-category","embeddable":true,"href":"https:\/\/totalblue.ro\/de\/wp-json\/wp\/v2\/giftcard-category?post=43982"}],"curies":[{"name":"wp","href":"https:\/\/api.w.org\/{rel}","templated":true}]}}