{"id":43989,"date":"2022-02-02T13:44:28","date_gmt":"2022-02-02T11:44:28","guid":{"rendered":"https:\/\/totalblue.ro\/?post_type=product&#038;p=43989"},"modified":"2025-09-16T12:43:14","modified_gmt":"2025-09-16T09:43:14","slug":"cereale-olvarit-multicereale-pentru-bebelusi-6-luni-200g","status":"publish","type":"product","link":"https:\/\/totalblue.ro\/de\/produs\/cereale-olvarit-multicereale-pentru-bebelusi-6-luni-200g\/","title":{"rendered":"Olvarit Multicereale Getreideflocken f\u00fcr Babys ab 6 Monaten, 200g"},"content":{"rendered":"<p>Cerealele fine Olvarit nu con\u021bin zaharuri adaugate si sunt bogate in fibre, special adaptate nevoilor nutritionale ale copilului dumneavoastra. Un inceput ideal de zi!<br \/>\nRecomandat pentru biberon sau pentru a incepe diversificarea cu primele gustari.<br \/>\nPlin de ingrediente pure si naturale!<br \/>\nContine zaharuri naturale.<br \/>\nNu contine zaharuri adaugate.<br \/>\nBeschreibung: Babynahrung ohne Zuckerzusatz. Verpackt in einer gesch\u00fctzten Atmosph\u00e4re.<br \/>\nContinut si greutate: 1 punga, 200 grame<br \/>\nDimensiunea portiei: 20 grame.<br \/>\nMerkmale:<br \/>\nLaktosefrei<br \/>\nKein Milcheiwei\u00df<br \/>\nLagerung: Trocken lagern. Verzehrsdatum: siehe Verpackung.<br \/>\nHinweis! Nach dem \u00d6ffnen ist der Inhalt maximal 4 Wochen lagerf\u00e4hig.<\/p>\n<p>Vorbereitung:<br \/>\n1. 200 ml Milch\/Flasche auf eine warme Temperatur erw\u00e4rmen.<br \/>\n2. Gie\u00dfen Sie die Milch in die Flasche oder Sch\u00fcssel\/Teller.<br \/>\n3. Geben Sie 2-3 Essl\u00f6ffel (+\/- 10 g) Reismehl in die Flasche oder 6 Essl\u00f6ffel (+\/- 20 g) pro Teller.<br \/>\n4. Die Flasche sch\u00fctteln oder in der Sch\u00fcssel gut umr\u00fchren, um einen klumpenfreien Brei zu erhalten.<br \/>\nGenie\u00dfen Sie eine deftige Mahlzeit!<\/p>\n<p>Ingrediente: 99,999% fulgi (87,999% faina integrala de grau, 2% faina de secara, 2% faina integrala de ovaz, 2% faina integrala de spelta, 2% faina de MEI, 2% faina de orez, 2% faina de hrisca), mononitrat de tiamina.<br \/>\nN\u00e4hrwertangaben pro 100 g:<br \/>\nEnergie 1552 kJ (367 kcal)<br \/>\nFett 2,1 g, davon ges\u00e4ttigtes Fett 0,4 g<br \/>\nCarbohidra\u021bi 69,6 g din care zaharuri 1,3 g<br \/>\nFibre alimentare 10 g<br \/>\nProteine \u200b\u200b12,4 g<br \/>\nSalz 0,01 g<br \/>\nVitamina B1 \/ Tiamina 1 mg<\/p>\n<p><a href=\"https:\/\/totalblue.ro\/wp-content\/uploads\/2022\/02\/lactose-free.jpg\"><img loading=\"lazy\" decoding=\"async\" class=\"alignnone wp-image-43984\" src=\"https:\/\/totalblue.ro\/wp-content\/uploads\/2022\/02\/lactose-free.jpg\" alt=\"\" width=\"116\" height=\"114\" srcset=\"https:\/\/totalblue.ro\/wp-content\/uploads\/2022\/02\/lactose-free.jpg 232w, https:\/\/totalblue.ro\/wp-content\/uploads\/2022\/02\/lactose-free-100x98.jpg 100w\" sizes=\"auto, (max-width: 116px) 100vw, 116px\" \/><\/a><\/p>\n<p>Hersteller: Nutricia Nederland B.V.<br \/>\nantwoordnummer 10061 2700 VB Zoetermeer<br \/>\nEinf\u00fchrer und H\u00e4ndler Total Blue Impex SRL<\/p>","protected":false},"excerpt":{"rendered":"<p>Cerealele fine Olvarit nu con\u021bin zaharuri adaugate si sunt bogate in fibre, special adaptate nevoilor nutritionale ale copilului dumneavoastra. Un inceput ideal de zi! Recomandat pentru biberon sau pentru a incepe diversificarea cu primele gustari. Plin de ingrediente pure si naturale! Contine zaharuri naturale. Nu contine zaharuri adaugate. Descriere: mancare pentru bebelusi, fara zaharuri adaugate. [&#8230;]\n","protected":false},"featured_media":44008,"comment_status":"open","ping_status":"closed","template":"","meta":{"_acf_changed":false,"_seopress_robots_primary_cat":"1767","_seopress_titles_title":"","_seopress_titles_desc":"","_seopress_robots_index":""},"product_brand":[6175],"product_cat":[1984,1520,5677,1767],"giftcard-category":[],"class_list":{"0":"post-43989","1":"product","2":"type-product","3":"status-publish","4":"has-post-thumbnail","6":"product_brand-olvarit","7":"product_cat-hrana-bebelusi","8":"product_cat-mama-copilul","9":"product_cat-mancare-si-accesorii-bebe","10":"product_cat-produse-olanda","12":"first","13":"outofstock","14":"taxable","15":"shipping-taxable","16":"purchasable","17":"product-type-simple"},"acf":[],"_links":{"self":[{"href":"https:\/\/totalblue.ro\/de\/wp-json\/wp\/v2\/product\/43989","targetHints":{"allow":["GET"]}}],"collection":[{"href":"https:\/\/totalblue.ro\/de\/wp-json\/wp\/v2\/product"}],"about":[{"href":"https:\/\/totalblue.ro\/de\/wp-json\/wp\/v2\/types\/product"}],"replies":[{"embeddable":true,"href":"https:\/\/totalblue.ro\/de\/wp-json\/wp\/v2\/comments?post=43989"}],"wp:featuredmedia":[{"embeddable":true,"href":"https:\/\/totalblue.ro\/de\/wp-json\/wp\/v2\/media\/44008"}],"wp:attachment":[{"href":"https:\/\/totalblue.ro\/de\/wp-json\/wp\/v2\/media?parent=43989"}],"wp:term":[{"taxonomy":"product_brand","embeddable":true,"href":"https:\/\/totalblue.ro\/de\/wp-json\/wp\/v2\/product_brand?post=43989"},{"taxonomy":"product_cat","embeddable":true,"href":"https:\/\/totalblue.ro\/de\/wp-json\/wp\/v2\/product_cat?post=43989"},{"taxonomy":"giftcard-category","embeddable":true,"href":"https:\/\/totalblue.ro\/de\/wp-json\/wp\/v2\/giftcard-category?post=43989"}],"curies":[{"name":"wp","href":"https:\/\/api.w.org\/{rel}","templated":true}]}}