{"id":44009,"date":"2022-02-02T14:19:11","date_gmt":"2022-02-02T12:19:11","guid":{"rendered":"https:\/\/totalblue.ro\/?post_type=product&#038;p=44009"},"modified":"2025-09-16T12:43:43","modified_gmt":"2025-09-16T09:43:43","slug":"cereale-olvarit-8-cereale-cu-aroma-de-vanilie-12-luni-200g","status":"publish","type":"product","link":"https:\/\/totalblue.ro\/de\/produs\/cereale-olvarit-8-cereale-cu-aroma-de-vanilie-12-luni-200g\/","title":{"rendered":"Olvarit Cereal 8 Getreide mit Vanillegeschmack +12 Monate, 200g"},"content":{"rendered":"<p>Olvarit acht Cerealien mit Vanillegeschmack bestehen aus verschiedenen Getreidesorten und sind daher reich an Ballaststoffen. Reine Cerealien versorgen Ihr Kind mit N\u00e4hrstoffen und Energie f\u00fcr einen idealen Start in den Tag!<br \/>\nReich an Ballaststoffen.<br \/>\nVoller reiner und nat\u00fcrlicher Inhaltsstoffe.<br \/>\nIdeal f\u00fcr das Fr\u00fchst\u00fcck Ihres Kindes!<br \/>\nBeschreibung: Babynahrung ohne Zuckerzusatz. Verpackt in einer gesch\u00fctzten Atmosph\u00e4re.<br \/>\nContinut si greutate: 1 punga, 200 grame<br \/>\nDimensiunea portiei: 20 grame.<br \/>\nMerkmale:<br \/>\nLaktosefrei<br \/>\nKein Milcheiwei\u00df<br \/>\nLagerung: Trocken lagern. Verzehrsdatum: siehe Verpackung.<br \/>\nHinweis! Nach dem \u00d6ffnen ist der Inhalt maximal 4 Wochen lagerf\u00e4hig.<\/p>\n<p>Vorbereitung:<br \/>\n1. 200 ml Milch\/Flasche auf eine warme Temperatur erw\u00e4rmen.<br \/>\n2. Gie\u00dfen Sie die Milch in die Flasche oder Sch\u00fcssel\/Teller.<br \/>\n3. Geben Sie 2-3 Essl\u00f6ffel (+\/- 10 g) Reismehl in die Flasche oder 6 Essl\u00f6ffel (+\/- 20 g) pro Teller.<br \/>\n4. Die Flasche sch\u00fctteln oder in der Sch\u00fcssel gut umr\u00fchren, um einen klumpenfreien Brei zu erhalten.<br \/>\nGenie\u00dfen Sie eine deftige Mahlzeit!<\/p>\n<p>Zutaten: 94,524% K\u00f6rner (39,8% Weizenvollkornmehl, 22,884% Roggenvollkornmehl, 19,9% Weizenmehl, 1,99% Hafermehl, 1,99% Dinkelmehl ( Dinkel ), 1,99% Vollhirsemehl, 1,99% % Reismehl, 1,99% Buchweizenmehl, 1,99% Maismehl), 4,975% Honig, 0,5% nat\u00fcrliches Vanillearoma, Thiaminmononitrat. Von biologischem Ursprung.<br \/>\nAllergene: Enth\u00e4lt: Hafer, glutenhaltiges Getreide, Weizen.<br \/>\nN\u00e4hrwertangaben pro 100 g:<br \/>\nEnergie 1591 kJ (376 kcal)<br \/>\nGrasimi 2,2 g din care grasimi saturate 0,3 g<br \/>\nKohlenhydrate 72,2 g, davon Zucker 5,3 g<br \/>\nBallaststoffe 10,6 g<br \/>\nEiwei\u00df 11,5 g<br \/>\nSalz 0,01 g<br \/>\nVitamin B1 \/ Thiamin 0,88 mg<\/p>\n<p><a href=\"https:\/\/totalblue.ro\/wp-content\/uploads\/2022\/02\/lactose-free.jpg\"><img loading=\"lazy\" decoding=\"async\" class=\"alignnone wp-image-43984\" src=\"https:\/\/totalblue.ro\/wp-content\/uploads\/2022\/02\/lactose-free.jpg\" alt=\"\" width=\"116\" height=\"114\" srcset=\"https:\/\/totalblue.ro\/wp-content\/uploads\/2022\/02\/lactose-free.jpg 232w, https:\/\/totalblue.ro\/wp-content\/uploads\/2022\/02\/lactose-free-100x98.jpg 100w\" sizes=\"auto, (max-width: 116px) 100vw, 116px\" \/><\/a><\/p>\n<p>Hersteller: Nutricia Nederland B.V.<br \/>\nantwoordnummer 10061 2700 VB Zoetermeer<br \/>\nEinf\u00fchrer und H\u00e4ndler Total Blue Impex SRL<\/p>","protected":false},"excerpt":{"rendered":"<p>Olvarit opt cereale cu aroma de vanilie consta din diferite cereale si prin urmare, este bogat \u00een fibre. Cerealele pure ofera copilului dumneavoastra nutrienti si energie pentru un inceput de zi ideal! Bogat in fibre. Plin de ingrediente pure si naturale. Ideal la micul dejun pentru copilul tau ! Descriere: mancare pentru bebelusi, fara zaharuri [&#8230;]\n","protected":false},"featured_media":44012,"comment_status":"open","ping_status":"closed","template":"","meta":{"_acf_changed":false,"_seopress_robots_primary_cat":"1767","_seopress_titles_title":"","_seopress_titles_desc":"","_seopress_robots_index":""},"product_brand":[6175],"product_cat":[1984,1520,5677,1767],"giftcard-category":[],"class_list":{"0":"post-44009","1":"product","2":"type-product","3":"status-publish","4":"has-post-thumbnail","6":"product_brand-olvarit","7":"product_cat-hrana-bebelusi","8":"product_cat-mama-copilul","9":"product_cat-mancare-si-accesorii-bebe","10":"product_cat-produse-olanda","12":"first","13":"outofstock","14":"taxable","15":"shipping-taxable","16":"purchasable","17":"product-type-simple"},"acf":[],"_links":{"self":[{"href":"https:\/\/totalblue.ro\/de\/wp-json\/wp\/v2\/product\/44009","targetHints":{"allow":["GET"]}}],"collection":[{"href":"https:\/\/totalblue.ro\/de\/wp-json\/wp\/v2\/product"}],"about":[{"href":"https:\/\/totalblue.ro\/de\/wp-json\/wp\/v2\/types\/product"}],"replies":[{"embeddable":true,"href":"https:\/\/totalblue.ro\/de\/wp-json\/wp\/v2\/comments?post=44009"}],"wp:featuredmedia":[{"embeddable":true,"href":"https:\/\/totalblue.ro\/de\/wp-json\/wp\/v2\/media\/44012"}],"wp:attachment":[{"href":"https:\/\/totalblue.ro\/de\/wp-json\/wp\/v2\/media?parent=44009"}],"wp:term":[{"taxonomy":"product_brand","embeddable":true,"href":"https:\/\/totalblue.ro\/de\/wp-json\/wp\/v2\/product_brand?post=44009"},{"taxonomy":"product_cat","embeddable":true,"href":"https:\/\/totalblue.ro\/de\/wp-json\/wp\/v2\/product_cat?post=44009"},{"taxonomy":"giftcard-category","embeddable":true,"href":"https:\/\/totalblue.ro\/de\/wp-json\/wp\/v2\/giftcard-category?post=44009"}],"curies":[{"name":"wp","href":"https:\/\/api.w.org\/{rel}","templated":true}]}}