{"id":44014,"date":"2022-02-02T14:44:51","date_gmt":"2022-02-02T12:44:51","guid":{"rendered":"https:\/\/totalblue.ro\/?post_type=product&#038;p=44014"},"modified":"2025-11-14T11:53:36","modified_gmt":"2025-11-14T09:53:36","slug":"olvarit-mancare-pentru-bebelusi-spaghetti-bolognese-15-luni-250g","status":"publish","type":"product","link":"https:\/\/totalblue.ro\/de\/produs\/olvarit-mancare-pentru-bebelusi-spaghetti-bolognese-15-luni-250g\/","title":{"rendered":"Olvarit Babynahrung Spaghetti Bolognese 15+ Monate, 250g"},"content":{"rendered":"<p>Olvarit Spaghetti Bolognese este o gustare pentru bebelusi cu ingrediente pure si naturale pentru bebelusii cu varsta peste 15 luni.<br \/>\nOlvarit ofera o masa completa pentru micu\u021bul tau. Mancarea pentru copii are un gust si o textura recunoscute care contribuie la dezvoltarea gustului.<br \/>\nGustul \u0219i textura sunt adaptate v\u00e2rstei copilului dvs. pentru a sprijini dezvoltarea bunului gust.<br \/>\nCon\u021binut si greutate: 250 grame.<br \/>\n<strong>Inhaltsstoff:<\/strong> 33.28% rosii, 18,6% paste (grau, ou), 13% morcov, 9% carne de vita, apa, 8% mazare, 3,5% ceapa, 3,5% amidon de porumb, ulei de canola, oregano, piper negru.<br \/>\nIngrediente pure! F\u0103r\u0103 conservan\u021bi. Olvarit, ca \u0219i alte alimente pentru copii, nu con\u021bine conservan\u021bi.<br \/>\n<strong>Allergene:<\/strong> contine cereale care contin gluten, oua.<br \/>\nVerpackt in einem Glasgef\u00e4\u00df mit Klickdeckel.<br \/>\n<strong>Dr\u00fccken Sie vor dem \u00d6ffnen auf den Deckel. Wenn es nicht einrastet, verwenden Sie den Inhalt nicht!<\/strong><br \/>\n<strong>Vorbereitung<\/strong>: Mischen Sie den Inhalt und geben Sie die gew\u00fcnschte Menge auf einen Teller. Verwenden Sie dazu einen Plastikl\u00f6ffel.<br \/>\nDen restlichen Inhalt verschlossen im K\u00fchlschrank aufbewahren und innerhalb von 24 Stunden aufbrauchen.<br \/>\nIn der Mikrowelle etwa 30 Sekunden lang bei 600 W erhitzen.<br \/>\nNach dem Erhitzen nochmals gut umr\u00fchren und die Temperatur \u00fcberpr\u00fcfen.<br \/>\nReste nicht wiederverwenden.<br \/>\n<strong>N\u00e4hrwertangaben\/100g:<br \/>\n<\/strong>Energie 319 kJ (76 kcal)<br \/>\nGrasimi 2.2 g din care grasimi saturate 0,3 g<br \/>\nGlucide 10 g din care zaharuri 2,2 g<br \/>\nBallaststoffe 1,6 g<br \/>\nProteine \u200b\u200b3,2 g<br \/>\nSare 0,05 g<br \/>\nHergestellt in den Niederlanden von Nutricia, Antwoordnummer 10061 2700 VB Zoetermeer<br \/>\nEinf\u00fchrer und H\u00e4ndler Total Blue Impex SRL<br \/>\n<a href=\"https:\/\/totalblue.ro\/wp-content\/uploads\/2021\/03\/bcorporation.jpg\"><img loading=\"lazy\" decoding=\"async\" class=\"alignnone wp-image-43908\" src=\"https:\/\/totalblue.ro\/wp-content\/uploads\/2021\/03\/bcorporation-269x400.jpg\" alt=\"\" width=\"59\" height=\"88\" srcset=\"https:\/\/totalblue.ro\/wp-content\/uploads\/2021\/03\/bcorporation-269x400.jpg 269w, https:\/\/totalblue.ro\/wp-content\/uploads\/2021\/03\/bcorporation-100x149.jpg 100w, https:\/\/totalblue.ro\/wp-content\/uploads\/2021\/03\/bcorporation.jpg 320w\" sizes=\"auto, (max-width: 59px) 100vw, 59px\" \/><\/a><\/p>","protected":false},"excerpt":{"rendered":"<p>Olvarit Spaghetti Bolognese este o gustare pentru bebelusi cu ingrediente pure si naturale pentru bebelusii cu varsta peste 15 luni. Olvarit ofera o masa completa pentru micu\u021bul tau. Mancarea pentru copii are un gust si o textura recunoscute care contribuie la dezvoltarea gustului. Gustul \u0219i textura sunt adaptate v\u00e2rstei copilului dvs. pentru a sprijini dezvoltarea [&#8230;]\n","protected":false},"featured_media":44017,"comment_status":"open","ping_status":"closed","template":"","meta":{"_acf_changed":false,"_seopress_robots_primary_cat":"1767","_seopress_titles_title":"","_seopress_titles_desc":"","_seopress_robots_index":""},"product_brand":[6175],"product_cat":[1984,1520,5677,1767],"giftcard-category":[],"class_list":{"0":"post-44014","1":"product","2":"type-product","3":"status-publish","4":"has-post-thumbnail","6":"product_brand-olvarit","7":"product_cat-hrana-bebelusi","8":"product_cat-mama-copilul","9":"product_cat-mancare-si-accesorii-bebe","10":"product_cat-produse-olanda","12":"first","13":"outofstock","14":"taxable","15":"shipping-taxable","16":"purchasable","17":"product-type-simple"},"acf":[],"_links":{"self":[{"href":"https:\/\/totalblue.ro\/de\/wp-json\/wp\/v2\/product\/44014","targetHints":{"allow":["GET"]}}],"collection":[{"href":"https:\/\/totalblue.ro\/de\/wp-json\/wp\/v2\/product"}],"about":[{"href":"https:\/\/totalblue.ro\/de\/wp-json\/wp\/v2\/types\/product"}],"replies":[{"embeddable":true,"href":"https:\/\/totalblue.ro\/de\/wp-json\/wp\/v2\/comments?post=44014"}],"wp:featuredmedia":[{"embeddable":true,"href":"https:\/\/totalblue.ro\/de\/wp-json\/wp\/v2\/media\/44017"}],"wp:attachment":[{"href":"https:\/\/totalblue.ro\/de\/wp-json\/wp\/v2\/media?parent=44014"}],"wp:term":[{"taxonomy":"product_brand","embeddable":true,"href":"https:\/\/totalblue.ro\/de\/wp-json\/wp\/v2\/product_brand?post=44014"},{"taxonomy":"product_cat","embeddable":true,"href":"https:\/\/totalblue.ro\/de\/wp-json\/wp\/v2\/product_cat?post=44014"},{"taxonomy":"giftcard-category","embeddable":true,"href":"https:\/\/totalblue.ro\/de\/wp-json\/wp\/v2\/giftcard-category?post=44014"}],"curies":[{"name":"wp","href":"https:\/\/api.w.org\/{rel}","templated":true}]}}