{"id":44060,"date":"2022-02-02T16:24:02","date_gmt":"2022-02-02T14:24:02","guid":{"rendered":"https:\/\/totalblue.ro\/?post_type=product&#038;p=44060"},"modified":"2026-03-17T10:22:40","modified_gmt":"2026-03-17T08:22:40","slug":"olvarit-mancare-pentru-bebelusi-paste-pui-si-dovleac-12-luni-250g","status":"publish","type":"product","link":"https:\/\/totalblue.ro\/de\/produs\/olvarit-mancare-pentru-bebelusi-paste-pui-si-dovleac-12-luni-250g\/","title":{"rendered":"Olvarit Babynahrung Ostern, Huhn und K\u00fcrbis 12+ Monate, 250g"},"content":{"rendered":"<p id=\"tw-target-text\" class=\"tw-data-text tw-text-large tw-ta\" dir=\"ltr\" data-placeholder=\"Traducere\">Olvarit Paste cu pui si dovleac sunt o gustare pentru bebelusi cu ingrediente pure si naturale.<br \/>\nMancarea pentru copii are un gust si o textura recunoscute care contribuie la dezvoltarea gustului.<br \/>\nEin leckerer Babysnack mit reinen und nat\u00fcrlichen Zutaten.<br \/>\nCon\u021binut si greutate: 250 grame.<br \/>\n<strong>Inhaltsstoff: <\/strong>22,88% piure concentrat de rosii, 20% dovleac, apa, 15% paste (GRU, OU), 9% pui, 5,5% morcov, 5% pastarnac, 3,5% ceapa, amidon de porumb, amidon de tapioca, ulei de rapita.<br \/>\n<strong>Allergene:<\/strong> contine grau, ou\u0103, cereale care contin gluten.<br \/>\nVerpackt in einem Glasgef\u00e4\u00df mit Klickdeckel.<br \/>\n<strong>Dr\u00fccken Sie vor dem \u00d6ffnen auf den Deckel. Wenn es nicht einrastet, verwenden Sie den Inhalt nicht!<\/strong><br \/>\n<strong>Vorbereitung<\/strong>: Mischen Sie den Inhalt und geben Sie die gew\u00fcnschte Menge auf einen Teller. Verwenden Sie dazu einen Plastikl\u00f6ffel.<br \/>\nDen restlichen Inhalt verschlossen im K\u00fchlschrank aufbewahren und innerhalb von 24 Stunden aufbrauchen.<br \/>\nIn der Mikrowelle etwa 30 Sekunden lang bei 600 W erhitzen.<br \/>\nNach dem Erhitzen nochmals gut umr\u00fchren und die Temperatur \u00fcberpr\u00fcfen.<br \/>\nReste nicht wiederverwenden.<br \/>\n<strong>N\u00e4hrwertangaben\/100g:<br \/>\n<\/strong>Energie 278 kJ (66 kcal)<br \/>\nGrasimi 1.7 g din care grasimi saturate 0.3 g<br \/>\nGlucide 9.4 g din care zaharuri 2.2 g<br \/>\nEiwei\u00df 2,7 g<br \/>\nFibre alimentare 1.2 g<br \/>\nSare 0,05 g<br \/>\nHergestellt in den Niederlanden von Nutricia, Antwoordnummer 10061 2700 VB Zoetermeer<br \/>\nEinf\u00fchrer und H\u00e4ndler Total Blue Impex SRL<br \/>\n<a href=\"https:\/\/totalblue.ro\/wp-content\/uploads\/2021\/03\/bcorporation.jpg\"><img loading=\"lazy\" decoding=\"async\" class=\"alignnone wp-image-43908\" src=\"https:\/\/totalblue.ro\/wp-content\/uploads\/2021\/03\/bcorporation-269x400.jpg\" alt=\"\" width=\"59\" height=\"88\" srcset=\"https:\/\/totalblue.ro\/wp-content\/uploads\/2021\/03\/bcorporation-269x400.jpg 269w, https:\/\/totalblue.ro\/wp-content\/uploads\/2021\/03\/bcorporation-100x149.jpg 100w, https:\/\/totalblue.ro\/wp-content\/uploads\/2021\/03\/bcorporation.jpg 320w\" sizes=\"auto, (max-width: 59px) 100vw, 59px\" \/><\/a><\/p>","protected":false},"excerpt":{"rendered":"<p>Olvarit Paste cu pui si dovleac sunt o gustare pentru bebelusi cu ingrediente pure si naturale. Mancarea pentru copii are un gust si o textura recunoscute care contribuie la dezvoltarea gustului. O gustare delicioasa pentru bebelusi cu ingrediente pure si naturale. Con\u021binut si greutate: 250 grame. Ingrediente: 22,88% piure concentrat de rosii, 20% dovleac, apa, [&#8230;]\n","protected":false},"featured_media":44065,"comment_status":"open","ping_status":"closed","template":"","meta":{"_acf_changed":false,"_seopress_robots_primary_cat":"1767","_seopress_titles_title":"","_seopress_titles_desc":"","_seopress_robots_index":""},"product_brand":[6175],"product_cat":[1984,1520,5677,1767],"giftcard-category":[],"class_list":{"0":"post-44060","1":"product","2":"type-product","3":"status-publish","4":"has-post-thumbnail","6":"product_brand-olvarit","7":"product_cat-hrana-bebelusi","8":"product_cat-mama-copilul","9":"product_cat-mancare-si-accesorii-bebe","10":"product_cat-produse-olanda","12":"first","13":"instock","14":"taxable","15":"shipping-taxable","16":"purchasable","17":"product-type-simple"},"acf":[],"_links":{"self":[{"href":"https:\/\/totalblue.ro\/de\/wp-json\/wp\/v2\/product\/44060","targetHints":{"allow":["GET"]}}],"collection":[{"href":"https:\/\/totalblue.ro\/de\/wp-json\/wp\/v2\/product"}],"about":[{"href":"https:\/\/totalblue.ro\/de\/wp-json\/wp\/v2\/types\/product"}],"replies":[{"embeddable":true,"href":"https:\/\/totalblue.ro\/de\/wp-json\/wp\/v2\/comments?post=44060"}],"wp:featuredmedia":[{"embeddable":true,"href":"https:\/\/totalblue.ro\/de\/wp-json\/wp\/v2\/media\/44065"}],"wp:attachment":[{"href":"https:\/\/totalblue.ro\/de\/wp-json\/wp\/v2\/media?parent=44060"}],"wp:term":[{"taxonomy":"product_brand","embeddable":true,"href":"https:\/\/totalblue.ro\/de\/wp-json\/wp\/v2\/product_brand?post=44060"},{"taxonomy":"product_cat","embeddable":true,"href":"https:\/\/totalblue.ro\/de\/wp-json\/wp\/v2\/product_cat?post=44060"},{"taxonomy":"giftcard-category","embeddable":true,"href":"https:\/\/totalblue.ro\/de\/wp-json\/wp\/v2\/giftcard-category?post=44060"}],"curies":[{"name":"wp","href":"https:\/\/api.w.org\/{rel}","templated":true}]}}