{"id":44205,"date":"2022-02-03T15:38:46","date_gmt":"2022-02-03T13:38:46","guid":{"rendered":"https:\/\/totalblue.ro\/?post_type=product&#038;p=44205"},"modified":"2025-08-01T10:30:00","modified_gmt":"2025-08-01T07:30:00","slug":"olvarit-baby-smoothie-mit-mango-banane-und-kokosnuss-12-monate-90g","status":"publish","type":"product","link":"https:\/\/totalblue.ro\/de\/produs\/olvarit-smoothie-bebelusi-cu-mango-banane-si-nuca-de-cocos-12-luni-90g\/","title":{"rendered":"Olvarit Baby Smoothie mit Mango, Bananen und Kokosnussmilch 12+ Monate 90g"},"content":{"rendered":"<p class=\"tw-data-text tw-text-large tw-ta\" dir=\"ltr\" data-placeholder=\"Traducere\">Olvarit Baby-Fruchtdessert mit reinen und nat\u00fcrlichen Zutaten f\u00fcr Babys ab 12 Monaten.<br \/>\nInhalt und Gewicht: 90 g<br \/>\n<strong>Inhaltsstoff: <\/strong><span class=\"Y2IQFc\" lang=\"ro\">37,86% Apfel, 30% Banane, 22% Mango, 9,3% Kokosnussmilch, Zitronensaftkonzentrat, L-Ascorbins\u00e4ure.<br \/>\n<\/span>Glutenfrei.<br \/>\nKein Kuhmilcheiwei\u00df.<\/p>\n<p><strong>N\u00e4hrwertangaben\/100g:<br \/>\n<\/strong>Energie 350 kJ (83 kcal)<br \/>\nFett 2,4 g, davon ges\u00e4ttigtes Fett 2,2 g<br \/>\nKohlenhydrate 13,2 g, davon Zucker 13 g<br \/>\nBallaststoffe 1,4 g<br \/>\nEiwei\u00df 0,7 g<br \/>\nSalz 0,01 g<br \/>\n<strong>Verwenden Sie<\/strong>Wichtig: Befolgen Sie immer diese Gebrauchsanweisung. Sofort nach dem \u00d6ffnen verbrauchen. Reste nicht aufbewahren. Bleiben Sie in der N\u00e4he, wenn Ihr Kind isst.<br \/>\nHergestellt in den Niederlanden von Nutricia, Antwoordnummer 10061 2700 VB Zoetermeer<br \/>\nEinf\u00fchrer und H\u00e4ndler Total Blue Impex SRL<\/p>","protected":false},"excerpt":{"rendered":"<p>Olvarit desert cu fructe pentru bebelusi cu ingrediente pure \u0219i naturale pentru bebelusii cu varsta peste 12 luni. Continut si greutate: 90 g Ingrediente: 37,86% mere, 30% banane, 22% mango, 9,3% lapte de cocos, suc concentrat de lamaie, acid L-ascorbic.F\u0103r\u0103 gluten, f\u0103r\u0103 proteine \u200b\u200bdin lapte de vac\u0103. Fara gluten. Fara proteine \u200b\u200bdin lapte de vaca. [&#8230;]\n","protected":false},"featured_media":44222,"comment_status":"open","ping_status":"closed","template":"","meta":{"_acf_changed":false,"_seopress_robots_primary_cat":"1767","_seopress_titles_title":"","_seopress_titles_desc":" ","_seopress_robots_index":""},"product_brand":[6175],"product_cat":[1984,1520,5677,1767],"giftcard-category":[],"class_list":{"0":"post-44205","1":"product","2":"type-product","3":"status-publish","4":"has-post-thumbnail","6":"product_brand-olvarit","7":"product_cat-hrana-bebelusi","8":"product_cat-mama-copilul","9":"product_cat-mancare-si-accesorii-bebe","10":"product_cat-produse-olanda","12":"first","13":"outofstock","14":"taxable","15":"shipping-taxable","16":"purchasable","17":"product-type-simple"},"acf":[],"_links":{"self":[{"href":"https:\/\/totalblue.ro\/de\/wp-json\/wp\/v2\/product\/44205","targetHints":{"allow":["GET"]}}],"collection":[{"href":"https:\/\/totalblue.ro\/de\/wp-json\/wp\/v2\/product"}],"about":[{"href":"https:\/\/totalblue.ro\/de\/wp-json\/wp\/v2\/types\/product"}],"replies":[{"embeddable":true,"href":"https:\/\/totalblue.ro\/de\/wp-json\/wp\/v2\/comments?post=44205"}],"wp:featuredmedia":[{"embeddable":true,"href":"https:\/\/totalblue.ro\/de\/wp-json\/wp\/v2\/media\/44222"}],"wp:attachment":[{"href":"https:\/\/totalblue.ro\/de\/wp-json\/wp\/v2\/media?parent=44205"}],"wp:term":[{"taxonomy":"product_brand","embeddable":true,"href":"https:\/\/totalblue.ro\/de\/wp-json\/wp\/v2\/product_brand?post=44205"},{"taxonomy":"product_cat","embeddable":true,"href":"https:\/\/totalblue.ro\/de\/wp-json\/wp\/v2\/product_cat?post=44205"},{"taxonomy":"giftcard-category","embeddable":true,"href":"https:\/\/totalblue.ro\/de\/wp-json\/wp\/v2\/giftcard-category?post=44205"}],"curies":[{"name":"wp","href":"https:\/\/api.w.org\/{rel}","templated":true}]}}