{"id":45841,"date":"2022-02-28T16:39:52","date_gmt":"2022-02-28T14:39:52","guid":{"rendered":"https:\/\/totalblue.ro\/?post_type=product&#038;p=45841"},"modified":"2026-01-26T10:38:41","modified_gmt":"2026-01-26T08:38:41","slug":"absolut-swedish-vodka-40-sticla-1-l","status":"publish","type":"product","link":"https:\/\/totalblue.ro\/de\/produs\/absolut-swedish-vodka-40-sticla-1-l\/","title":{"rendered":"Absolut Schwedischer Wodka, 40%, ( Flasche 1 L )"},"content":{"rendered":"<p>Ingrediente Apa,alcool distilat din cereale<br \/>\nVodka Absolut a fost produsa pentru prima dat\u0103 1878 \u00een Suedia, orasul \u00c5hus, de antreprenorul si industriasul Lars Olsson Smith. Cu un istoric modest si o viziune realizata cu succes in contextul vremurilor sale, L.O. Smith a reusit sa creeze unul dintre cele mai bune produse distilate din Suedia. Amploarea operatiunilor sale si cantitatile impresionante de vodka, i-au permis sa exporte pe pietele mari din Spania, Italia, Estonia si Austria.<br \/>\nAlcool: 40% vol.<br \/>\nDupa cum \u00eei spune \u0219i numele, ales de creator, Absolut vodka este o bautura absolut pura, obtinuta din distilat natural si imbuteliata in sticla \u00eenspirata de flacoanele cu bauturi naturiste din secolul al XVII-lea. Ingredientele naturale \u0219i sticla au la origine traditia brand-ului cat si trasaturile caracterului scandinav: linistit, calm si calculat.<br \/>\nIn ultimele decenii, Absolut a devenit un produs faimos in toat\u0103 lumea, iar \u00een prezent este al treilea brand de bauturi spirtoase din lume, dupa Bacardi si Smirnoff, si este vandut in 126 de tari.<br \/>\nAmbalata intr-un recipient inspirat de vechile sticlu\u0163e suedeze de medicamente, vodca Absolut Blue se numara printre cele mai cunoscute si apreciate sortimente din intreaga lume. Ingredientele de cea mai buna calitate, grija oferita detaliilor, procesul de produc\u0163ie, tradi\u0163ia locala si experienta de peste 30 de ani contribuie la realizarea unui sortiment deosebit, potrivit pentru a fi savurat simplu sau intr-un cocktail savuros.<br \/>\nAroma: Miresme aproximativ neutre si un gust fin, bogat \u015fi catifelat de cereale, cu influen\u0163e subtile de fructe uscate.<br \/>\nAspect: Clar.<br \/>\nSfat de pastrare\/Utilizare\/Preparare: A se feri de temperaturi ridicate si inghet.<br \/>\nJuristische L\u00fcgen: Alkohol schadet Ihrer Gesundheit. Trinken Sie in Ma\u00dfen. Der Verkauf an unter 18-J\u00e4hrige ist verboten. www.desprealcool.ro<br \/>\n<a href=\"https:\/\/totalblue.ro\/wp-content\/uploads\/2021\/04\/under-18.jpg\"><img loading=\"lazy\" decoding=\"async\" class=\"alignnone wp-image-30757\" src=\"https:\/\/totalblue.ro\/wp-content\/uploads\/2021\/04\/under-18-400x400.jpg\" alt=\"\" width=\"95\" height=\"95\" srcset=\"https:\/\/totalblue.ro\/wp-content\/uploads\/2021\/04\/under-18-400x400.jpg 400w, https:\/\/totalblue.ro\/wp-content\/uploads\/2021\/04\/under-18-100x100.jpg 100w, https:\/\/totalblue.ro\/wp-content\/uploads\/2021\/04\/under-18-510x510.jpg 510w, https:\/\/totalblue.ro\/wp-content\/uploads\/2021\/04\/under-18-280x280.jpg 280w, https:\/\/totalblue.ro\/wp-content\/uploads\/2021\/04\/under-18.jpg 600w\" sizes=\"auto, (max-width: 95px) 100vw, 95px\" \/><\/a><a href=\"https:\/\/totalblue.ro\/wp-content\/uploads\/2021\/06\/drink-drive.jpg\"><img loading=\"lazy\" decoding=\"async\" class=\"alignnone wp-image-30761\" src=\"https:\/\/totalblue.ro\/wp-content\/uploads\/2021\/06\/drink-drive.jpg\" alt=\"\" width=\"96\" height=\"94\" srcset=\"https:\/\/totalblue.ro\/wp-content\/uploads\/2021\/06\/drink-drive.jpg 344w, https:\/\/totalblue.ro\/wp-content\/uploads\/2021\/06\/drink-drive-100x98.jpg 100w\" sizes=\"auto, (max-width: 96px) 100vw, 96px\" \/><\/a><a href=\"https:\/\/totalblue.ro\/wp-content\/uploads\/2021\/06\/bere-gravide02.jpg\"><img loading=\"lazy\" decoding=\"async\" class=\"alignnone wp-image-30771\" src=\"https:\/\/totalblue.ro\/wp-content\/uploads\/2021\/06\/bere-gravide02-403x400.jpg\" alt=\"\" width=\"97\" height=\"96\" srcset=\"https:\/\/totalblue.ro\/wp-content\/uploads\/2021\/06\/bere-gravide02-403x400.jpg 403w, https:\/\/totalblue.ro\/wp-content\/uploads\/2021\/06\/bere-gravide02-100x99.jpg 100w, https:\/\/totalblue.ro\/wp-content\/uploads\/2021\/06\/bere-gravide02-510x507.jpg 510w, https:\/\/totalblue.ro\/wp-content\/uploads\/2021\/06\/bere-gravide02-805x800.jpg 805w, https:\/\/totalblue.ro\/wp-content\/uploads\/2021\/06\/bere-gravide02-280x280.jpg 280w, https:\/\/totalblue.ro\/wp-content\/uploads\/2021\/06\/bere-gravide02-768x763.jpg 768w, https:\/\/totalblue.ro\/wp-content\/uploads\/2021\/06\/bere-gravide02-600x596.jpg 600w, https:\/\/totalblue.ro\/wp-content\/uploads\/2021\/06\/bere-gravide02.jpg 895w\" sizes=\"auto, (max-width: 97px) 100vw, 97px\" \/><\/a><\/p>","protected":false},"excerpt":{"rendered":"<p>Ingrediente Apa,alcool distilat din cereale Vodka Absolut a fost produsa pentru prima dat\u0103 1878 \u00een Suedia, orasul \u00c5hus, de antreprenorul si industriasul Lars Olsson Smith. Cu un istoric modest si o viziune realizata cu succes in contextul vremurilor sale, L.O. Smith a reusit sa creeze unul dintre cele mai bune produse distilate din Suedia. Amploarea [&#8230;]\n","protected":false},"featured_media":45842,"comment_status":"open","ping_status":"closed","template":"","meta":{"_acf_changed":false,"_seopress_robots_primary_cat":"none","_seopress_titles_title":"","_seopress_titles_desc":"","_seopress_robots_index":""},"product_brand":[5825],"product_cat":[1519],"giftcard-category":[],"class_list":{"0":"post-45841","1":"product","2":"type-product","3":"status-publish","4":"has-post-thumbnail","6":"product_brand-absolut","7":"product_cat-bauturi-alcoolice-bere","9":"first","10":"instock","11":"taxable","12":"shipping-taxable","13":"purchasable","14":"product-type-simple"},"acf":[],"_links":{"self":[{"href":"https:\/\/totalblue.ro\/de\/wp-json\/wp\/v2\/product\/45841","targetHints":{"allow":["GET"]}}],"collection":[{"href":"https:\/\/totalblue.ro\/de\/wp-json\/wp\/v2\/product"}],"about":[{"href":"https:\/\/totalblue.ro\/de\/wp-json\/wp\/v2\/types\/product"}],"replies":[{"embeddable":true,"href":"https:\/\/totalblue.ro\/de\/wp-json\/wp\/v2\/comments?post=45841"}],"wp:featuredmedia":[{"embeddable":true,"href":"https:\/\/totalblue.ro\/de\/wp-json\/wp\/v2\/media\/45842"}],"wp:attachment":[{"href":"https:\/\/totalblue.ro\/de\/wp-json\/wp\/v2\/media?parent=45841"}],"wp:term":[{"taxonomy":"product_brand","embeddable":true,"href":"https:\/\/totalblue.ro\/de\/wp-json\/wp\/v2\/product_brand?post=45841"},{"taxonomy":"product_cat","embeddable":true,"href":"https:\/\/totalblue.ro\/de\/wp-json\/wp\/v2\/product_cat?post=45841"},{"taxonomy":"giftcard-category","embeddable":true,"href":"https:\/\/totalblue.ro\/de\/wp-json\/wp\/v2\/giftcard-category?post=45841"}],"curies":[{"name":"wp","href":"https:\/\/api.w.org\/{rel}","templated":true}]}}