{"id":45975,"date":"2022-03-02T16:17:50","date_gmt":"2022-03-02T14:17:50","guid":{"rendered":"https:\/\/totalblue.ro\/?post_type=product&#038;p=45975"},"modified":"2026-03-27T21:34:12","modified_gmt":"2026-03-27T19:34:12","slug":"paulaner-munchner-hell-bere-blonda-49-500-ml-sticla","status":"publish","type":"product","link":"https:\/\/totalblue.ro\/de\/produs\/paulaner-munchner-hell-bere-blonda-49-500-ml-sticla\/","title":{"rendered":"Paulaner M\u00fcnchner Hell helles Lagerbier 4,9%, 500 ml, Flasche"},"content":{"rendered":"<p>Paulaner Munchner Hell este o bere de culoare aurie ce formeaza o spuma cu densitate medie. Are o aroma ierboasa cu note de urzici \u0219i un strop din aroma berii din grau.<br \/>\nEste foarte racoritoare, cu un gust imbietor de lamai si aroma de hamei. Toate acestea fac din Paulaner Munchner Hell o bere lejera si deosebita !<br \/>\nAlkohol: 4,9 % vol.<br \/>\nTip bere blonda<br \/>\nProdukt online verf\u00fcgbar<br \/>\nBrand : Paulaner<br \/>\nTara de origine : Germania<br \/>\nVerpackung: Glas. Die Flaschen werden nicht zur\u00fcckgenommen.<br \/>\nIngrediente: apa, malt din orz, hamei, drojdie de bere.<br \/>\nAchten Sie auf hohe Temperaturen und Frost.<br \/>\nJuristische L\u00fcgen: Alkohol schadet Ihrer Gesundheit. Trinken Sie in Ma\u00dfen. Der Verkauf an unter 18-J\u00e4hrige ist verboten. www.desprealcool.ro<br \/>\n<a href=\"https:\/\/totalblue.ro\/wp-content\/uploads\/2021\/04\/under-18.jpg\"><img loading=\"lazy\" decoding=\"async\" class=\"alignnone wp-image-30757\" src=\"https:\/\/totalblue.ro\/wp-content\/uploads\/2021\/04\/under-18-400x400.jpg\" alt=\"\" width=\"96\" height=\"96\" srcset=\"https:\/\/totalblue.ro\/wp-content\/uploads\/2021\/04\/under-18-400x400.jpg 400w, https:\/\/totalblue.ro\/wp-content\/uploads\/2021\/04\/under-18-100x100.jpg 100w, https:\/\/totalblue.ro\/wp-content\/uploads\/2021\/04\/under-18-510x510.jpg 510w, https:\/\/totalblue.ro\/wp-content\/uploads\/2021\/04\/under-18-280x280.jpg 280w, https:\/\/totalblue.ro\/wp-content\/uploads\/2021\/04\/under-18.jpg 600w\" sizes=\"auto, (max-width: 96px) 100vw, 96px\" \/><\/a><a href=\"https:\/\/totalblue.ro\/wp-content\/uploads\/2021\/06\/drink-drive.jpg\"><img loading=\"lazy\" decoding=\"async\" class=\"alignnone wp-image-30761\" src=\"https:\/\/totalblue.ro\/wp-content\/uploads\/2021\/06\/drink-drive.jpg\" alt=\"\" width=\"98\" height=\"96\" srcset=\"https:\/\/totalblue.ro\/wp-content\/uploads\/2021\/06\/drink-drive.jpg 344w, https:\/\/totalblue.ro\/wp-content\/uploads\/2021\/06\/drink-drive-100x98.jpg 100w\" sizes=\"auto, (max-width: 98px) 100vw, 98px\" \/><\/a><a href=\"https:\/\/totalblue.ro\/wp-content\/uploads\/2021\/06\/bere-gravide02.jpg\"><img loading=\"lazy\" decoding=\"async\" class=\"alignnone wp-image-30771\" src=\"https:\/\/totalblue.ro\/wp-content\/uploads\/2021\/06\/bere-gravide02-403x400.jpg\" alt=\"\" width=\"101\" height=\"100\" srcset=\"https:\/\/totalblue.ro\/wp-content\/uploads\/2021\/06\/bere-gravide02-403x400.jpg 403w, https:\/\/totalblue.ro\/wp-content\/uploads\/2021\/06\/bere-gravide02-100x99.jpg 100w, https:\/\/totalblue.ro\/wp-content\/uploads\/2021\/06\/bere-gravide02-510x507.jpg 510w, https:\/\/totalblue.ro\/wp-content\/uploads\/2021\/06\/bere-gravide02-805x800.jpg 805w, https:\/\/totalblue.ro\/wp-content\/uploads\/2021\/06\/bere-gravide02-280x280.jpg 280w, https:\/\/totalblue.ro\/wp-content\/uploads\/2021\/06\/bere-gravide02-768x763.jpg 768w, https:\/\/totalblue.ro\/wp-content\/uploads\/2021\/06\/bere-gravide02-600x596.jpg 600w, https:\/\/totalblue.ro\/wp-content\/uploads\/2021\/06\/bere-gravide02.jpg 895w\" sizes=\"auto, (max-width: 101px) 100vw, 101px\" \/><\/a><\/p>","protected":false},"excerpt":{"rendered":"<p>Paulaner Munchner Hell este o bere de culoare aurie ce formeaza o spuma cu densitate medie. Are o aroma ierboasa cu note de urzici \u0219i un strop din aroma berii din grau. Este foarte racoritoare, cu un gust imbietor de lamai si aroma de hamei. Toate acestea fac din Paulaner Munchner Hell o bere lejera [&#8230;]\n","protected":false},"featured_media":45976,"comment_status":"open","ping_status":"closed","template":"","meta":{"_acf_changed":false,"_seopress_robots_primary_cat":"none","_seopress_titles_title":"Paulaner Munchner Hell bere ieftina blonda import Germania","_seopress_titles_desc":"Cumpara acum online Paulaner Munchner Hell bere ieftina blonda import Germania. Livrare rapida din stoc bere import Paulaner Munchner Hell","_seopress_robots_index":""},"product_brand":[2034],"product_cat":[1555,1519,1950,1767,3412,3312],"giftcard-category":[],"class_list":{"0":"post-45975","1":"product","2":"type-product","3":"status-publish","4":"has-post-thumbnail","6":"product_brand-paulaner","7":"product_cat-bacanie","8":"product_cat-bauturi-alcoolice-bere","9":"product_cat-produse-germania","10":"product_cat-produse-olanda","11":"product_cat-bauturi-racoritoare-bere","12":"product_cat-bauturi-racoritoare-produse-olanda","14":"first","15":"instock","16":"taxable","17":"shipping-taxable","18":"purchasable","19":"product-type-simple"},"acf":[],"_links":{"self":[{"href":"https:\/\/totalblue.ro\/de\/wp-json\/wp\/v2\/product\/45975","targetHints":{"allow":["GET"]}}],"collection":[{"href":"https:\/\/totalblue.ro\/de\/wp-json\/wp\/v2\/product"}],"about":[{"href":"https:\/\/totalblue.ro\/de\/wp-json\/wp\/v2\/types\/product"}],"replies":[{"embeddable":true,"href":"https:\/\/totalblue.ro\/de\/wp-json\/wp\/v2\/comments?post=45975"}],"wp:featuredmedia":[{"embeddable":true,"href":"https:\/\/totalblue.ro\/de\/wp-json\/wp\/v2\/media\/45976"}],"wp:attachment":[{"href":"https:\/\/totalblue.ro\/de\/wp-json\/wp\/v2\/media?parent=45975"}],"wp:term":[{"taxonomy":"product_brand","embeddable":true,"href":"https:\/\/totalblue.ro\/de\/wp-json\/wp\/v2\/product_brand?post=45975"},{"taxonomy":"product_cat","embeddable":true,"href":"https:\/\/totalblue.ro\/de\/wp-json\/wp\/v2\/product_cat?post=45975"},{"taxonomy":"giftcard-category","embeddable":true,"href":"https:\/\/totalblue.ro\/de\/wp-json\/wp\/v2\/giftcard-category?post=45975"}],"curies":[{"name":"wp","href":"https:\/\/api.w.org\/{rel}","templated":true}]}}