{"id":46771,"date":"2022-03-08T13:52:45","date_gmt":"2022-03-08T11:52:45","guid":{"rendered":"https:\/\/totalblue.ro\/?post_type=product&#038;p=46771"},"modified":"2025-08-04T10:22:42","modified_gmt":"2025-08-04T07:22:42","slug":"beemster-branza-cu-ardei-jalapeno-cremoasa-picanta-maturata-ca-5-saptamani-250-g","status":"publish","type":"product","link":"https:\/\/totalblue.ro\/de\/produs\/beemster-branza-cu-ardei-jalapeno-cremoasa-picanta-maturata-ca-5-saptamani-250-g\/","title":{"rendered":"Beemster Cremig &amp; Pikant Gr\u00fcner Jalapeno-K\u00e4se 250 g"},"content":{"rendered":"<p>Beemster Branza cu Ardei Jalapeno verde, cremoasa &amp; picanta, Maturata ca. 5 saptamani 250 g<\/p>\n<p>Beemster gereift ist ein nat\u00fcrlich gereifter K\u00e4se, der ein schmackhaftes Gleichgewicht zwischen der Sch\u00e4rfe des alten K\u00e4ses und der Weichheit der j\u00fcngeren Sorte aufweist.<br \/>\nBeemster ist eine Genossenschaft von Kleinbauern im Beemster-Gebiet von Beemster in den Niederlanden.<br \/>\nDie K\u00fche haben so viel Auslauf wie m\u00f6glich und werden sehr gut versorgt.<br \/>\nBeemster stellt K\u00e4se auf traditionelle und nachhaltige Weise her.<\/p>\n<p>Dieses Produkt l\u00e4sst sich leicht in ein genussfertiges Sandwich verwandeln.<\/p>\n<p><strong>Zutat<\/strong>: lapte de vaca (pasteurizat),ardei jalapeno verde, sare, cultura starter, cheag vegetarian, colorant natural annatto (E160b(ii)).<br \/>\n<strong>Allergene<\/strong>: enth\u00e4lt Milch.<\/p>\n<p>In einer gesch\u00fctzten Atmosph\u00e4re verpackt.<br \/>\nInhalt und Gewicht: verpacktes Produkt, Gewicht 250 Gramm.<br \/>\nLagerung: K\u00fchl lagern (max. 7\u00b0C), nach dem \u00d6ffnen verderblich.<br \/>\nMerkmale. Vegetarisch<\/p>\n<p><strong>N\u00e4hrwertangaben pro 100 g:<\/strong><br \/>\nEnergie 1593 kJ (384 kcal)<br \/>\nFett 31,2 g, davon ges\u00e4ttigtes Fett 20,90 g<br \/>\nKohlenhydrate 0 g, davon Zucker 0 g<br \/>\nEiwei\u00df 25,8 g<br \/>\nSalz 1,7 g<\/p>\n<p>&nbsp;<\/p>\n<p><a href=\"https:\/\/totalblue.ro\/wp-content\/uploads\/2021\/02\/vegetarian.jpeg\"><img loading=\"lazy\" decoding=\"async\" class=\"alignnone wp-image-27413\" src=\"https:\/\/totalblue.ro\/wp-content\/uploads\/2021\/02\/vegetarian.jpeg\" alt=\"\" width=\"104\" height=\"104\" srcset=\"https:\/\/totalblue.ro\/wp-content\/uploads\/2021\/02\/vegetarian.jpeg 225w, https:\/\/totalblue.ro\/wp-content\/uploads\/2021\/02\/vegetarian-100x100.jpeg 100w\" sizes=\"auto, (max-width: 104px) 100vw, 104px\" \/><\/a><a href=\"https:\/\/totalblue.ro\/wp-content\/uploads\/2021\/11\/branzeturi.jpg\"><img loading=\"lazy\" decoding=\"async\" class=\"alignnone wp-image-37210\" src=\"https:\/\/totalblue.ro\/wp-content\/uploads\/2021\/11\/branzeturi.jpg\" alt=\"\" width=\"110\" height=\"105\" srcset=\"https:\/\/totalblue.ro\/wp-content\/uploads\/2021\/11\/branzeturi.jpg 300w, https:\/\/totalblue.ro\/wp-content\/uploads\/2021\/11\/branzeturi-100x95.jpg 100w\" sizes=\"auto, (max-width: 110px) 100vw, 110px\" \/><\/a><\/p>\n<p>Produzent: CONO Kaasmakers, Postbus 1, 1462 ZG Middenbeemster, Die Niederlande<br \/>\nImporteur und Vertreiber: Total Blue Impex SRL, Bukarest, Rum\u00e4nien<\/p>","protected":false},"excerpt":{"rendered":"<p>Beemster Branza cu Ardei Jalapeno verde, cremoasa &amp; picanta, Maturata ca. 5 saptamani 250 g Beemster matured este o branza maturata natural si are un echilibru gustos intre picantul al branzei vechi si moliciunea soiului mai tanar. Beemster este o cooperativ de mici fermieri din zona Beemster, Olanda. Vacile ies afara cat mai mult posibil [&#8230;]\n","protected":false},"featured_media":46775,"comment_status":"open","ping_status":"closed","template":"","meta":{"_acf_changed":false,"_seopress_robots_primary_cat":"none","_seopress_titles_title":"Beemster Branza cu Ardei Jalapeno Verde, branzeturi cu Jalapeno Olanda","_seopress_titles_desc":"Cumpara online Beemster Branza cu Ardei Jalapeno Verde, branzeturi cu Jalapeno Olanda. Branzeturi olandeze, branza cu ardei, branza Olanda","_seopress_robots_index":""},"product_brand":[4228],"product_cat":[1555,3288,4226,1767],"giftcard-category":[],"class_list":{"0":"post-46771","1":"product","2":"type-product","3":"status-publish","4":"has-post-thumbnail","6":"product_brand-beemster","7":"product_cat-bacanie","8":"product_cat-branzeturi","9":"product_cat-branzeturi-bacanie","10":"product_cat-produse-olanda","12":"first","13":"outofstock","14":"taxable","15":"shipping-taxable","16":"purchasable","17":"product-type-simple"},"acf":[],"_links":{"self":[{"href":"https:\/\/totalblue.ro\/de\/wp-json\/wp\/v2\/product\/46771","targetHints":{"allow":["GET"]}}],"collection":[{"href":"https:\/\/totalblue.ro\/de\/wp-json\/wp\/v2\/product"}],"about":[{"href":"https:\/\/totalblue.ro\/de\/wp-json\/wp\/v2\/types\/product"}],"replies":[{"embeddable":true,"href":"https:\/\/totalblue.ro\/de\/wp-json\/wp\/v2\/comments?post=46771"}],"wp:featuredmedia":[{"embeddable":true,"href":"https:\/\/totalblue.ro\/de\/wp-json\/wp\/v2\/media\/46775"}],"wp:attachment":[{"href":"https:\/\/totalblue.ro\/de\/wp-json\/wp\/v2\/media?parent=46771"}],"wp:term":[{"taxonomy":"product_brand","embeddable":true,"href":"https:\/\/totalblue.ro\/de\/wp-json\/wp\/v2\/product_brand?post=46771"},{"taxonomy":"product_cat","embeddable":true,"href":"https:\/\/totalblue.ro\/de\/wp-json\/wp\/v2\/product_cat?post=46771"},{"taxonomy":"giftcard-category","embeddable":true,"href":"https:\/\/totalblue.ro\/de\/wp-json\/wp\/v2\/giftcard-category?post=46771"}],"curies":[{"name":"wp","href":"https:\/\/api.w.org\/{rel}","templated":true}]}}