{"id":47310,"date":"2022-03-15T13:35:43","date_gmt":"2022-03-15T11:35:43","guid":{"rendered":"https:\/\/totalblue.ro\/?post_type=product&#038;p=47310"},"modified":"2026-01-09T14:55:29","modified_gmt":"2026-01-09T12:55:29","slug":"joppie-original-sos-850-ml-olanda","status":"publish","type":"product","link":"https:\/\/totalblue.ro\/de\/produs\/joppie-original-sos-850-ml-olanda\/","title":{"rendered":"Joppie Original Sos 850 ml, Olanda"},"content":{"rendered":"<p><strong>Zutat<\/strong>: Pflanzen\u00f6l (Raps, R\u00fcbe), Wasser, Zucker 15%, Zwiebel 11%, Lebensmittels\u00e4uren: (Essigs\u00e4ure, Zitronens\u00e4ure, Milchs\u00e4ure, Natriumlactat), Eigelb, modifizierte Maisst\u00e4rke, Weizenst\u00e4rke (Gluten), Salz, Konservierungsmittel: E202\/E211, Maltodextrin, Verdickungsmittel: E412\/E415, Antioxidantien: E392\/E385, Kartoffelst\u00e4rke, Farbstoffe: (Carotin, Lutein, E150c), Kr\u00e4uter, Tomatenmark, Aroma (Soja), Weizenmehl (Gluten), Gem\u00fcsepulver, Gew\u00fcrze, Erbsenfaser, S\u00fc\u00dfstoffe: (Acesulfam-K, Aspartam (enth\u00e4lt eine Phenylalaninquelle)), Sellerie, Senf.<br \/>\n<strong>Allergene<\/strong>Enth\u00e4lt: Eier, glutenhaltiges Getreide, Soja, Sellerie, Senf, Weizen.<br \/>\n<strong>N\u00e4hrwertangaben pro 100 g:<\/strong><br \/>\nEnergie 1272 kJ (306 kcal)<br \/>\nGrasimi 23 g din care grasimi saturate 1,8 g<br \/>\nGlucide 24 g din care zaharuri 20 g<br \/>\nProteine \u200b\u200b1.1 g<br \/>\nSalz 1,3 g<br \/>\nLagerung: Im K\u00fchlschrank: 1-7\u2103<\/p>\n<p>Hergestellt von Elite Salads &amp; Snacks B.V., Postbus 121, 7160 AC Neede, Die Niederlande<br \/>\nEinf\u00fchrer und H\u00e4ndler Total Blue Impex SRL<\/p>","protected":false},"excerpt":{"rendered":"<p>Ingrediente: ulei vegetal (rapita, nap), apa, zahar 15%, ceapa 11%, acizi alimentari: (acid acetic, acid citric, acid lactic, lactat de sodiu), galbenua de ou, amidon de porumb modificat, amidon de grau (gluten), sare, conservanti: E202\/E211, maltodextrina, agenti de ingrosare: E412\/E415, antioxidanti: E392\/E385, amidon de cartofi, coloranti: (caroten, luteina, E150c), ierburi, pasta de tomate, aroma (soia), [&#8230;]\n","protected":false},"featured_media":47311,"comment_status":"open","ping_status":"closed","template":"","meta":{"_acf_changed":false,"_seopress_robots_primary_cat":"1767","_seopress_titles_title":"Joppie Original Sos 850 ml, sos maioneza , sosuri cartofi","_seopress_titles_desc":"Cauti sos de maioneza? Cumpara acum sos de maioneza special Joppie, Joppie Original Sos 850 ml, sos de maioneza Joppie Olanda, sos cartofi","_seopress_robots_index":""},"product_brand":[22364,5929],"product_cat":[1555,3280,1767],"giftcard-category":[],"class_list":{"0":"post-47310","1":"product","2":"type-product","3":"status-publish","4":"has-post-thumbnail","6":"product_brand-elite","7":"product_brand-joppie","8":"product_cat-bacanie","9":"product_cat-condimente-sosuri","10":"product_cat-produse-olanda","12":"first","13":"outofstock","14":"taxable","15":"shipping-taxable","16":"purchasable","17":"product-type-simple"},"acf":[],"_links":{"self":[{"href":"https:\/\/totalblue.ro\/de\/wp-json\/wp\/v2\/product\/47310","targetHints":{"allow":["GET"]}}],"collection":[{"href":"https:\/\/totalblue.ro\/de\/wp-json\/wp\/v2\/product"}],"about":[{"href":"https:\/\/totalblue.ro\/de\/wp-json\/wp\/v2\/types\/product"}],"replies":[{"embeddable":true,"href":"https:\/\/totalblue.ro\/de\/wp-json\/wp\/v2\/comments?post=47310"}],"wp:featuredmedia":[{"embeddable":true,"href":"https:\/\/totalblue.ro\/de\/wp-json\/wp\/v2\/media\/47311"}],"wp:attachment":[{"href":"https:\/\/totalblue.ro\/de\/wp-json\/wp\/v2\/media?parent=47310"}],"wp:term":[{"taxonomy":"product_brand","embeddable":true,"href":"https:\/\/totalblue.ro\/de\/wp-json\/wp\/v2\/product_brand?post=47310"},{"taxonomy":"product_cat","embeddable":true,"href":"https:\/\/totalblue.ro\/de\/wp-json\/wp\/v2\/product_cat?post=47310"},{"taxonomy":"giftcard-category","embeddable":true,"href":"https:\/\/totalblue.ro\/de\/wp-json\/wp\/v2\/giftcard-category?post=47310"}],"curies":[{"name":"wp","href":"https:\/\/api.w.org\/{rel}","templated":true}]}}