{"id":47357,"date":"2022-03-15T15:55:32","date_gmt":"2022-03-15T13:55:32","guid":{"rendered":"https:\/\/totalblue.ro\/?post_type=product&#038;p=47357"},"modified":"2026-02-28T18:07:14","modified_gmt":"2026-02-28T16:07:14","slug":"conimex-marinade-sate-38-g-import-aus-den-niederlanden","status":"publish","type":"product","link":"https:\/\/totalblue.ro\/de\/produs\/conimex-marinade-sate-38-g-import-olanda\/","title":{"rendered":"Conimex Sated Marinade 38 g, Import aus Holland"},"content":{"rendered":"<p><strong>Zutat<\/strong>Zucker, Salz, Hefeextrakt, Ingwer, Knoblauch, Pflanzen\u00f6l (Sonnenblumen, Palm), Maltodextrin, Paprika, Galgantwurzel, schwarzer Pfeffer, Zwiebelpulver, Sojasauce (Soja, Weizen), Gerstenmalzextrakt, Zitronensaftpulver, K\u00fcmmel, Aromen (enth\u00e4lt Sellerie)<br \/>\n<strong>Allergene:<\/strong> Enth\u00e4lt: Gerste, glutenhaltiges Getreide, Sellerie, Soja, Weizen.<br \/>\nKann enthalten: Eier, Milch.<br \/>\n<strong>Lagerung:<\/strong> An einem trockenen Ort bei Raumtemperatur aufbewahren.<\/p>\n<p><strong>Ern\u00e4hrung:<\/strong><br \/>\nEnergie 1392 kJ (332 kcal)<br \/>\nFett 3,2 g, davon ges\u00e4ttigtes Fett 0,5 g<br \/>\nKohlenhydrate 64 g, davon Zucker 52 g<br \/>\nBallaststoffe 2,2 g<br \/>\nEiwei\u00df 10 g<br \/>\nSalz 15,6 g<\/p>\n<p><strong>Empfohlene Zubereitung:<\/strong><\/p>\n<p>1. Den Inhalt des Marinadebeutels mit 3 Essl\u00f6ffeln Wok\u00f6l, 1 Essl\u00f6ffel Wasser und 1 Essl\u00f6ffel Ketjap mischen.<br \/>\n2. Dann das Fleisch darin marinieren (5 bis 10 Minuten)<\/p>\n<p>Conimex bezieht seit 1932 k\u00f6stliche authentische orientalische Aromen aus den Niederlanden und hat sich im Laufe der Jahre zu einer bekannten Marke mit einem inspirierenden Sortiment von \u00fcber 150 Produkten entwickelt. Viele der Rohstoffe werden direkt aus L\u00e4ndern des Fernen Ostens wie Indonesien, China und Thailand importiert. Mit den Produkten von Conimex k\u00f6nnen Sie in nur wenigen Schritten ein gro\u00dfartiges Gericht mit k\u00f6stlichen orientalischen Aromen zubereiten.<\/p>\n<p>Hergestellt von Unilever Nederland, Conimex , Postbus 160 3000 AD AD Rotterdam<\/p>","protected":false},"excerpt":{"rendered":"<p>Ingrediente: zahar, sare, extract de drojdie, ghimbir, usturoi, ulei vegetal (floarea soarelui, palmier), maltodextrina, boia de ardei, radacina de galanga, piper negru, praf de ceapa, sos de soia (soia, grau), extract de mal\u021b de orz, pudra de suc de lamaie, chimen, aromatizatoare (contine telina) Alergeni: Contine: orz, cereale care contin gluten, telina, soia, grau. Poate [&#8230;]\n","protected":false},"featured_media":130131,"comment_status":"open","ping_status":"closed","template":"","meta":{"_acf_changed":false,"_seopress_robots_primary_cat":"none","_seopress_titles_title":"","_seopress_titles_desc":"Comanda acum Conimex Mix bami speciaal 37g - Condimente Conimex Mix bami Speciaal 37g cu livrare rapida pana la usa ta","_seopress_robots_index":""},"product_brand":[1949],"product_cat":[1555,3280,1451,17494,1767],"giftcard-category":[],"class_list":{"0":"post-47357","1":"product","2":"type-product","3":"status-publish","4":"has-post-thumbnail","6":"product_brand-conimex","7":"product_cat-bacanie","8":"product_cat-condimente-sosuri","9":"product_cat-condimente-produse-instant","10":"product_cat-influente-asiatice","11":"product_cat-produse-olanda","13":"first","14":"instock","15":"taxable","16":"shipping-taxable","17":"purchasable","18":"product-type-simple"},"acf":[],"_links":{"self":[{"href":"https:\/\/totalblue.ro\/de\/wp-json\/wp\/v2\/product\/47357","targetHints":{"allow":["GET"]}}],"collection":[{"href":"https:\/\/totalblue.ro\/de\/wp-json\/wp\/v2\/product"}],"about":[{"href":"https:\/\/totalblue.ro\/de\/wp-json\/wp\/v2\/types\/product"}],"replies":[{"embeddable":true,"href":"https:\/\/totalblue.ro\/de\/wp-json\/wp\/v2\/comments?post=47357"}],"wp:featuredmedia":[{"embeddable":true,"href":"https:\/\/totalblue.ro\/de\/wp-json\/wp\/v2\/media\/130131"}],"wp:attachment":[{"href":"https:\/\/totalblue.ro\/de\/wp-json\/wp\/v2\/media?parent=47357"}],"wp:term":[{"taxonomy":"product_brand","embeddable":true,"href":"https:\/\/totalblue.ro\/de\/wp-json\/wp\/v2\/product_brand?post=47357"},{"taxonomy":"product_cat","embeddable":true,"href":"https:\/\/totalblue.ro\/de\/wp-json\/wp\/v2\/product_cat?post=47357"},{"taxonomy":"giftcard-category","embeddable":true,"href":"https:\/\/totalblue.ro\/de\/wp-json\/wp\/v2\/giftcard-category?post=47357"}],"curies":[{"name":"wp","href":"https:\/\/api.w.org\/{rel}","templated":true}]}}