{"id":47411,"date":"2022-03-16T10:08:35","date_gmt":"2022-03-16T08:08:35","guid":{"rendered":"https:\/\/totalblue.ro\/?post_type=product&#038;p=47411"},"modified":"2025-08-20T13:15:09","modified_gmt":"2025-08-20T10:15:09","slug":"king-pepermunt-original-mentosane-44g","status":"publish","type":"product","link":"https:\/\/totalblue.ro\/de\/produs\/king-pepermunt-original-mentosane-44g\/","title":{"rendered":"K\u00f6nig Pepermunt Original Pfefferminzbonbons 44g"},"content":{"rendered":"<p>K\u00f6nig Pepermunt Original Pfefferminzbonbons 44g<br \/>\nIngrediente: Zah\u0103r, agent de gelifiere (gum\u0103 arabic\u0103), gelatin\u0103, ulei de ment\u0103.<br \/>\nN\u00e4hrwertangaben \/ 100 g:<br \/>\nEnergie 1680 kJ\/ 395 kcal<br \/>\nFett 0 g, davon ges\u00e4ttigt 0 g<br \/>\nCarbohidra\u021bi 98 g din care zaharuri 97 g<br \/>\nProteine \u200b\u200b0.5 g<br \/>\nSalz 0 g<\/p>\n<p>Producator King \/ Cloetta Holland BV<br \/>\nPostbus 72, Nl 4900 AB Oosterhout<br \/>\nEinf\u00fchrer und H\u00e4ndler Total Blue Impex SRL<strong><br \/>\n<\/strong><\/p>\n<div id=\"simple-translate\">\n<div>\n<div class=\"simple-translate-button isShow\" style=\"height: 22px;width: 22px\"><\/div>\n<div class=\"simple-translate-panel\" style=\"width: 300px;height: 200px;font-size: 13px;background-color: #ffffff\">\n<div class=\"simple-translate-result-wrapper\" style=\"overflow: hidden\">\n<div class=\"simple-translate-move\"><\/div>\n<div class=\"simple-translate-result-contents\">\n<p class=\"simple-translate-candidate\" dir=\"auto\" style=\"color: #737373\">\n<\/div>\n<\/div>\n<\/div>\n<\/div>\n<\/div>","protected":false},"excerpt":{"rendered":"<p>King Pepermunt Original mentosane 44g Ingrediente: Zah\u0103r, agent de gelifiere (gum\u0103 arabic\u0103), gelatin\u0103, ulei de ment\u0103. Valori nutritionale \/ 100 g: Energie 1680 kJ\/ 395 kcal Grasimi 0 g din care saturate 0 g Carbohidra\u021bi 98 g din care zaharuri 97 g Proteine \u200b\u200b0.5 g Sare 0 g Producator King \/ Cloetta Holland BV Postbus [&#8230;]\n","protected":false},"featured_media":47415,"comment_status":"open","ping_status":"closed","template":"","meta":{"_acf_changed":false,"_seopress_robots_primary_cat":"none","_seopress_titles_title":"King Pepermunt Original mentosane 44g","_seopress_titles_desc":"King Pepermunt Original mentosane 44g","_seopress_robots_index":""},"product_brand":[15319],"product_cat":[1555,3338,1767],"giftcard-category":[],"class_list":{"0":"post-47411","1":"product","2":"type-product","3":"status-publish","4":"has-post-thumbnail","6":"product_brand-king","7":"product_cat-bacanie","8":"product_cat-dulciuri-snacksuri","9":"product_cat-produse-olanda","11":"first","12":"outofstock","13":"taxable","14":"shipping-taxable","15":"purchasable","16":"product-type-simple"},"acf":[],"_links":{"self":[{"href":"https:\/\/totalblue.ro\/de\/wp-json\/wp\/v2\/product\/47411","targetHints":{"allow":["GET"]}}],"collection":[{"href":"https:\/\/totalblue.ro\/de\/wp-json\/wp\/v2\/product"}],"about":[{"href":"https:\/\/totalblue.ro\/de\/wp-json\/wp\/v2\/types\/product"}],"replies":[{"embeddable":true,"href":"https:\/\/totalblue.ro\/de\/wp-json\/wp\/v2\/comments?post=47411"}],"wp:featuredmedia":[{"embeddable":true,"href":"https:\/\/totalblue.ro\/de\/wp-json\/wp\/v2\/media\/47415"}],"wp:attachment":[{"href":"https:\/\/totalblue.ro\/de\/wp-json\/wp\/v2\/media?parent=47411"}],"wp:term":[{"taxonomy":"product_brand","embeddable":true,"href":"https:\/\/totalblue.ro\/de\/wp-json\/wp\/v2\/product_brand?post=47411"},{"taxonomy":"product_cat","embeddable":true,"href":"https:\/\/totalblue.ro\/de\/wp-json\/wp\/v2\/product_cat?post=47411"},{"taxonomy":"giftcard-category","embeddable":true,"href":"https:\/\/totalblue.ro\/de\/wp-json\/wp\/v2\/giftcard-category?post=47411"}],"curies":[{"name":"wp","href":"https:\/\/api.w.org\/{rel}","templated":true}]}}