{"id":47749,"date":"2022-03-22T11:28:08","date_gmt":"2022-03-22T09:28:08","guid":{"rendered":"https:\/\/totalblue.ro\/?post_type=product&#038;p=47749"},"modified":"2026-02-12T10:12:21","modified_gmt":"2026-02-12T08:12:21","slug":"biberon-anticolici-ergonomic-caramel-s-difrax-250-ml","status":"publish","type":"product","link":"https:\/\/totalblue.ro\/de\/produs\/biberon-anticolici-ergonomic-caramel-s-difrax-250-ml\/","title":{"rendered":"Karamell S-Difrax ergonomische Anti-Kolik-Flasche 250 ml"},"content":{"rendered":"<div id=\"tab-description\" class=\"woocommerce-Tabs-panel woocommerce-Tabs-panel--description panel entry-content active\" role=\"tabpanel\" aria-labelledby=\"tab-title-description\">\n<p>Die ergonomische S-Flasche verringert das Risiko von Koliken, Aufsto\u00dfen und Erbrechen.<br \/>\nSeine ergonomische S-Form simuliert die nat\u00fcrliche Stillposition des Babys.<br \/>\nNatural Nipple (rund) ist aus sehr weichem Silikon mit erh\u00f6hter Griffigkeit f\u00fcr das Baby hergestellt.<\/p>\n<p>Das Ventil am Boden der Flasche verhindert die Bildung eines Vakuums w\u00e4hrend des F\u00fctterns und sorgt f\u00fcr einen konstanten Luftstrom. Die Luft tritt ein, bleibt im Boden der S-Flasche und vermischt sich nicht mit der Milch, wodurch das Risiko von Bauchkr\u00e4mpfen, Aufsto\u00dfen und Erbrechen verringert wird. Da sich die Milch nicht mit Luft vermischt, bleiben alle wichtigen N\u00e4hrstoffe erhalten.<br \/>\nDas ergonomische Flaschendesign erm\u00f6glicht eine entspannte F\u00fctterungsposition.<br \/>\nDieses Produkt enth\u00e4lt kein Bisphenol A (BPA-frei).<\/p>\n<p><img loading=\"lazy\" decoding=\"async\" class=\"alignnone size-medium wp-image-2299 lazy-load-active\" src=\"https:\/\/racekids.ro\/wp-content\/uploads\/2019\/02\/biberon-anticolici-utilizare-corecta-biberon-difrax-racekids-800x147.jpg\" alt=\"\" width=\"800\" height=\"147\" data-src=\"https:\/\/racekids.ro\/wp-content\/uploads\/2019\/02\/biberon-anticolici-utilizare-corecta-biberon-difrax-racekids-800x147.jpg\" data-srcset=\"https:\/\/hainutebebelusi.ro\/wp-content\/uploads\/2019\/02\/biberon-anticolici-utilizare-corecta-biberon-difrax-racekids-800x147.jpg 800w, https:\/\/hainutebebelusi.ro\/wp-content\/uploads\/2019\/02\/biberon-anticolici-utilizare-corecta-biberon-difrax-racekids-768x141.jpg 768w, https:\/\/hainutebebelusi.ro\/wp-content\/uploads\/2019\/02\/biberon-anticolici-utilizare-corecta-biberon-difrax-racekids-1400x258.jpg 1400w, https:\/\/hainutebebelusi.ro\/wp-content\/uploads\/2019\/02\/biberon-anticolici-utilizare-corecta-biberon-difrax-racekids-96x18.jpg 96w, https:\/\/hainutebebelusi.ro\/wp-content\/uploads\/2019\/02\/biberon-anticolici-utilizare-corecta-biberon-difrax-racekids-600x111.jpg 600w, https:\/\/hainutebebelusi.ro\/wp-content\/uploads\/2019\/02\/biberon-anticolici-utilizare-corecta-biberon-difrax-racekids-100x18.jpg 100w, https:\/\/hainutebebelusi.ro\/wp-content\/uploads\/2019\/02\/biberon-anticolici-utilizare-corecta-biberon-difrax-racekids.jpg 2048w\" \/><\/p>\n<p><strong>Lesen Sie die Gebrauchsanweisung vor der Anwendung sorgf\u00e4ltig durch.<\/strong><br \/>\n<strong>Vor dem ersten Gebrauch die Bestandteile 5 Minuten lang in Wasser kochen.<\/strong> <strong>Dies garantiert eine gute Hygiene.<\/strong><\/p>\n<p>WARNUNG!<br \/>\nDas Produkt sollte unter Aufsicht von Erwachsenen verwendet werden.<br \/>\nVerwenden Sie die Brustwarze niemals als Schnuller.<br \/>\nSt\u00e4ndiger und l\u00e4ngerer Verzehr von fl\u00fcssigen Lebensmitteln verursacht Karies.<br \/>\nPr\u00fcfen Sie immer die Temperatur der Nahrung, bevor Sie Ihr Baby f\u00fcttern.<br \/>\nLassen Sie die Bauteile nicht in der Reichweite Ihres Kindes liegen.<br \/>\nEinige Lebensmittel, wie z. B. Fruchtsaftkonzentrat, enthalten nat\u00fcrliche Farbstoffe, die das Produkt verf\u00e4rben k\u00f6nnen. Dies kann leider nicht verhindert werden.<br \/>\nErlauben Sie Ihrem Kind nicht, w\u00e4hrend des Essens mit den Komponenten zu spielen oder zu laufen\/rennen.<br \/>\nBewahren Sie das Merkblatt zum sp\u00e4teren Nachschlagen auf.<br \/>\nEntspricht der Norm EN14350.<\/p>\n<\/div>","protected":false},"excerpt":{"rendered":"<p>S-Flasche mit antikolikischem Silikonsauger:<br \/>\n<span class=\"st\">\u2713<\/span>reduziert das Risiko von Bauchkr\u00e4mpfen, Aufsto\u00dfen und Erbrechen<br \/>\n<span class=\"st\">\u2713<\/span>Ergonomische S-Form simuliert die nat\u00fcrliche Stillposition des Babys<br \/>\n<span class=\"st\">\u2713<\/span>Bodenventil verhindert die Vermischung von Luft und Milch beim F\u00fcttern<br \/>\n<span class=\"st\">\u2713<\/span>Messkappe f\u00fcr die Dosierung von Milchpulver.<\/p>\n<p><strong>\u00a0<\/strong><\/p>\n<div id=\"simple-translate\">\n<div>\n<div class=\"simple-translate-button isShow\" style=\"height: 22px;width: 22px\"><\/div>\n<div class=\"simple-translate-panel\" style=\"width: 300px;height: 200px;font-size: 13px;background-color: #ffffff\">\n<div class=\"simple-translate-result-wrapper\" style=\"overflow: hidden\">\n<div class=\"simple-translate-move\"><\/div>\n<div class=\"simple-translate-result-contents\">\n<p class=\"simple-translate-candidate\" dir=\"auto\" style=\"color: #737373\">\n<\/div>\n<\/div>\n<\/div>\n<\/div>\n<\/div>","protected":false},"featured_media":47722,"comment_status":"open","ping_status":"closed","template":"","meta":{"_acf_changed":false,"_seopress_robots_primary_cat":"1546","_seopress_titles_title":"","_seopress_titles_desc":"Biberonul-S de la Difrax cu tetina din silicon anticolici reduce riscul de crampe abdominale, regurgitare si voma.","_seopress_robots_index":""},"product_brand":[6195],"product_cat":[1546,1520,5677],"giftcard-category":[],"class_list":{"0":"post-47749","1":"product","2":"type-product","3":"status-publish","4":"has-post-thumbnail","6":"product_brand-difrax","7":"product_cat-biberoane-anticolici-cani-accesorii-alaptare","8":"product_cat-mama-copilul","9":"product_cat-mancare-si-accesorii-bebe","11":"first","12":"instock","13":"taxable","14":"shipping-taxable","15":"purchasable","16":"product-type-simple"},"acf":[],"_links":{"self":[{"href":"https:\/\/totalblue.ro\/de\/wp-json\/wp\/v2\/product\/47749","targetHints":{"allow":["GET"]}}],"collection":[{"href":"https:\/\/totalblue.ro\/de\/wp-json\/wp\/v2\/product"}],"about":[{"href":"https:\/\/totalblue.ro\/de\/wp-json\/wp\/v2\/types\/product"}],"replies":[{"embeddable":true,"href":"https:\/\/totalblue.ro\/de\/wp-json\/wp\/v2\/comments?post=47749"}],"wp:featuredmedia":[{"embeddable":true,"href":"https:\/\/totalblue.ro\/de\/wp-json\/wp\/v2\/media\/47722"}],"wp:attachment":[{"href":"https:\/\/totalblue.ro\/de\/wp-json\/wp\/v2\/media?parent=47749"}],"wp:term":[{"taxonomy":"product_brand","embeddable":true,"href":"https:\/\/totalblue.ro\/de\/wp-json\/wp\/v2\/product_brand?post=47749"},{"taxonomy":"product_cat","embeddable":true,"href":"https:\/\/totalblue.ro\/de\/wp-json\/wp\/v2\/product_cat?post=47749"},{"taxonomy":"giftcard-category","embeddable":true,"href":"https:\/\/totalblue.ro\/de\/wp-json\/wp\/v2\/giftcard-category?post=47749"}],"curies":[{"name":"wp","href":"https:\/\/api.w.org\/{rel}","templated":true}]}}