{"id":48160,"date":"2022-03-29T16:05:53","date_gmt":"2022-03-29T13:05:53","guid":{"rendered":"https:\/\/totalblue.ro\/?post_type=product&#038;p=48160"},"modified":"2026-01-07T11:40:13","modified_gmt":"2026-01-07T09:40:13","slug":"budureasca-klassischer-rauchwein-demisec-075l","status":"publish","type":"product","link":"https:\/\/totalblue.ro\/de\/produs\/budureasca-clasic-fume-vin-demisec-075l\/","title":{"rendered":"Budureasca Clasic Fume, Demisic Wein 0,75L"},"content":{"rendered":"<p>Klassischer ger\u00e4ucherter Demisec 2020<\/p>\n<p>Der Fum\u00e9 Classic ist ein perfekt ausgewogener Wein, der aus vier wei\u00dfen Rebsorten hergestellt wird. Die strohgelbe Farbe wird durch reife Melonenaromen und feine Eichennoten erg\u00e4nzt. Der angenehme Geschmack von reifer Quitte und ein Hauch von Eiche offenbaren einen langen und angenehmen Abgang.<\/p>\n<p>Weinfarbe: Wei\u00df<br \/>\nWeintyp: Demisec<br \/>\nRebsorte : Chardonnay<br \/>\nSauvignon Blanc<br \/>\nDer k\u00f6nigliche Frosch<br \/>\nGrauburgunder<\/p>\n<p>Alkoholgehalt: 13,5%<br \/>\nInhalt und Verpackung: abgef\u00fcllte Flasche, 0,75L<\/p>\n<p>Vorschl\u00e4ge zum Servieren:<br \/>\nWir empfehlen, den Wein bei einer Temperatur von 10-12\u00b0C zu servieren.<\/p>\n<p>Das Verfahren zur Herstellung von Budureasca Fum\u00e9 ist sehr komplex. Das Geheimnis liegt darin, das perfekte Gleichgewicht zwischen den Rebsorten zu finden. Jede Rebsorte (Chardonnay, Sauvignon Blanc, Feteasca Regala und Pinot Gris) wird einzeln gepresst, und der Most wird zum Kl\u00e4ren getrennt in F\u00e4sser gef\u00fcllt. Nach der Kl\u00e4rung werden die drei Moste vermischt, mit Ausnahme einer kleinen Menge Chardonnay, die in Eichenholz vergoren wird. Die G\u00e4rung erfolgt drei Wochen lang bei kontrollierten Temperaturen von 13 bis 15\u00b0C.<\/p>\n<p>Wein aus vollreif geernteten Trauben (D.O.C. - C.M.D. Dealu Mare).<\/p>\n<p>F\u00fcr ein volles Geschmackserlebnis empfehlen wir, den Wein bei einer Temperatur von 10-12\u00b0C zu servieren.<\/p>\n<p>Juristische L\u00fcgen: Alkohol schadet Ihrer Gesundheit. Trinken Sie in Ma\u00dfen. Der Verkauf an unter 18-J\u00e4hrige ist verboten. www.desprealcool.ro<br \/>\n<a href=\"https:\/\/totalblue.ro\/wp-content\/uploads\/2021\/04\/under-18.jpg\"><img loading=\"lazy\" decoding=\"async\" class=\"alignnone wp-image-30757\" src=\"https:\/\/totalblue.ro\/wp-content\/uploads\/2021\/04\/under-18-400x400.jpg\" alt=\"\" width=\"95\" height=\"95\" srcset=\"https:\/\/totalblue.ro\/wp-content\/uploads\/2021\/04\/under-18-400x400.jpg 400w, https:\/\/totalblue.ro\/wp-content\/uploads\/2021\/04\/under-18-100x100.jpg 100w, https:\/\/totalblue.ro\/wp-content\/uploads\/2021\/04\/under-18-510x510.jpg 510w, https:\/\/totalblue.ro\/wp-content\/uploads\/2021\/04\/under-18-280x280.jpg 280w, https:\/\/totalblue.ro\/wp-content\/uploads\/2021\/04\/under-18.jpg 600w\" sizes=\"auto, (max-width: 95px) 100vw, 95px\" \/><\/a><a href=\"https:\/\/totalblue.ro\/wp-content\/uploads\/2021\/06\/drink-drive.jpg\"><img loading=\"lazy\" decoding=\"async\" class=\"alignnone wp-image-30761\" src=\"https:\/\/totalblue.ro\/wp-content\/uploads\/2021\/06\/drink-drive.jpg\" alt=\"\" width=\"96\" height=\"94\" srcset=\"https:\/\/totalblue.ro\/wp-content\/uploads\/2021\/06\/drink-drive.jpg 344w, https:\/\/totalblue.ro\/wp-content\/uploads\/2021\/06\/drink-drive-100x98.jpg 100w\" sizes=\"auto, (max-width: 96px) 100vw, 96px\" \/><\/a><a href=\"https:\/\/totalblue.ro\/wp-content\/uploads\/2021\/06\/bere-gravide02.jpg\"><img loading=\"lazy\" decoding=\"async\" class=\"alignnone wp-image-30771\" src=\"https:\/\/totalblue.ro\/wp-content\/uploads\/2021\/06\/bere-gravide02-403x400.jpg\" alt=\"\" width=\"97\" height=\"96\" srcset=\"https:\/\/totalblue.ro\/wp-content\/uploads\/2021\/06\/bere-gravide02-403x400.jpg 403w, https:\/\/totalblue.ro\/wp-content\/uploads\/2021\/06\/bere-gravide02-100x99.jpg 100w, https:\/\/totalblue.ro\/wp-content\/uploads\/2021\/06\/bere-gravide02-510x507.jpg 510w, https:\/\/totalblue.ro\/wp-content\/uploads\/2021\/06\/bere-gravide02-805x800.jpg 805w, https:\/\/totalblue.ro\/wp-content\/uploads\/2021\/06\/bere-gravide02-280x280.jpg 280w, https:\/\/totalblue.ro\/wp-content\/uploads\/2021\/06\/bere-gravide02-768x763.jpg 768w, https:\/\/totalblue.ro\/wp-content\/uploads\/2021\/06\/bere-gravide02-600x596.jpg 600w, https:\/\/totalblue.ro\/wp-content\/uploads\/2021\/06\/bere-gravide02.jpg 895w\" sizes=\"auto, (max-width: 97px) 100vw, 97px\" \/><\/a><\/p>","protected":false},"excerpt":{"rendered":"<p>Clasic Fum\u00e9 Demisec 2020 Fum\u00e9 Clasic este un vin perfect echilibrat, creat din patru soiuri de struguri albi. Culoarea galben pai este complementata de aromele de pepene galben copt si notele fine de stejar. Gustul placut de gutuie coapta si accentele de stejar dezvaluie un final lung si incantator in acelasi timp. Culoare vin: Alb [&#8230;]\n","protected":false},"featured_media":48161,"comment_status":"open","ping_status":"closed","template":"","meta":{"_acf_changed":false,"_seopress_robots_primary_cat":"none","_seopress_titles_title":"","_seopress_titles_desc":"","_seopress_robots_index":""},"product_brand":[6035],"product_cat":[1519],"giftcard-category":[],"class_list":{"0":"post-48160","1":"product","2":"type-product","3":"status-publish","4":"has-post-thumbnail","6":"product_brand-budureasca","7":"product_cat-bauturi-alcoolice-bere","9":"first","10":"instock","11":"taxable","12":"shipping-taxable","13":"purchasable","14":"product-type-simple"},"acf":[],"_links":{"self":[{"href":"https:\/\/totalblue.ro\/de\/wp-json\/wp\/v2\/product\/48160","targetHints":{"allow":["GET"]}}],"collection":[{"href":"https:\/\/totalblue.ro\/de\/wp-json\/wp\/v2\/product"}],"about":[{"href":"https:\/\/totalblue.ro\/de\/wp-json\/wp\/v2\/types\/product"}],"replies":[{"embeddable":true,"href":"https:\/\/totalblue.ro\/de\/wp-json\/wp\/v2\/comments?post=48160"}],"wp:featuredmedia":[{"embeddable":true,"href":"https:\/\/totalblue.ro\/de\/wp-json\/wp\/v2\/media\/48161"}],"wp:attachment":[{"href":"https:\/\/totalblue.ro\/de\/wp-json\/wp\/v2\/media?parent=48160"}],"wp:term":[{"taxonomy":"product_brand","embeddable":true,"href":"https:\/\/totalblue.ro\/de\/wp-json\/wp\/v2\/product_brand?post=48160"},{"taxonomy":"product_cat","embeddable":true,"href":"https:\/\/totalblue.ro\/de\/wp-json\/wp\/v2\/product_cat?post=48160"},{"taxonomy":"giftcard-category","embeddable":true,"href":"https:\/\/totalblue.ro\/de\/wp-json\/wp\/v2\/giftcard-category?post=48160"}],"curies":[{"name":"wp","href":"https:\/\/api.w.org\/{rel}","templated":true}]}}