{"id":48171,"date":"2022-03-29T16:25:53","date_gmt":"2022-03-29T13:25:53","guid":{"rendered":"https:\/\/totalblue.ro\/?post_type=product&#038;p=48171"},"modified":"2025-11-12T09:15:10","modified_gmt":"2025-11-12T07:15:10","slug":"ursus-premium-bere-blonda-033-l-sticla","status":"publish","type":"product","link":"https:\/\/totalblue.ro\/de\/produs\/ursus-premium-bere-blonda-033-l-sticla\/","title":{"rendered":"Ursus Premium blondes Bier 0,33 L, Flasche"},"content":{"rendered":"<p>Ursus Premium blondes Bier 0,33 L, Flasche<br \/>\nIngrediente: Apa,malt din orz,hamei.<br \/>\nValoare energetica pe 100g produs KJ 170Kj<br \/>\nAlcool: 5% vol.<br \/>\nProdus pasteurizat.<br \/>\nDetalii de utilizare: Servit la 8-10 grade C<br \/>\nProdukt online verf\u00fcgbar<br \/>\nSfat de pastrare\/Utilizare\/Preparare: A se feri de temperaturi ridicate si inghet.<br \/>\nHerkunftsland Rum\u00e4nien<br \/>\nNume producator Ursus Breweries<br \/>\nRegele berii in Romania , URSUS Premium, este un Pilsner European din categoria berilor Lager, cu un gust distinctiv datorita amarelii usor masculine, cu note de hamei. Caracterul puternic al berii, pe care il simti din plin atunci cand bei un URSUS Premium, este dat de reteta cu 100% malt si de exigenta procesului de fabricare.<br \/>\nContinut si ambalaj: sticla imbuteliata, 0,33L<br \/>\nJuristische L\u00fcgen: Alkohol schadet Ihrer Gesundheit. Trinken Sie in Ma\u00dfen. Der Verkauf an unter 18-J\u00e4hrige ist verboten. www.desprealcool.ro<br \/>\n<a href=\"https:\/\/totalblue.ro\/wp-content\/uploads\/2021\/04\/under-18.jpg\"><img loading=\"lazy\" decoding=\"async\" class=\"alignnone wp-image-30757\" src=\"https:\/\/totalblue.ro\/wp-content\/uploads\/2021\/04\/under-18-400x400.jpg\" alt=\"\" width=\"96\" height=\"96\" srcset=\"https:\/\/totalblue.ro\/wp-content\/uploads\/2021\/04\/under-18-400x400.jpg 400w, https:\/\/totalblue.ro\/wp-content\/uploads\/2021\/04\/under-18-100x100.jpg 100w, https:\/\/totalblue.ro\/wp-content\/uploads\/2021\/04\/under-18-510x510.jpg 510w, https:\/\/totalblue.ro\/wp-content\/uploads\/2021\/04\/under-18-280x280.jpg 280w, https:\/\/totalblue.ro\/wp-content\/uploads\/2021\/04\/under-18.jpg 600w\" sizes=\"auto, (max-width: 96px) 100vw, 96px\" \/><\/a><a href=\"https:\/\/totalblue.ro\/wp-content\/uploads\/2021\/06\/drink-drive.jpg\"><img loading=\"lazy\" decoding=\"async\" class=\"alignnone wp-image-30761\" src=\"https:\/\/totalblue.ro\/wp-content\/uploads\/2021\/06\/drink-drive.jpg\" alt=\"\" width=\"98\" height=\"96\" srcset=\"https:\/\/totalblue.ro\/wp-content\/uploads\/2021\/06\/drink-drive.jpg 344w, https:\/\/totalblue.ro\/wp-content\/uploads\/2021\/06\/drink-drive-100x98.jpg 100w\" sizes=\"auto, (max-width: 98px) 100vw, 98px\" \/><\/a><a href=\"https:\/\/totalblue.ro\/wp-content\/uploads\/2021\/06\/bere-gravide02.jpg\"><img loading=\"lazy\" decoding=\"async\" class=\"alignnone wp-image-30771\" src=\"https:\/\/totalblue.ro\/wp-content\/uploads\/2021\/06\/bere-gravide02-403x400.jpg\" alt=\"\" width=\"101\" height=\"100\" srcset=\"https:\/\/totalblue.ro\/wp-content\/uploads\/2021\/06\/bere-gravide02-403x400.jpg 403w, https:\/\/totalblue.ro\/wp-content\/uploads\/2021\/06\/bere-gravide02-100x99.jpg 100w, https:\/\/totalblue.ro\/wp-content\/uploads\/2021\/06\/bere-gravide02-510x507.jpg 510w, https:\/\/totalblue.ro\/wp-content\/uploads\/2021\/06\/bere-gravide02-805x800.jpg 805w, https:\/\/totalblue.ro\/wp-content\/uploads\/2021\/06\/bere-gravide02-280x280.jpg 280w, https:\/\/totalblue.ro\/wp-content\/uploads\/2021\/06\/bere-gravide02-768x763.jpg 768w, https:\/\/totalblue.ro\/wp-content\/uploads\/2021\/06\/bere-gravide02-600x596.jpg 600w, https:\/\/totalblue.ro\/wp-content\/uploads\/2021\/06\/bere-gravide02.jpg 895w\" sizes=\"auto, (max-width: 101px) 100vw, 101px\" \/><\/a><\/p>","protected":false},"excerpt":{"rendered":"<p>1 bax contine 24 de sticle. Pretul afisat este pe 1 sticla.<\/p>","protected":false},"featured_media":48173,"comment_status":"open","ping_status":"closed","template":"","meta":{"_acf_changed":false,"_seopress_robots_primary_cat":"none","_seopress_titles_title":"","_seopress_titles_desc":"","_seopress_robots_index":""},"product_brand":[6042],"product_cat":[1519],"giftcard-category":[],"class_list":{"0":"post-48171","1":"product","2":"type-product","3":"status-publish","4":"has-post-thumbnail","6":"product_brand-ursus","7":"product_cat-bauturi-alcoolice-bere","9":"first","10":"instock","11":"taxable","12":"shipping-taxable","13":"purchasable","14":"product-type-simple"},"acf":[],"_links":{"self":[{"href":"https:\/\/totalblue.ro\/de\/wp-json\/wp\/v2\/product\/48171","targetHints":{"allow":["GET"]}}],"collection":[{"href":"https:\/\/totalblue.ro\/de\/wp-json\/wp\/v2\/product"}],"about":[{"href":"https:\/\/totalblue.ro\/de\/wp-json\/wp\/v2\/types\/product"}],"replies":[{"embeddable":true,"href":"https:\/\/totalblue.ro\/de\/wp-json\/wp\/v2\/comments?post=48171"}],"wp:featuredmedia":[{"embeddable":true,"href":"https:\/\/totalblue.ro\/de\/wp-json\/wp\/v2\/media\/48173"}],"wp:attachment":[{"href":"https:\/\/totalblue.ro\/de\/wp-json\/wp\/v2\/media?parent=48171"}],"wp:term":[{"taxonomy":"product_brand","embeddable":true,"href":"https:\/\/totalblue.ro\/de\/wp-json\/wp\/v2\/product_brand?post=48171"},{"taxonomy":"product_cat","embeddable":true,"href":"https:\/\/totalblue.ro\/de\/wp-json\/wp\/v2\/product_cat?post=48171"},{"taxonomy":"giftcard-category","embeddable":true,"href":"https:\/\/totalblue.ro\/de\/wp-json\/wp\/v2\/giftcard-category?post=48171"}],"curies":[{"name":"wp","href":"https:\/\/api.w.org\/{rel}","templated":true}]}}