{"id":49234,"date":"2022-04-13T13:07:17","date_gmt":"2022-04-13T10:07:17","guid":{"rendered":"https:\/\/totalblue.ro\/?post_type=product&#038;p=49234"},"modified":"2025-08-01T10:29:19","modified_gmt":"2025-08-01T07:29:19","slug":"lapte-praf-nestle-little-steps-3-500-g-10-luni","status":"publish","type":"product","link":"https:\/\/totalblue.ro\/de\/produs\/lapte-praf-nestle-little-steps-3-500-g-10-luni\/","title":{"rendered":"Lapte praf Nestle Little Steps 3 500 g 10+ luni"},"content":{"rendered":"<div class=\"ProductTabs_sectionBody__3tzfQ\">\n<div>\n<p>Little Steps\u00ae 3 este un lapte destinat copiilor de v\u00e2rst\u0103 mic\u0103 s\u0103n\u0103to\u0219i, care poate fi folosit de la 1 an ca parte lichid\u0103 a unei alimenta\u021bii variate \u0219i echilibrate. Little Steps\u00ae 3 nu este un \u00eenlocuitor de lapte matern.<br \/>\nCopiii de v\u00e2rst\u0103 mic\u0103 au nevoie de mai mult\u0103 energie \u00een compara\u021bie cu adul\u021bii, raportat per kg corp (greutate), datorit\u0103 cre\u0219terii rapide \u0219i a nivelului de activitate fizic\u0103. De aceea, este bine ca dieta copiilor de v\u00e2rst\u0103 mic\u0103 s\u0103 furnizeze to\u021bi nutrien\u021bii necesari \u00een cantit\u0103\u021bi suficiente pentru a asigura o dezvoltare normal\u0103 \u0219i energie suficient\u0103 pentru joac\u0103 \u0219i \u00eenv\u0103\u021bare.<br \/>\nCon\u021bine Calciu \u0219i vitamina D, necesare pentru cre\u0219terea \u0219i dezvoltarea normal\u0103 a oaselor copiilor. Vitaminele A, C \u0219i D contribuie la func\u021bionarea normal\u0103 a sistemului imunitar. Fierul contribuie la dezvoltarea cognitiv\u0103 normal\u0103 a copiilor.<br \/>\nContinut: 500 g, Import Germania.<br \/>\nA se p\u0103stra \u00eentr-un loc uscat, ferit de razele soarelui.<br \/>\nA se pastra in ambalajul original inchis la temperatura camerei (max 25 \u00b0C) si in conditii uscate de depozitare. Dupa deschidere consumati in maxim 21 de zile.<br \/>\n<strong>Ingrediente: <\/strong>Lapte degresat, maltodextrin\u0103, uleiuri vegetale (floarea soarelui cu con\u021binut ridicat de acid oleic, cocos, rapi\u021b\u0103 cu con\u021binut sc\u0103zut de acid erucic, floarea soarelui), permeat demineralizat din zer, lactoz\u0103, minerale (citra\u021bi de calciu, citrat de sodiu, citrat de potasiu, fosfa\u021bi de potasiu, sulfat feros, sulfat de zinc, iodur\u0103 de potasiu), emulgator: lecitin\u0103 din soia, vitamine [L-ascorbat de sodiu, riboflavin\u0103, acetat de retinil, colecalciferol, cianocobalamin\u0103].<br \/>\n<strong>Alergeni: <\/strong>lapte \u0219i produse derivate (inclusiv lactoz\u0103), soia \u0219i produse derivate<\/p>\n<p><strong>Utilizare:<\/strong><\/p>\n<\/div>\n<\/div>\n<p>1. Spala-te pe maini inainte de a pregati laptele pentru sugari.<br \/>\n2. Spala bine sticla, tetina si capacul pana nu mai raman urme de lapte.<br \/>\n3. Fierbe-le timp de 5 minute. Lasa-le acoperite pana la folosire.<br \/>\n4. Fierbe apa potabila timp de 5 minute, las-o apoi sa se raceasca (~40\u00b0C).<br \/>\n5. Consulta modul de preparare si toarna exact cantitatea de apa necesara.<br \/>\n6. Foloseste doar masura din interior si niveleaza pudra cu ajutorul inelului interior fara sa presezi.<br \/>\n7. Consulta modul de preparare; adauga numarul exact de masuri rase corespunzator varstei sugarului.<br \/>\n8. Dupa utilizare, asaza masura suspendata in spatiul din interiorul cutiei asa cum este aratat in imagine.<br \/>\n9. Inchide biberonul si agita bine pana cand pudra s-a dizolvat complet.<br \/>\n10. Inchide bine cutia dupa fiecare folosire si pastreaz-o intr-un loc racoros si uscat.<\/p>\n<p><em>Produsul trebuie consumat in maxim 3 saptamani de la deschiderea cutiei.<\/em><\/p>\n<p><a href=\"https:\/\/racekids.ro\/wp-content\/uploads\/2022\/04\/little-steps-2-mod-de-pregatire.jpg\"><img loading=\"lazy\" decoding=\"async\" class=\"alignnone size-full wp-image-63216\" src=\"https:\/\/racekids.ro\/wp-content\/uploads\/2022\/04\/little-steps-2-mod-de-pregatire.jpg\" alt=\"\" width=\"725\" height=\"543\" \/><\/a><\/p>\n<div class=\"ProductTabs_sectionSubtitle__R00NI\">\n<p><strong>Continut caloric pentru 100 g<\/strong><\/p>\n<\/div>\n<div class=\"ProductTabs_sectionBody__3tzfQ\">\n<div>\n<table class=\"ProductTabs_nestedTableContent__72Vrl\" border=\"2\">\n<tbody>\n<tr class=\"ProductTabs_isParent__11O6I\">\n<td>Grasimi (grame)<\/td>\n<td>21<\/td>\n<\/tr>\n<tr class=\"\">\n<td>din care saturate\/ acizi grasi saturati<\/td>\n<td>1<\/td>\n<\/tr>\n<tr class=\"ProductTabs_isParent__11O6I\">\n<td>Carbohidrati\/ Glucide (grame)<\/td>\n<td>62<\/td>\n<\/tr>\n<tr class=\"\">\n<td>din care zaharuri<\/td>\n<td>40<\/td>\n<\/tr>\n<tr class=\"ProductTabs_isParent__11O6I\">\n<td>Proteine<\/td>\n<td>10<\/td>\n<\/tr>\n<tr class=\"ProductTabs_isParent__11O6I\">\n<td>Energie (kcal)<\/td>\n<td>485<\/td>\n<\/tr>\n<tr class=\"ProductTabs_isParent__11O6I\">\n<td>Sare \/ Sodium<\/td>\n<td>0<\/td>\n<\/tr>\n<tr class=\"ProductTabs_isParent__11O6I\">\n<td>Energie (kj)<\/td>\n<td>2028<\/td>\n<\/tr>\n<tr class=\"ProductTabs_isParent__11O6I\">\n<td>Vitamine<\/td>\n<td>A, B12, B2, C, D<\/td>\n<\/tr>\n<tr class=\"ProductTabs_isParent__11O6I\">\n<td>Fibre<\/td>\n<td>0<\/td>\n<\/tr>\n<\/tbody>\n<\/table>\n<\/div>\n<\/div>\n<p><strong>Informatii utile<\/strong><br \/>\nPrepara un singur biberon o data. Hraneste sugarul imediat si urmeaza cu exactitate instructiunile. Nu pastra un biberon neterminat, arunca tot continutul neconsumat. Tine intotdeauna sugarul in brate cand il hranesti. Daca ramane nesupravegheat, se poate ineca.<\/p>\n<p>Apa nefiarta, biberoanele nefierte sau dilutia incorecta pot duce la imbolnavirea sugarului tau. Depozitarea, manipularea, prepararea si hranirea incorecte pot avea efecte adverse pentru sanatatea sugarului tau.<\/p>\n<p>Foloseste numai masura din interiorul cutiei. Nu folosi mai multa sau mai putina pudra decat este indicat, deoarece aceasta poate duce fie la deshidratare, fie la o nutritie insuficienta a bebelusului tau. Nu modifica proportiile fara avizul medicului.<\/p>\n","protected":false},"excerpt":{"rendered":"<p>Little Steps\u00ae 3 este un lapte destinat copiilor de v\u00e2rst\u0103 mic\u0103 s\u0103n\u0103to\u0219i, care poate fi folosit de la 1 an ca parte lichid\u0103 a unei alimenta\u021bii variate \u0219i echilibrate.<\/p>","protected":false},"featured_media":49235,"comment_status":"open","ping_status":"closed","template":"","meta":{"_acf_changed":false,"_seopress_robots_primary_cat":"1767","_seopress_titles_title":"Lapte praf Nestle Little Steps 3 500 g 10+ luni","_seopress_titles_desc":"Little Steps\u00ae 3 este un lapte destinat copiilor de v\u00e2rst\u0103 mic\u0103 s\u0103n\u0103to\u0219i, care poate fi folosit de la 1 an ca parte lichid\u0103 a unei alimenta\u021bii variate \u0219i echilibrate.","_seopress_robots_index":""},"product_brand":[6197],"product_cat":[1984,1520,5677,1767],"giftcard-category":[],"class_list":{"0":"post-49234","1":"product","2":"type-product","3":"status-publish","4":"has-post-thumbnail","6":"product_brand-nestle","7":"product_cat-hrana-bebelusi","8":"product_cat-mama-copilul","9":"product_cat-mancare-si-accesorii-bebe","10":"product_cat-produse-olanda","12":"first","13":"outofstock","14":"taxable","15":"shipping-taxable","16":"purchasable","17":"product-type-simple"},"acf":[],"_links":{"self":[{"href":"https:\/\/totalblue.ro\/de\/wp-json\/wp\/v2\/product\/49234","targetHints":{"allow":["GET"]}}],"collection":[{"href":"https:\/\/totalblue.ro\/de\/wp-json\/wp\/v2\/product"}],"about":[{"href":"https:\/\/totalblue.ro\/de\/wp-json\/wp\/v2\/types\/product"}],"replies":[{"embeddable":true,"href":"https:\/\/totalblue.ro\/de\/wp-json\/wp\/v2\/comments?post=49234"}],"wp:featuredmedia":[{"embeddable":true,"href":"https:\/\/totalblue.ro\/de\/wp-json\/wp\/v2\/media\/49235"}],"wp:attachment":[{"href":"https:\/\/totalblue.ro\/de\/wp-json\/wp\/v2\/media?parent=49234"}],"wp:term":[{"taxonomy":"product_brand","embeddable":true,"href":"https:\/\/totalblue.ro\/de\/wp-json\/wp\/v2\/product_brand?post=49234"},{"taxonomy":"product_cat","embeddable":true,"href":"https:\/\/totalblue.ro\/de\/wp-json\/wp\/v2\/product_cat?post=49234"},{"taxonomy":"giftcard-category","embeddable":true,"href":"https:\/\/totalblue.ro\/de\/wp-json\/wp\/v2\/giftcard-category?post=49234"}],"curies":[{"name":"wp","href":"https:\/\/api.w.org\/{rel}","templated":true}]}}