{"id":49797,"date":"2022-04-15T15:14:14","date_gmt":"2022-04-15T12:14:14","guid":{"rendered":"https:\/\/totalblue.ro\/?post_type=product&#038;p=49797"},"modified":"2025-02-25T09:54:18","modified_gmt":"2025-02-25T07:54:18","slug":"purcari-premium-rose-trockener-rosenwein-075l","status":"publish","type":"product","link":"https:\/\/totalblue.ro\/de\/produs\/purcari-premium-rose-vin-rose-sec-075l\/","title":{"rendered":"Purcari Premium Rose, Trockener Rosewein 0,75L"},"content":{"rendered":"<p>Der Ros\u00e9 de Purcari ist ein frischer, delikater und sinnlicher Wein, der an hei\u00dfen Sommertagen genossen werden kann. Der Verschnitt der Rebsorten Cabernet Sauvignon 60%, Merlot 30% und Rara Neagra 10% ergibt ein ausdrucksstarkes, sch\u00f6n strukturiertes und ausgewogenes Bouquet. Der Wein wird aus handgelesenen Trauben hergestellt und nach der traditionellen Methode vinifiziert. Der Rose de Purcari ist ein hervorragender Aperitif, passt aber auch sehr gut zu leichten mediterranen Gerichten, aromatisierten K\u00e4sesorten oder K\u00e4sedesserts. Optimale Serviertemperatur ist 10-12 \u2103.<\/p>\n<p>Verkostungsnotizen:<\/p>\n<p>Geruch: Frischer und fesselnder Duft, der die Aromen von Obst, Beeren und exotischen Fr\u00fcchten zart vereint.<\/p>\n<p>Geschmack: Eine spielerische Symphonie fruchtiger Aromen mit Noten von Aprikose, saftigem Pfirsich und Johannisbeere, die in einen von Beeren dominierten Abgang \u00fcbergehen.<\/p>\n<p>Weinfarbe: rosa<br \/>\nWeintyp: trocken<br \/>\nRebsorten: Cupaj Cabernet Sauvignon, Merlot, Rara Neagra<\/p>\n<p>Alkoholgehalt: 12,5%<br \/>\nInhalt und Verpackung: abgef\u00fcllte Flasche, 0,75L<br \/>\nAussehen: Klar, bernsteinfarbene Reflexe, blassrosa<br \/>\nHerkunftsland: Republik Moldau<br \/>\nRegion: Stefan Voda<\/p>\n<p>Juristische L\u00fcgen: Alkohol schadet Ihrer Gesundheit. Trinken Sie in Ma\u00dfen. Der Verkauf an unter 18-J\u00e4hrige ist verboten. www.desprealcool.ro<br \/>\n<a href=\"https:\/\/totalblue.ro\/wp-content\/uploads\/2021\/04\/under-18.jpg\"><img loading=\"lazy\" decoding=\"async\" class=\"alignnone wp-image-30757\" src=\"https:\/\/totalblue.ro\/wp-content\/uploads\/2021\/04\/under-18-400x400.jpg\" alt=\"\" width=\"95\" height=\"95\" srcset=\"https:\/\/totalblue.ro\/wp-content\/uploads\/2021\/04\/under-18-400x400.jpg 400w, https:\/\/totalblue.ro\/wp-content\/uploads\/2021\/04\/under-18-100x100.jpg 100w, https:\/\/totalblue.ro\/wp-content\/uploads\/2021\/04\/under-18-510x510.jpg 510w, https:\/\/totalblue.ro\/wp-content\/uploads\/2021\/04\/under-18-280x280.jpg 280w, https:\/\/totalblue.ro\/wp-content\/uploads\/2021\/04\/under-18.jpg 600w\" sizes=\"auto, (max-width: 95px) 100vw, 95px\" \/><\/a><a href=\"https:\/\/totalblue.ro\/wp-content\/uploads\/2021\/06\/drink-drive.jpg\"><img loading=\"lazy\" decoding=\"async\" class=\"alignnone wp-image-30761\" src=\"https:\/\/totalblue.ro\/wp-content\/uploads\/2021\/06\/drink-drive.jpg\" alt=\"\" width=\"96\" height=\"94\" srcset=\"https:\/\/totalblue.ro\/wp-content\/uploads\/2021\/06\/drink-drive.jpg 344w, https:\/\/totalblue.ro\/wp-content\/uploads\/2021\/06\/drink-drive-100x98.jpg 100w\" sizes=\"auto, (max-width: 96px) 100vw, 96px\" \/><\/a><a href=\"https:\/\/totalblue.ro\/wp-content\/uploads\/2021\/06\/bere-gravide02.jpg\"><img loading=\"lazy\" decoding=\"async\" class=\"alignnone wp-image-30771\" src=\"https:\/\/totalblue.ro\/wp-content\/uploads\/2021\/06\/bere-gravide02-403x400.jpg\" alt=\"\" width=\"97\" height=\"96\" srcset=\"https:\/\/totalblue.ro\/wp-content\/uploads\/2021\/06\/bere-gravide02-403x400.jpg 403w, https:\/\/totalblue.ro\/wp-content\/uploads\/2021\/06\/bere-gravide02-100x99.jpg 100w, https:\/\/totalblue.ro\/wp-content\/uploads\/2021\/06\/bere-gravide02-510x507.jpg 510w, https:\/\/totalblue.ro\/wp-content\/uploads\/2021\/06\/bere-gravide02-805x800.jpg 805w, https:\/\/totalblue.ro\/wp-content\/uploads\/2021\/06\/bere-gravide02-280x280.jpg 280w, https:\/\/totalblue.ro\/wp-content\/uploads\/2021\/06\/bere-gravide02-768x763.jpg 768w, https:\/\/totalblue.ro\/wp-content\/uploads\/2021\/06\/bere-gravide02-600x596.jpg 600w, https:\/\/totalblue.ro\/wp-content\/uploads\/2021\/06\/bere-gravide02.jpg 895w\" sizes=\"auto, (max-width: 97px) 100vw, 97px\" \/><\/a><\/p>","protected":false},"excerpt":{"rendered":"<p>Ros\u00e9 de Purcari este un vin proaspat, delicat si senzual, potrivit pentru a fi savurat in zilele calde de vara. Mariajul de soiuri Cabernet Sauvignon 60%, Merlot 30% si Rara Neagra 10% contureaza un buchet expresiv, frumos structurat si bine echilibrat. Vinul este obtinut din struguri recoltati manual si vinificati prin metoda traditionala. Rose de [&#8230;]\n","protected":false},"featured_media":49798,"comment_status":"open","ping_status":"closed","template":"","meta":{"_acf_changed":false,"_seopress_robots_primary_cat":"none","_seopress_titles_title":"","_seopress_titles_desc":"","_seopress_robots_index":""},"product_brand":[6231],"product_cat":[1519],"giftcard-category":[],"class_list":{"0":"post-49797","1":"product","2":"type-product","3":"status-publish","4":"has-post-thumbnail","6":"product_brand-purcari","7":"product_cat-bauturi-alcoolice-bere","9":"first","10":"instock","11":"taxable","12":"shipping-taxable","13":"purchasable","14":"product-type-simple"},"acf":[],"_links":{"self":[{"href":"https:\/\/totalblue.ro\/de\/wp-json\/wp\/v2\/product\/49797","targetHints":{"allow":["GET"]}}],"collection":[{"href":"https:\/\/totalblue.ro\/de\/wp-json\/wp\/v2\/product"}],"about":[{"href":"https:\/\/totalblue.ro\/de\/wp-json\/wp\/v2\/types\/product"}],"replies":[{"embeddable":true,"href":"https:\/\/totalblue.ro\/de\/wp-json\/wp\/v2\/comments?post=49797"}],"wp:featuredmedia":[{"embeddable":true,"href":"https:\/\/totalblue.ro\/de\/wp-json\/wp\/v2\/media\/49798"}],"wp:attachment":[{"href":"https:\/\/totalblue.ro\/de\/wp-json\/wp\/v2\/media?parent=49797"}],"wp:term":[{"taxonomy":"product_brand","embeddable":true,"href":"https:\/\/totalblue.ro\/de\/wp-json\/wp\/v2\/product_brand?post=49797"},{"taxonomy":"product_cat","embeddable":true,"href":"https:\/\/totalblue.ro\/de\/wp-json\/wp\/v2\/product_cat?post=49797"},{"taxonomy":"giftcard-category","embeddable":true,"href":"https:\/\/totalblue.ro\/de\/wp-json\/wp\/v2\/giftcard-category?post=49797"}],"curies":[{"name":"wp","href":"https:\/\/api.w.org\/{rel}","templated":true}]}}