{"id":50262,"date":"2022-04-21T14:43:33","date_gmt":"2022-04-21T11:43:33","guid":{"rendered":"https:\/\/totalblue.ro\/?post_type=product&#038;p=50262"},"modified":"2025-08-06T13:29:41","modified_gmt":"2025-08-06T10:29:41","slug":"knorr-bouillon-gemusebruhe-basis-vollmundig-und-salzfrei-85g-glas","status":"publish","type":"product","link":"https:\/\/totalblue.ro\/de\/produs\/knorr-bouillon-baza-mancare-de-legume-fara-sare-si-plin-de-aroma-borcan-85g\/","title":{"rendered":"Knorr Bouillon Basis Gem\u00fcsebr\u00fche, vollmundig und ohne Salz, Glas 85g"},"content":{"rendered":"<p>Zutaten: Maltodextrin, St\u00e4rke, 10% Zwiebel, 8,6% Karotten, 4,3% Sellerie, 3,6% Tomatenpulver, 3,1% Karottensaft, 2,8% Petersilie, Petersilie, Aromen, 8% Mais\u00f6l, Mais, 8% Pfeffer, Kurkuma, Selleriesamen, Pfeffer, Lorbeerblatt, Melissenwurzel, Rosmarin, Muskatnuss, Nelken. Kann glutenhaltige K\u00f6rner, Ei, Milch, Senf und Soja enthalten. Nachhaltig bewirtschaftet.<br \/>\nAllergene: enth\u00e4lt Sellerie. Kann Gluten, Soja, Ei, Senf und Milch enthalten.<br \/>\nN\u00e4hrwertangaben \/ 100 g:<br \/>\nEnergie 21 kJ (5 kcal)<br \/>\nFett &lt; 0,5 g, davon ges\u00e4ttigtes Fett &lt; 0,1 g<br \/>\nKohlenhydrate 1 g, davon Zucker &lt; 0,5 g<br \/>\nBallaststoffe &lt; 0,5 g<br \/>\nEiwei\u00df &lt; 0,5 g<br \/>\nSalz 0,01 g<br \/>\nIdeal f\u00fcr vegane Gerichte!<br \/>\nVor direkter Sonneneinstrahlung sch\u00fctzen.<br \/>\nVerpackung: Tiegel mit Deckel<\/p>\n<p>Knorr pflanzliche Grundnahrungsmittel:<br \/>\nSalzfrei<br \/>\nzuckerfrei<br \/>\nohne Zusatzstoffe<\/p>\n<p>Mit kochendem Wasser aufgie\u00dfen oder w\u00e4hrend des Kochens hinzuf\u00fcgen. Ein Teel\u00f6ffel in 1\/4 Liter Wasser. Der Inhalt eines Glases reicht f\u00fcr 6,1 Liter Grundnahrungsmittel - Gem\u00fcsebr\u00fche. Suppen und Eint\u00f6pfe, Saucen, Fleisch-, Fisch- oder Gem\u00fcsegerichte: Knorr Bouillons sind die ideale geschmackliche Grundlage f\u00fcr viele Rezeptideen. Schnell, bequem und ohne langes Aufkochen erhalten Sie eine leckere Br\u00fche.<\/p>\n<p>Die Zusammensetzung ausgew\u00e4hlter, hochwertiger Zutaten macht jedes Knorr-Produkt zu etwas Besonderem. Knorr verarbeitet nur Zutaten, die schonend getrocknet werden, denn das Trocknen ist eine der \u00e4ltesten Methoden, Lebensmittel nat\u00fcrlich haltbar zu machen.<br \/>\nDa der Geschmack und die N\u00e4hrstoffe frischer Zutaten weitgehend erhalten bleiben, passen Lebensmittel aus getrockneten Zutaten perfekt in unser t\u00e4gliches Leben.<br \/>\nEssen mit Knorr ist einfach und macht zudem ein gutes Gef\u00fchl: \u00dcber 90 Prozent der Zutaten stammen bereits aus nachhaltigen Quellen.<br \/>\nWir bei Knorr sind davon \u00fcberzeugt, dass die Verwendung von nachhaltig angebauten und bezogenen Zutaten einen gro\u00dfen Unterschied f\u00fcr den Geschmack unserer Produkte, das Wohlergehen unserer Landwirte und die Zukunft unseres Planeten bedeutet. Knorr - ein unvergleichliches Geschmackserlebnis!<br \/>\nHergestellt von Unilever Deutschland GmbH, Konsumentenservice, Am Strandkai 1, 20457 Hamburg, Deutschland<br \/>\nEinf\u00fchrer und H\u00e4ndler Total Blue Impex SRL<br \/>\n<a href=\"https:\/\/totalblue.ro\/wp-content\/uploads\/2021\/02\/vegetarian.jpeg\"><img loading=\"lazy\" decoding=\"async\" class=\"alignnone wp-image-27413\" src=\"https:\/\/totalblue.ro\/wp-content\/uploads\/2021\/02\/vegetarian.jpeg\" alt=\"\" width=\"113\" height=\"113\" srcset=\"https:\/\/totalblue.ro\/wp-content\/uploads\/2021\/02\/vegetarian.jpeg 225w, https:\/\/totalblue.ro\/wp-content\/uploads\/2021\/02\/vegetarian-100x100.jpeg 100w\" sizes=\"auto, (max-width: 113px) 100vw, 113px\" \/><\/a><\/p>\n<div class=\"wrapper-table-responsive m-t-3\"><\/div>","protected":false},"excerpt":{"rendered":"<p>Ingrediente: maltodextrina, amidon, 10% ceapa, 8,6% morcovi, 4,3% telina, 3,6% pudra de rosii, 3,1% suc de morcovi, 2,8% patrunjel, patrunjel, arome, ulei de porumb 8%, porumb, 8% piper, turmeric, seminte de telina, piper, foi de dafin, radacina de leustean, rozmarin, nucsoara, cuisoare. Poate contine cereale care contin gluten, ou, lapte, mustar si soia. Din cultivare [&#8230;]\n","protected":false},"featured_media":50268,"comment_status":"open","ping_status":"closed","template":"","meta":{"_acf_changed":false,"_seopress_robots_primary_cat":"1451","_seopress_titles_title":"","_seopress_titles_desc":"","_seopress_robots_index":""},"product_brand":[1870],"product_cat":[1555,1451,3280,3380,1950,1767],"giftcard-category":[],"class_list":{"0":"post-50262","1":"product","2":"type-product","3":"status-publish","4":"has-post-thumbnail","6":"product_brand-knorr","7":"product_cat-bacanie","8":"product_cat-condimente-produse-instant","9":"product_cat-condimente-sosuri","10":"product_cat-condimente-sosuri-produse-germania","11":"product_cat-produse-germania","12":"product_cat-produse-olanda","14":"first","15":"outofstock","16":"taxable","17":"shipping-taxable","18":"purchasable","19":"product-type-simple"},"acf":[],"_links":{"self":[{"href":"https:\/\/totalblue.ro\/de\/wp-json\/wp\/v2\/product\/50262","targetHints":{"allow":["GET"]}}],"collection":[{"href":"https:\/\/totalblue.ro\/de\/wp-json\/wp\/v2\/product"}],"about":[{"href":"https:\/\/totalblue.ro\/de\/wp-json\/wp\/v2\/types\/product"}],"replies":[{"embeddable":true,"href":"https:\/\/totalblue.ro\/de\/wp-json\/wp\/v2\/comments?post=50262"}],"wp:featuredmedia":[{"embeddable":true,"href":"https:\/\/totalblue.ro\/de\/wp-json\/wp\/v2\/media\/50268"}],"wp:attachment":[{"href":"https:\/\/totalblue.ro\/de\/wp-json\/wp\/v2\/media?parent=50262"}],"wp:term":[{"taxonomy":"product_brand","embeddable":true,"href":"https:\/\/totalblue.ro\/de\/wp-json\/wp\/v2\/product_brand?post=50262"},{"taxonomy":"product_cat","embeddable":true,"href":"https:\/\/totalblue.ro\/de\/wp-json\/wp\/v2\/product_cat?post=50262"},{"taxonomy":"giftcard-category","embeddable":true,"href":"https:\/\/totalblue.ro\/de\/wp-json\/wp\/v2\/giftcard-category?post=50262"}],"curies":[{"name":"wp","href":"https:\/\/api.w.org\/{rel}","templated":true}]}}