{"id":50279,"date":"2022-04-21T15:03:06","date_gmt":"2022-04-21T12:03:06","guid":{"rendered":"https:\/\/totalblue.ro\/?post_type=product&#038;p=50279"},"modified":"2025-08-06T13:29:38","modified_gmt":"2025-08-06T10:29:38","slug":"knorr-rinderbruhe-65-liter-glas-130-g","status":"publish","type":"product","link":"https:\/\/totalblue.ro\/de\/produs\/knorr-bouillon-baza-mancare-carne-de-vita-65-litri-borcan-130-g\/","title":{"rendered":"Knorr Bouillon Grundnahrungsmittel - Rindfleisch, 6,5 Liter, 130 g-Glas"},"content":{"rendered":"<p>Zutaten: jodiertes Speisesalz, Zucker, Aromen, St\u00e4rke, Speisesalzersatz, 2% Rindfleischpulver, 1,7% Rinderfett, 1,4% Zwiebel, Karotten, Petersilie, Karottensaft, Speisesalz, Knoblauch, Pfeffer, ED-Mais\u00f6l, Antioxidationsmittel Rosmarinextrakt. Kann glutenhaltiges Getreide, Milch, Ei, Soja und Senf enthalten. Nat\u00fcrliche Zutaten sind mit einem Sternchen gekennzeichnet. Nachhaltig angebaut. Gewonnen aus nat\u00fcrlichen Kaliummineralien.<br \/>\nN\u00e4hrwertangaben \/ 100 g:<br \/>\nEnergie 18 kJ (4 kcal)<br \/>\nFett &lt; 0,5 g, davon ges\u00e4ttigtes Fett &lt; 0,1 g<br \/>\nKohlenhydrate 0,7 g, davon Zucker 0,5 g<br \/>\nBallaststoffe &lt; 0,5 g<br \/>\nEiwei\u00df &lt; 0,5 g<br \/>\nSalz 0,91 g<br \/>\nAllergene: Enth\u00e4lt Staudensellerie. Kann Spuren von Gluten, Milch, Eier, Soja, Senf enthalten.<br \/>\nVor direkter Sonneneinstrahlung sch\u00fctzen.<br \/>\nVerpackung: Tiegel mit Deckel<\/p>\n<p>Mit kochendem Wasser aufgie\u00dfen oder w\u00e4hrend des Kochens hinzuf\u00fcgen. Ein Teel\u00f6ffel in 1\/4 Liter Wasser. Ein Glas ist ausreichend f\u00fcr 6,5 Liter Rinderbr\u00fche. Suppen und Eint\u00f6pfe, Saucen, Fleisch-, Fisch- oder Gem\u00fcsegerichte: Knorr Bouillons sind die ideale Geschmacksbasis f\u00fcr viele Rezeptideen. Schnell, bequem und ohne langes Kochen erhalten Sie eine k\u00f6stliche Br\u00fche.<br \/>\nLeicht getrocknete Zutaten bieten nicht nur als Basis, sondern auch als Gew\u00fcrz einen feinen Geschmack und eignen sich daher hervorragend zum schnellen W\u00fcrzen oder Verfeinern von Speisen.<br \/>\nDie Zusammensetzung ausgew\u00e4hlter hochwertiger Zutaten macht jedes Knorr-Produkt zu etwas Besonderem. Knorr verarbeitet nur Zutaten, die schonend getrocknet werden, denn das Trocknen ist eine der \u00e4ltesten Methoden, Lebensmittel auf nat\u00fcrliche Weise haltbar zu machen.<br \/>\nDa der Geschmack und die N\u00e4hrstoffe frischer Zutaten weitgehend erhalten bleiben, passen Lebensmittel aus getrockneten Zutaten perfekt in unser t\u00e4gliches Leben.<br \/>\nEssen mit Knorr ist einfach und macht zudem ein gutes Gef\u00fchl: \u00dcber 90 Prozent der Zutaten stammen bereits aus nachhaltiger Produktion.<br \/>\nWir bei Knorr sind davon \u00fcberzeugt, dass die Verwendung von nachhaltig angebauten und bezogenen Zutaten einen gro\u00dfen Unterschied f\u00fcr den Geschmack unserer Produkte, das Wohlergehen unserer Landwirte und die Zukunft unseres Planeten bedeutet. Knorr - ein unvergleichliches Geschmackserlebnis!<br \/>\nHergestellt von Unilever Deutschland GmbH, Konsumentenservice, Am Strandkai 1, 20457 Hamburg, Deutschland<br \/>\nEinf\u00fchrer und H\u00e4ndler Total Blue Impex SRL<\/p>\n<div class=\"wrapper-table-responsive m-t-3\"><\/div>","protected":false},"excerpt":{"rendered":"<p>Ingrediente: sare de masa iodata, zahar, arome, amidon, inlocuitor de sare de masa, 2% pudra de vita, 1,7% grasime de vita, 1,4% ceapa, morcovi, patrunjel, suc de morcovi, sare de masa, usturoi, piper, \u200b\u200bulei de porumb ED, \u200b\u200bextract antioxidant de rozmarin. Poate contine cereale care contin gluten, lapte, ou, soia si mustar. Ingredientele naturale sunt [&#8230;]\n","protected":false},"featured_media":50282,"comment_status":"open","ping_status":"closed","template":"","meta":{"_acf_changed":false,"_seopress_robots_primary_cat":"1451","_seopress_titles_title":"","_seopress_titles_desc":"","_seopress_robots_index":""},"product_brand":[1870],"product_cat":[1555,3380,1451,3280,1950,1767],"giftcard-category":[],"class_list":{"0":"post-50279","1":"product","2":"type-product","3":"status-publish","4":"has-post-thumbnail","6":"product_brand-knorr","7":"product_cat-bacanie","8":"product_cat-condimente-sosuri-produse-germania","9":"product_cat-condimente-produse-instant","10":"product_cat-condimente-sosuri","11":"product_cat-produse-germania","12":"product_cat-produse-olanda","14":"first","15":"outofstock","16":"taxable","17":"shipping-taxable","18":"purchasable","19":"product-type-simple"},"acf":[],"_links":{"self":[{"href":"https:\/\/totalblue.ro\/de\/wp-json\/wp\/v2\/product\/50279","targetHints":{"allow":["GET"]}}],"collection":[{"href":"https:\/\/totalblue.ro\/de\/wp-json\/wp\/v2\/product"}],"about":[{"href":"https:\/\/totalblue.ro\/de\/wp-json\/wp\/v2\/types\/product"}],"replies":[{"embeddable":true,"href":"https:\/\/totalblue.ro\/de\/wp-json\/wp\/v2\/comments?post=50279"}],"wp:featuredmedia":[{"embeddable":true,"href":"https:\/\/totalblue.ro\/de\/wp-json\/wp\/v2\/media\/50282"}],"wp:attachment":[{"href":"https:\/\/totalblue.ro\/de\/wp-json\/wp\/v2\/media?parent=50279"}],"wp:term":[{"taxonomy":"product_brand","embeddable":true,"href":"https:\/\/totalblue.ro\/de\/wp-json\/wp\/v2\/product_brand?post=50279"},{"taxonomy":"product_cat","embeddable":true,"href":"https:\/\/totalblue.ro\/de\/wp-json\/wp\/v2\/product_cat?post=50279"},{"taxonomy":"giftcard-category","embeddable":true,"href":"https:\/\/totalblue.ro\/de\/wp-json\/wp\/v2\/giftcard-category?post=50279"}],"curies":[{"name":"wp","href":"https:\/\/api.w.org\/{rel}","templated":true}]}}