{"id":50291,"date":"2022-04-21T15:12:38","date_gmt":"2022-04-21T12:12:38","guid":{"rendered":"https:\/\/totalblue.ro\/?post_type=product&#038;p=50291"},"modified":"2025-08-06T13:23:54","modified_gmt":"2025-08-06T10:23:54","slug":"knorr-bouillon-baza-mancare-delikatess-7-litri-borcan-140-g","status":"publish","type":"product","link":"https:\/\/totalblue.ro\/de\/produs\/knorr-bouillon-baza-mancare-delikatess-7-litri-borcan-140-g\/","title":{"rendered":"Knorr Bouillon baza mancare &#8211; Delikatess, 7 litri, Borcan 140 g"},"content":{"rendered":"<p>Ingrediente: sare iodata, potentiatori de aroma (glutamat monosodic, guanilat disodic, inozinat disodic), ulei de palmier, arome, extract de drojdie, sare, 1,5% ceapa, 0,6% morcovi, 0,4% rosii, 0,3% telina, mirodenii ), ierburi (patrunjel, leustean), concentrat de suc de legume (ceapa, varza), maltodextrina, ulei de floarea soarelui. Poate contine cereale care contin gluten, lapte, ou, soia si mustar. Din cultivare durabila.<br \/>\nAlergeni: Contine telina. Poate contine gluten, ou, soia, lapte si mustar.<\/p>\n<p>N\u00e4hrwertangaben \/ 100 g:<br \/>\nEnergie 19 kJ (5 kcal)<br \/>\nGrasimi &lt; 0.5 g din care grasimi saturate 0.2 g<br \/>\nGlucide &lt; 0,5 g din care zaharuri &lt; 0.5 g<br \/>\nBallaststoffe &lt; 0,5 g<br \/>\nProteine\u00a0 0,5 g<br \/>\nSalz 1,1 g<br \/>\nVor direkter Sonneneinstrahlung sch\u00fctzen.<br \/>\nVerpackung: Glasgef\u00e4\u00df mit Deckel.<\/p>\n<p>Mod de preparare: Se toarna apa clocotita peste sau se adauga in timpul gatitului. O lingurita (5 g) in 250 ml de apa.Continutul unui borcan ajunge pentru 7 litri de baza mancare bouillon de delicatese. Ciorbe si tocanite, sosuri, mancaruri din carne, pe\u0219te sau legume: bulioanele Knorr constituie baza gustativa ideala pentru numeroase idei de re\u021bete. Pute\u021bi ob\u021bine un buliondelicios instantaneu, comod si fara fierbere indelungata.<br \/>\nIngredientele uscate u\u0219or ofera un gust fin nu numai ca baza, ci si ca niste condiment, prin urmare, sunt ideale pentru condimentarea rapida sau rafinarea mancarurilor.<br \/>\nDie Zusammensetzung ausgew\u00e4hlter, hochwertiger Zutaten macht jedes Knorr-Produkt zu etwas Besonderem. Knorr verarbeitet nur Zutaten, die schonend getrocknet werden, denn das Trocknen ist eine der \u00e4ltesten Methoden, Lebensmittel nat\u00fcrlich haltbar zu machen.<br \/>\nDa der Geschmack und die N\u00e4hrstoffe frischer Zutaten weitgehend erhalten bleiben, passen Lebensmittel aus getrockneten Zutaten perfekt in unser t\u00e4gliches Leben.<br \/>\nEssen mit Knorr ist einfach und macht zudem ein gutes Gef\u00fchl: \u00dcber 90 Prozent der Zutaten stammen bereits aus nachhaltigen Quellen.<br \/>\nWir bei Knorr sind davon \u00fcberzeugt, dass die Verwendung von nachhaltig angebauten und bezogenen Zutaten einen gro\u00dfen Unterschied f\u00fcr den Geschmack unserer Produkte, das Wohlergehen unserer Landwirte und die Zukunft unseres Planeten bedeutet. Knorr - ein unvergleichliches Geschmackserlebnis!<br \/>\nHergestellt von Unilever Deutschland GmbH, Konsumentenservice, Am Strandkai 1, 20457 Hamburg, Deutschland<br \/>\nEinf\u00fchrer und H\u00e4ndler Total Blue Impex SRL<\/p>\n<div class=\"wrapper-table-responsive m-t-3\"><a href=\"https:\/\/totalblue.ro\/wp-content\/uploads\/2021\/02\/vegetarian.jpeg\"><img loading=\"lazy\" decoding=\"async\" class=\"alignnone wp-image-27413\" src=\"https:\/\/totalblue.ro\/wp-content\/uploads\/2021\/02\/vegetarian.jpeg\" alt=\"\" width=\"91\" height=\"91\" srcset=\"https:\/\/totalblue.ro\/wp-content\/uploads\/2021\/02\/vegetarian.jpeg 225w, https:\/\/totalblue.ro\/wp-content\/uploads\/2021\/02\/vegetarian-100x100.jpeg 100w\" sizes=\"auto, (max-width: 91px) 100vw, 91px\" \/><\/a><\/div>","protected":false},"excerpt":{"rendered":"<p>Ingrediente: sare iodata, potentiatori de aroma (glutamat monosodic, guanilat disodic, inozinat disodic), ulei de palmier, arome, extract de drojdie, sare, 1,5% ceapa, 0,6% morcovi, 0,4% rosii, 0,3% telina, mirodenii ), ierburi (patrunjel, leustean), concentrat de suc de legume (ceapa, varza), maltodextrina, ulei de floarea soarelui. Poate contine cereale care contin gluten, lapte, ou, soia si [&#8230;]\n","protected":false},"featured_media":50293,"comment_status":"open","ping_status":"closed","template":"","meta":{"_acf_changed":false,"_seopress_robots_primary_cat":"1451","_seopress_titles_title":"","_seopress_titles_desc":"","_seopress_robots_index":""},"product_brand":[1870],"product_cat":[1555,3280,3380,1451,1950,1767],"giftcard-category":[],"class_list":{"0":"post-50291","1":"product","2":"type-product","3":"status-publish","4":"has-post-thumbnail","6":"product_brand-knorr","7":"product_cat-bacanie","8":"product_cat-condimente-sosuri","9":"product_cat-condimente-sosuri-produse-germania","10":"product_cat-condimente-produse-instant","11":"product_cat-produse-germania","12":"product_cat-produse-olanda","14":"first","15":"outofstock","16":"taxable","17":"shipping-taxable","18":"purchasable","19":"product-type-simple"},"acf":[],"_links":{"self":[{"href":"https:\/\/totalblue.ro\/de\/wp-json\/wp\/v2\/product\/50291","targetHints":{"allow":["GET"]}}],"collection":[{"href":"https:\/\/totalblue.ro\/de\/wp-json\/wp\/v2\/product"}],"about":[{"href":"https:\/\/totalblue.ro\/de\/wp-json\/wp\/v2\/types\/product"}],"replies":[{"embeddable":true,"href":"https:\/\/totalblue.ro\/de\/wp-json\/wp\/v2\/comments?post=50291"}],"wp:featuredmedia":[{"embeddable":true,"href":"https:\/\/totalblue.ro\/de\/wp-json\/wp\/v2\/media\/50293"}],"wp:attachment":[{"href":"https:\/\/totalblue.ro\/de\/wp-json\/wp\/v2\/media?parent=50291"}],"wp:term":[{"taxonomy":"product_brand","embeddable":true,"href":"https:\/\/totalblue.ro\/de\/wp-json\/wp\/v2\/product_brand?post=50291"},{"taxonomy":"product_cat","embeddable":true,"href":"https:\/\/totalblue.ro\/de\/wp-json\/wp\/v2\/product_cat?post=50291"},{"taxonomy":"giftcard-category","embeddable":true,"href":"https:\/\/totalblue.ro\/de\/wp-json\/wp\/v2\/giftcard-category?post=50291"}],"curies":[{"name":"wp","href":"https:\/\/api.w.org\/{rel}","templated":true}]}}