{"id":50549,"date":"2022-04-26T15:07:23","date_gmt":"2022-04-26T12:07:23","guid":{"rendered":"https:\/\/totalblue.ro\/?post_type=product&#038;p=50549"},"modified":"2025-08-01T11:58:13","modified_gmt":"2025-08-01T08:58:13","slug":"knorr-pasta-snack-rahm-sos-62g","status":"publish","type":"product","link":"https:\/\/totalblue.ro\/de\/produs\/knorr-pasta-snack-rahm-sos-62g\/","title":{"rendered":"Knorr Pasta Snack Rahm sos 62g"},"content":{"rendered":"<p>Knorr Pasta Snack Rahm sos 62g<\/p>\n<p>Art der Zubereitung \/ Gebrauchsanweisung:<br \/>\n1. \u00d6ffnen Sie den Deckel.<br \/>\n2. Gie\u00dfen Sie kochendes Wasser bis zur Markierung.<br \/>\n3. Gut mischen und den Deckel wieder schlie\u00dfen.<br \/>\n4. Lasa pastele sa absoarba apa 5 minute.<br \/>\n5. Nochmals gut mischen.<br \/>\n6. Fertig! Ein schneller und leckerer Snack!<br \/>\n<strong>Inhaltsstoff:<\/strong>57% paste (grau dur, albus de ou), 12,5% pudra smantana, amidon, arome (cu grau, orz), ulei de floarea soarelui, pudra de pasta de rosii, sirop de glucoza, lactoza, 1% morcov, 0,4% ceapa primavara , usturoi, turmeric, 0,3% arpagic, patrunjel, inlocuitor de sare de gatit4, ceapa, proteine de lapte, sare de masa iodata, concentrat de suc de ceapa, extract de drojdie. Poate contine urme de soia, telina si mustar. Din cultivare durabila. Obtinut din minerale naturale de potasiu.<br \/>\n<strong>Allergene:<\/strong>Contine gluten, ou si lapte. Poate contine soia, telina si mustar.<br \/>\nAn einem k\u00fchlen, trockenen Ort aufbewahren.<br \/>\n<strong>N\u00e4hrwertangaben \/ 100g:<\/strong><br \/>\nEnergie (kJ\/kcal) 441 kJ\/105 kcal<br \/>\nGrasimi 2,8 g din care acizi grasi saturati 1,1 g<br \/>\nCarbohidrati 16 g din care zahar 2,5 g<br \/>\nFibre alimentare 0,7 g<br \/>\nProteine \u200b\u200b3,3 g<br \/>\nSare 0,74 g<br \/>\nHerkunftsland: Deutschland<br \/>\nHersteller Unilever Deutschland, Postfach 570 237, 22771 Hamburg<br \/>\n*Produktrezepturen sind freibleibend. Die hier gemachten Angaben beziehen sich auf das aktuell g\u00fcltige deutsche Sortiment und werden regelm\u00e4\u00dfig aktualisiert. Bei Rezeptur\u00e4nderungen sind Produkte mit der alten und der neuen Rezeptur in den Gesch\u00e4ften zu finden. Der K\u00e4ufer sollte daher immer alle Informationen auf der Verpackung sorgf\u00e4ltig lesen. Dies gilt insbesondere f\u00fcr die Liste der Zutaten, um Unvertr\u00e4glichkeiten zu ber\u00fccksichtigen.<\/p>","protected":false},"excerpt":{"rendered":"<p>Knorr Pasta Snack Rahm sos 62g Mod de preparare \/ Mod de utilizare: 1. Deschide\u021bi capacul. 2. Se toarn\u0103 apa clocotita pana la semn. 3. Se amesteca bine \u0219i se inchide din nou capacul. 4. Lasa pastele sa absoarba apa 5 minute. 5. Se amestec\u0103 din nou bine. 6. Gata ! Un snack rapid si [&#8230;]\n","protected":false},"featured_media":50551,"comment_status":"open","ping_status":"closed","template":"","meta":{"_acf_changed":false,"_seopress_robots_primary_cat":"1950","_seopress_titles_title":"","_seopress_titles_desc":"","_seopress_robots_index":""},"product_brand":[1870],"product_cat":[1555,1683,3272,3372,3428,3328,1950,1767,1954],"giftcard-category":[],"class_list":{"0":"post-50549","1":"product","2":"type-product","3":"status-publish","4":"has-post-thumbnail","6":"product_brand-knorr","7":"product_cat-bacanie","8":"product_cat-conserve-mancare-gatita","9":"product_cat-conserve","10":"product_cat-conserve-produse-germania","11":"product_cat-paste-orez-ulei-otet-produse-germania","12":"product_cat-paste-orez-ulei-otet","13":"product_cat-produse-germania","14":"product_cat-produse-olanda","15":"product_cat-semipreparate","17":"first","18":"outofstock","19":"taxable","20":"shipping-taxable","21":"purchasable","22":"product-type-simple"},"acf":[],"_links":{"self":[{"href":"https:\/\/totalblue.ro\/de\/wp-json\/wp\/v2\/product\/50549","targetHints":{"allow":["GET"]}}],"collection":[{"href":"https:\/\/totalblue.ro\/de\/wp-json\/wp\/v2\/product"}],"about":[{"href":"https:\/\/totalblue.ro\/de\/wp-json\/wp\/v2\/types\/product"}],"replies":[{"embeddable":true,"href":"https:\/\/totalblue.ro\/de\/wp-json\/wp\/v2\/comments?post=50549"}],"wp:featuredmedia":[{"embeddable":true,"href":"https:\/\/totalblue.ro\/de\/wp-json\/wp\/v2\/media\/50551"}],"wp:attachment":[{"href":"https:\/\/totalblue.ro\/de\/wp-json\/wp\/v2\/media?parent=50549"}],"wp:term":[{"taxonomy":"product_brand","embeddable":true,"href":"https:\/\/totalblue.ro\/de\/wp-json\/wp\/v2\/product_brand?post=50549"},{"taxonomy":"product_cat","embeddable":true,"href":"https:\/\/totalblue.ro\/de\/wp-json\/wp\/v2\/product_cat?post=50549"},{"taxonomy":"giftcard-category","embeddable":true,"href":"https:\/\/totalblue.ro\/de\/wp-json\/wp\/v2\/giftcard-category?post=50549"}],"curies":[{"name":"wp","href":"https:\/\/api.w.org\/{rel}","templated":true}]}}