{"id":50616,"date":"2022-04-27T08:53:06","date_gmt":"2022-04-27T05:53:06","guid":{"rendered":"https:\/\/totalblue.ro\/?post_type=product&#038;p=50616"},"modified":"2024-02-13T11:54:16","modified_gmt":"2024-02-13T09:54:16","slug":"schwartau-mic-dejun-dulceata-extra-de-visine-vegan-340-g-import-germania","status":"publish","type":"product","link":"https:\/\/totalblue.ro\/de\/produs\/schwartau-mic-dejun-dulceata-extra-de-visine-vegan-340-g-import-germania\/","title":{"rendered":"Schwartau Fr\u00fchst\u00fcck Extra S\u00fc\u00dfe Kirsche Kirschkonfit\u00fcre 340 g, Import aus Deutschland"},"content":{"rendered":"<p>Ingrediente: visine, zahar, concentrat de suc de lamaie, gelifiant pectina.<br \/>\nIn ciuda grijei cu care sunt scosi samburi, unii samburi de fructe pot ramane in gem.<br \/>\nNu contine alergeni care necesita etichetare.<\/p>\n<p><strong>Lagerungsbedingungen:<\/strong> Trocken, k\u00fchl und vor direkter Sonneneinstrahlung gesch\u00fctzt lagern. Verzehrsdatum: siehe Verpackung.<br \/>\nAufmachung: Glasgef\u00e4\u00df mit Deckel<\/p>\n<p>N\u00e4hrwertangaben pro 100 g:<br \/>\nEnergie 968 kJ \/ 228 kcal<br \/>\nFett 0,3 g, davon ges\u00e4ttigte Fetts\u00e4uren 0,1 g<br \/>\nGlucide 54,6 g din care zaharuri 54,4 g<br \/>\nAlbus de ou 0,5 g<br \/>\nSare 0,03 g<br \/>\nFibre alimentare 1,0 g<\/p>\n<p>Produziert von Schwartauer Werke GmbH &amp; Co. KGaA. L\u00fcbecker Str. 49-55, 23611 Bad Schwartau<br \/>\nEinf\u00fchrer und H\u00e4ndler Total Blue Impex SRL<\/p>\n<p>&nbsp;<\/p>","protected":false},"excerpt":{"rendered":"<p>Ingrediente: visine, zahar, concentrat de suc de lamaie, gelifiant pectina. In ciuda grijei cu care sunt scosi samburi, unii samburi de fructe pot ramane in gem. Nu contine alergeni care necesita etichetare. Conditii de pastrare: A se pastra la loc uscat si racoros, ferit de actiunea directa a soarelui. A se consuma inainte de: vezi [&#8230;]\n","protected":false},"featured_media":50618,"comment_status":"open","ping_status":"closed","template":"","meta":{"_acf_changed":false,"_seopress_robots_primary_cat":"none","_seopress_titles_title":"","_seopress_titles_desc":"","_seopress_robots_index":""},"product_brand":[4668],"product_cat":[1555,3436,7021,3338,3304,3404,1950,1767],"giftcard-category":[],"class_list":{"0":"post-50616","1":"product","2":"type-product","3":"status-publish","4":"has-post-thumbnail","6":"product_brand-schwartau","7":"product_cat-bacanie","8":"product_cat-dulciuri-snacks-produse-germania","9":"product_cat-dulciuri-snacks","10":"product_cat-dulciuri-snacksuri","11":"product_cat-mic-dejun-produse-olanda","12":"product_cat-mic-dejun-produse-germania","13":"product_cat-produse-germania","14":"product_cat-produse-olanda","16":"first","17":"outofstock","18":"taxable","19":"shipping-taxable","20":"purchasable","21":"product-type-simple"},"acf":[],"_links":{"self":[{"href":"https:\/\/totalblue.ro\/de\/wp-json\/wp\/v2\/product\/50616","targetHints":{"allow":["GET"]}}],"collection":[{"href":"https:\/\/totalblue.ro\/de\/wp-json\/wp\/v2\/product"}],"about":[{"href":"https:\/\/totalblue.ro\/de\/wp-json\/wp\/v2\/types\/product"}],"replies":[{"embeddable":true,"href":"https:\/\/totalblue.ro\/de\/wp-json\/wp\/v2\/comments?post=50616"}],"wp:featuredmedia":[{"embeddable":true,"href":"https:\/\/totalblue.ro\/de\/wp-json\/wp\/v2\/media\/50618"}],"wp:attachment":[{"href":"https:\/\/totalblue.ro\/de\/wp-json\/wp\/v2\/media?parent=50616"}],"wp:term":[{"taxonomy":"product_brand","embeddable":true,"href":"https:\/\/totalblue.ro\/de\/wp-json\/wp\/v2\/product_brand?post=50616"},{"taxonomy":"product_cat","embeddable":true,"href":"https:\/\/totalblue.ro\/de\/wp-json\/wp\/v2\/product_cat?post=50616"},{"taxonomy":"giftcard-category","embeddable":true,"href":"https:\/\/totalblue.ro\/de\/wp-json\/wp\/v2\/giftcard-category?post=50616"}],"curies":[{"name":"wp","href":"https:\/\/api.w.org\/{rel}","templated":true}]}}