{"id":50631,"date":"2022-04-27T09:07:56","date_gmt":"2022-04-27T06:07:56","guid":{"rendered":"https:\/\/totalblue.ro\/?post_type=product&#038;p=50631"},"modified":"2023-07-14T15:23:44","modified_gmt":"2023-07-14T12:23:44","slug":"schwartau-mic-dejun-dulceata-extra-de-coacaze-rosii-vegan-340-g-import-germania","status":"publish","type":"product","link":"https:\/\/totalblue.ro\/de\/produs\/schwartau-mic-dejun-dulceata-extra-de-coacaze-rosii-vegan-340-g-import-germania\/","title":{"rendered":"Schwartau Fr\u00fchst\u00fcck Johannisbeerkonfit\u00fcre extra s\u00fc\u00df, vegan 340 g, Import aus Deutschland"},"content":{"rendered":"<p>Ingrediente: zahar, coacaze rosii, gelifiant pectina, concentrat de suc de lamaie.<br \/>\nNu contine alergeni care necesita etichetare.<br \/>\nOhne Zusatz von Konservierungsstoffen<br \/>\nFara adaos de coloranti<br \/>\nFara adaos de arome<br \/>\nVegetarische Produkte<\/p>\n<p><strong>Lagerungsbedingungen:<\/strong> Trocken, k\u00fchl und vor direkter Sonneneinstrahlung gesch\u00fctzt lagern. Verzehrsdatum: siehe Verpackung.<br \/>\nAufmachung: Glasgef\u00e4\u00df mit Deckel<\/p>\n<p>N\u00e4hrwertangaben pro 100 g:<br \/>\nEnergie 948 kJ \/ 223 kcal<br \/>\nGrasimi 0,1 g din care acizi grasi saturati 0,0 g<br \/>\nCarbohidrati 53,1 g din care zahar 53,0 g<br \/>\nFibre alimentare 2,0 g proteine \u200b\u200b0,6 g<br \/>\nSare 0,03 g<\/p>\n<p>Produziert von Schwartauer Werke GmbH &amp; Co. KGaA. L\u00fcbecker Str. 49-55, 23611 Bad Schwartau<br \/>\nEinf\u00fchrer und H\u00e4ndler Total Blue Impex SRL<\/p>\n<p>&nbsp;<\/p>","protected":false},"excerpt":{"rendered":"<p>Ingrediente: zahar, coacaze rosii, gelifiant pectina, concentrat de suc de lamaie. Nu contine alergeni care necesita etichetare. Fara adaos de conservanti Fara adaos de coloranti Fara adaos de arome Produs Vegetarian Conditii de pastrare: A se pastra la loc uscat si racoros, ferit de actiunea directa a soarelui. A se consuma inainte de: vezi pe [&#8230;]\n","protected":false},"featured_media":50634,"comment_status":"open","ping_status":"closed","template":"","meta":{"_acf_changed":false,"_seopress_robots_primary_cat":"none","_seopress_titles_title":"Schwartau Mic Dejun Dulceata Extra de Coacaze Rosii Germania","_seopress_titles_desc":"Cauti Schwartau Mic Dejun Dulceata Extra de Coacaze Rosii Germania ? Cumpara acum dulceata coacaze rosii , gem de coacaze rosii Germania","_seopress_robots_index":""},"product_brand":[4668],"product_cat":[1555,1506,3304,3404,1950,1767],"giftcard-category":[],"class_list":{"0":"post-50631","1":"product","2":"type-product","3":"status-publish","4":"has-post-thumbnail","6":"product_brand-schwartau","7":"product_cat-bacanie","8":"product_cat-cafea-ceai-mic-dejun","9":"product_cat-mic-dejun-produse-olanda","10":"product_cat-mic-dejun-produse-germania","11":"product_cat-produse-germania","12":"product_cat-produse-olanda","14":"first","15":"outofstock","16":"taxable","17":"shipping-taxable","18":"purchasable","19":"product-type-simple"},"acf":[],"_links":{"self":[{"href":"https:\/\/totalblue.ro\/de\/wp-json\/wp\/v2\/product\/50631","targetHints":{"allow":["GET"]}}],"collection":[{"href":"https:\/\/totalblue.ro\/de\/wp-json\/wp\/v2\/product"}],"about":[{"href":"https:\/\/totalblue.ro\/de\/wp-json\/wp\/v2\/types\/product"}],"replies":[{"embeddable":true,"href":"https:\/\/totalblue.ro\/de\/wp-json\/wp\/v2\/comments?post=50631"}],"wp:featuredmedia":[{"embeddable":true,"href":"https:\/\/totalblue.ro\/de\/wp-json\/wp\/v2\/media\/50634"}],"wp:attachment":[{"href":"https:\/\/totalblue.ro\/de\/wp-json\/wp\/v2\/media?parent=50631"}],"wp:term":[{"taxonomy":"product_brand","embeddable":true,"href":"https:\/\/totalblue.ro\/de\/wp-json\/wp\/v2\/product_brand?post=50631"},{"taxonomy":"product_cat","embeddable":true,"href":"https:\/\/totalblue.ro\/de\/wp-json\/wp\/v2\/product_cat?post=50631"},{"taxonomy":"giftcard-category","embeddable":true,"href":"https:\/\/totalblue.ro\/de\/wp-json\/wp\/v2\/giftcard-category?post=50631"}],"curies":[{"name":"wp","href":"https:\/\/api.w.org\/{rel}","templated":true}]}}